{"id":260077,"date":"2023-11-18T20:28:04","date_gmt":"2023-11-18T19:28:04","guid":{"rendered":"https:\/\/www.moskito.cz\/produkt\/vystrelovaci-noz-microtech-ultratech-tactical-signature-series-122-1frgtods\/"},"modified":"2025-05-07T10:54:15","modified_gmt":"2025-05-07T09:54:15","slug":"vystrelovaci-noz-microtech-ultratech-tactical-signature-series-122-1frgtods","status":"publish","type":"product","link":"https:\/\/www.moskito.cz\/sk\/produkt\/vystrelovaci-noz-microtech-ultratech-tactical-signature-series-122-1frgtods\/","title":{"rendered":"Vystre\u013eovac\u00ed N\u00f4\u017e Microtech Ultratech Tactical Signature Series 122-1FRGTODS"},"content":{"rendered":"<p>Vystre\u013eovac\u00ed N\u00f4\u017e <strong>Microtech<\/strong> Ultratech Tactical Signature Series 122-1FRGTODS<\/p>\n<p>Ultratech od Microtechu je jedn\u00fdm z ich najob\u013e\u00fabenej\u0161\u00edch modelov, rozhodne poskytuje najv\u00e4\u010d\u0161iu ranu za peniaze. Nav\u017edy nastav\u00ed \u0161tandard pre v\u0161etky predn\u00e9 no\u017ee. Ultratech je origin\u00e1lny dvoj\u010dinn\u00fd predn\u00fd n\u00f4\u017e Microtech a bol z\u00e1kladom cel\u00e9ho radu OTF. V priebehu rokov pre\u0161iel nieko\u013ek\u00fdmi \u00fapravami, zaka\u017ed\u00fdm sa stal \u00fa\u010dinnej\u0161\u00edm a spo\u013eahlivej\u0161\u00edm. Pru\u017eina Ultratechu zost\u00e1va v \u201ek\u013eudovej\u201c polohe po cel\u00fa dobu, s v\u00fdnimkou roztiahnutia. T\u00fdm je zaisten\u00e9, \u017ee sa stla\u010den\u00e1 pru\u017eina neunav\u00ed, \u010do pou\u017e\u00edvate\u013eom zais\u0165uje, \u017ee ke\u010f je n\u00f4\u017e vystrelen\u00fd, bude fungova\u0165 efekt\u00edvne. \u013dahk\u00fd n\u00f4\u017e Ultratech s mo\u017enos\u0165ou otv\u00e1rania a zatv\u00e1rania jednou rukou, tenk\u00fd tvar a ostr\u00e1 \u010depe\u013e na skalpel z neho robia jedine\u010dn\u00fd n\u00f4\u017e!<\/p>\n<p>Tento model radu Signature m\u00e1 OD Green Frag G-10 Top a \u010dierne hlin\u00edkov\u00e9 stupnice zadnej rukov\u00e4te. \u010cepe\u013e d\u00fdky z nerezovej ocele M390 v \u010diernom preveden\u00ed so \u0161tandardn\u00fdmi ostriami. \u010cierne prevedenie, otvor pre \u0161n\u00farku, rozb\u00edja\u010d skla a spona na vrecko. Klip obsahuje logo Microtech claw, logo Signature Series, s\u00e9riov\u00e9 \u010d\u00edslo a d\u00e1tum v\u00fdroby.<\/p>\n<p>\u0160PECIFIK\u00c1CIA:<br \/>\nKrajina p\u00f4vodu: USA<br \/>\nD\u00e1tum p\u00f4vodu: 2023<br \/>\nStav: \u00daplne nov\u00fd<br \/>\nMateri\u00e1l rukov\u00e4te: G10\/hlin\u00edk<br \/>\nMateri\u00e1l \u010depele: M390<br \/>\n\u0160t\u00fdl \u010depele: D\u00fdka s dvojitou hranou<br \/>\nPovrchov\u00e1 \u00faprava \u010depele: \u010cierna<br \/>\nTyp okraja: \u0160tandard<br \/>\nModel\/Vzor: Ultratech<br \/>\nTyp no\u017ea: Dvoj\u010dinn\u00e9 automatick\u00e9 OTF<br \/>\nD\u013a\u017eka v zatvorenom stave: 12.1 cm<br \/>\nD\u013a\u017eka v otvorenom stave: 20.75 cm<\/p>\n<p><iframe title=\"Microtech Combat Troodon Torture Test\" width=\"800\" height=\"450\" src=\"https:\/\/www.youtube.com\/embed\/xE9TeOFYEjg?feature=oembed\" frameborder=\"0\" allow=\"accelerometer; autoplay; clipboard-write; encrypted-media; gyroscope; picture-in-picture; web-share\" allowfullscreen><\/iframe><\/p>\n<p>&nbsp;<\/p>\n","protected":false},"excerpt":{"rendered":"<p><strong>V priebehu rokov Microtech\u00ae Knives naplnil v\u00e1\u0161\u0148ou a zru\u010dnos\u0165ou v\u00fdrobu no\u017eov, a\u017e z nich vytvoril takmer umeleck\u00e9 diela, ktor\u00e9 s\u00fa vrcholom funk\u010dnosti. V\u0161etky diely s\u00fa vyroben\u00e9 v USA.<\/strong><br \/>\n<strong>Na v\u0161etky no\u017ee Microtech je do\u017eivotn\u00e1 z\u00e1ruka.<\/strong><\/p>\n<p><strong>Doprava zadarmo.<\/strong><\/p>\n","protected":false},"featured_media":260066,"comment_status":"open","ping_status":"closed","template":"","meta":[],"pwb-brand":[3200],"product_brand":[],"product_cat":[3186,3197],"product_tag":[3668],"class_list":{"0":"post-260077","1":"product","2":"type-product","3":"status-publish","4":"has-post-thumbnail","6":"pwb-brand-microtech-sk","7":"product_cat-noze-sk","8":"product_cat-vystrelovacie-noze-sk","9":"product_tag-b2b-sk","11":"first","12":"instock","13":"taxable","14":"shipping-taxable","15":"purchasable","16":"product-type-simple"},"brands":[{"id":3200,"name":"Microtech","slug":"microtech-sk"}],"_links":{"self":[{"href":"https:\/\/www.moskito.cz\/sk\/wp-json\/wp\/v2\/product\/260077","targetHints":{"allow":["GET"]}}],"collection":[{"href":"https:\/\/www.moskito.cz\/sk\/wp-json\/wp\/v2\/product"}],"about":[{"href":"https:\/\/www.moskito.cz\/sk\/wp-json\/wp\/v2\/types\/product"}],"replies":[{"embeddable":true,"href":"https:\/\/www.moskito.cz\/sk\/wp-json\/wp\/v2\/comments?post=260077"}],"wp:featuredmedia":[{"embeddable":true,"href":"https:\/\/www.moskito.cz\/sk\/wp-json\/wp\/v2\/media\/260066"}],"wp:attachment":[{"href":"https:\/\/www.moskito.cz\/sk\/wp-json\/wp\/v2\/media?parent=260077"}],"wp:term":[{"taxonomy":"pwb-brand","embeddable":true,"href":"https:\/\/www.moskito.cz\/sk\/wp-json\/wp\/v2\/pwb-brand?post=260077"},{"taxonomy":"product_brand","embeddable":true,"href":"https:\/\/www.moskito.cz\/sk\/wp-json\/wp\/v2\/product_brand?post=260077"},{"taxonomy":"product_cat","embeddable":true,"href":"https:\/\/www.moskito.cz\/sk\/wp-json\/wp\/v2\/product_cat?post=260077"},{"taxonomy":"product_tag","embeddable":true,"href":"https:\/\/www.moskito.cz\/sk\/wp-json\/wp\/v2\/product_tag?post=260077"}],"curies":[{"name":"wp","href":"https:\/\/api.w.org\/{rel}","templated":true}]}}