{"id":260133,"date":"2023-11-19T11:02:00","date_gmt":"2023-11-19T10:02:00","guid":{"rendered":"https:\/\/www.moskito.cz\/produkt\/zatvaraci-noz-zatvaraci-spyderco-leafjumper-k390-c262pblk390\/"},"modified":"2025-05-07T10:54:17","modified_gmt":"2025-05-07T09:54:17","slug":"zatvaraci-noz-zatvaraci-spyderco-leafjumper-k390-c262pblk390","status":"publish","type":"product","link":"https:\/\/www.moskito.cz\/sk\/produkt\/zatvaraci-noz-zatvaraci-spyderco-leafjumper-k390-c262pblk390\/","title":{"rendered":"Zatv\u00e1rac\u00ed N\u00f4\u017e Zatv\u00e1rac\u00ed Spyderco LeafJumper K390 C262PBLK390"},"content":{"rendered":"<p>Clasp Knife Clasp Spyderco LeafJumper K390 C262PBLK390<\/p>\n<p>Inspired by Sal Glesser&#8217;s original RockJumper\u2122 design, the LeafJumper\u2122 is a mid-sized backlock folding knife with a wide, ergonomic handle and a versatile leaf-shaped blade. This elite expression overflows the design of the K390 MICROCLEAN\u00ae blade made of B\u00f6hler-Uddeholm steel. A state-of-the-art tool steel built to withstand the rigors of industrial cutting, punching and punching, K390 offers exceptional strength and edge retention when used on knife blades. The K390 LeafJumper is available in both PlainEdge\u2122 and fully serrated SpyderEdge\u2122 configurations, and its two-way textured glass fiber reinforced nylon (FRN) handle is molded in the distinctive blue color reserved for the elite Spyderco K390 family of knives.<\/p>\n<p>Total length: 19.1 cm<\/p>\n<p>Blade length: 7.8 cm<\/p>\n<p>Steel: K390<\/p>\n<p>Weight: 85 g<\/p>\n<p>Blade thickness: 0.3 cm<\/p>\n<p>Handle: FRN<\/p>\n<p>Origin Japan<\/p>\n","protected":false},"excerpt":{"rendered":"<p>Bohler-Uddeholm developed K390 MICROCLEAN to ensure extreme wear resistance and high strength.<\/p>\n","protected":false},"featured_media":260119,"comment_status":"open","ping_status":"closed","template":"","meta":[],"pwb-brand":[3261],"product_brand":[],"product_cat":[3186,3233],"product_tag":[3668],"class_list":{"0":"post-260133","1":"product","2":"type-product","3":"status-publish","4":"has-post-thumbnail","6":"pwb-brand-zatvaraci-noz-spyderco-endura-flat-ground-gray-frn-c10fpgy","7":"product_cat-noze-sk","8":"product_cat-zatvaracie-noze","9":"product_tag-b2b-sk","11":"first","12":"instock","13":"taxable","14":"shipping-taxable","15":"purchasable","16":"product-type-simple"},"brands":[{"id":3261,"name":"Zatv\u00e1rac\u00ed N\u00f4\u017e Spyderco Endura Flat Ground Gray FRN C10FPGY","slug":"zatvaraci-noz-spyderco-endura-flat-ground-gray-frn-c10fpgy"}],"_links":{"self":[{"href":"https:\/\/www.moskito.cz\/sk\/wp-json\/wp\/v2\/product\/260133","targetHints":{"allow":["GET"]}}],"collection":[{"href":"https:\/\/www.moskito.cz\/sk\/wp-json\/wp\/v2\/product"}],"about":[{"href":"https:\/\/www.moskito.cz\/sk\/wp-json\/wp\/v2\/types\/product"}],"replies":[{"embeddable":true,"href":"https:\/\/www.moskito.cz\/sk\/wp-json\/wp\/v2\/comments?post=260133"}],"wp:featuredmedia":[{"embeddable":true,"href":"https:\/\/www.moskito.cz\/sk\/wp-json\/wp\/v2\/media\/260119"}],"wp:attachment":[{"href":"https:\/\/www.moskito.cz\/sk\/wp-json\/wp\/v2\/media?parent=260133"}],"wp:term":[{"taxonomy":"pwb-brand","embeddable":true,"href":"https:\/\/www.moskito.cz\/sk\/wp-json\/wp\/v2\/pwb-brand?post=260133"},{"taxonomy":"product_brand","embeddable":true,"href":"https:\/\/www.moskito.cz\/sk\/wp-json\/wp\/v2\/product_brand?post=260133"},{"taxonomy":"product_cat","embeddable":true,"href":"https:\/\/www.moskito.cz\/sk\/wp-json\/wp\/v2\/product_cat?post=260133"},{"taxonomy":"product_tag","embeddable":true,"href":"https:\/\/www.moskito.cz\/sk\/wp-json\/wp\/v2\/product_tag?post=260133"}],"curies":[{"name":"wp","href":"https:\/\/api.w.org\/{rel}","templated":true}]}}