{"id":260152,"date":"2023-11-19T11:35:06","date_gmt":"2023-11-19T10:35:06","guid":{"rendered":"https:\/\/www.moskito.cz\/produkt\/spyderco-karahawk-emerson-karambit-c170gbbkp\/"},"modified":"2025-05-07T10:54:18","modified_gmt":"2025-05-07T09:54:18","slug":"spyderco-karahawk-emerson-karambit-c170gbbkp","status":"publish","type":"product","link":"https:\/\/www.moskito.cz\/sk\/produkt\/spyderco-karahawk-emerson-karambit-c170gbbkp\/","title":{"rendered":"Spyderco Karahawk Emerson Karambit C170GBBKP"},"content":{"rendered":"<p>Spyderco Karahawk Emerson Karambit C170GBBKP Folding Knife<\/p>\n<p>All-black C170GBBKP Karahawk je modern\u00e1 zlo\u017een\u00e1 verzia traditional Southeast Asian karambit. Ich blade je vyroben\u00fd z VG10 nerezovej ocele a je vybaven\u00fd anti-reflective coating titanium carbonitride (TiCN). It features both trademark round palice a Emerson otvorenie feature for quick blade akcia a je pripojen\u00fd s vysoko-strength z\u00e1mok. Karahawk grip je kon\u0161truovan\u00fd s texturovan\u00e9 G10 v\u00e1hy a kompletne skeletonizovan\u00e1 nerezov\u00e9 steel inserts, ktor\u00e9 s\u00fa tie\u017e TiCN coated. Podpis kr\u00fa\u017eku je reinforced s G10 insert a allows pre traditional Karambit handling techniques. Ambidextrous\u00fd hourglass clip vykon\u00e1va ambidextrous carry and, ako zvy\u0161ok n\u00f4\u017e hardv\u00e9ru, m\u00e1 upravi\u0165 low-profile black coating.<\/p>\n<p>D\u013a\u017eka \u010depele: 6 cm<br \/>\nD\u013a\u017eka v zatvorenom stave: 11.25 cm<br \/>\nCelkov\u00e1 d\u013a\u017eka: 16.25 cm<br \/>\nMateri\u00e1l \u010depele: VG10 Nerezov\u00e1 oce\u013e<br \/>\n\u0160t\u00fdl \u010depele: Hawkbill<br \/>\nBr\u00fasenie \u010depele: \u0160able<br \/>\nPovrchov\u00e1 \u00faprava \u010depele: sat\u00e9n<br \/>\nOstrie \u010depele: Hladk\u00e9<br \/>\nMateri\u00e1l rukov\u00e4te: G10<br \/>\nFarba rukov\u00e4te: \u010cierna<br \/>\nUzamykac\u00ed mechanizmus: Lockback<br \/>\nVreckov\u00fd klip: Vykl\u00e1panie, \u013eav\u00e9\/prav\u00e9 nosenie<br \/>\n\u010c\u00edslo modelu: C170GBBKP<br \/>\nN\u00e1zov modelu: Karahawk Black Blade<br \/>\nDizajn\u00e9r: Sal Glesser<br \/>\nHmotnos\u0165: 3,8 oz.<br \/>\nVyroben\u00e9 v Japonsku<\/p>\n<p>&nbsp;<\/p>\n","protected":false},"excerpt":{"rendered":"<p>Spyderco Karahawk Emerson Karambit C170GBBKP Folding Knife All-black C170GBBKP Karahawk je modern\u00e1 zlo\u017een\u00e1 verzia traditional Southeast Asian karambit. Ich blade je vyroben\u00fd z VG10 nerezovej ocele a je vybaven\u00fd anti-reflective coating titanium carbonitride (TiCN). It features both trademark round palice a Emerson otvorenie feature for quick blade akcia a je pripojen\u00fd s vysoko-strength z\u00e1mok. Karahawk [&hellip;]<\/p>\n","protected":false},"featured_media":260138,"comment_status":"open","ping_status":"closed","template":"","meta":[],"pwb-brand":[3261],"product_brand":[],"product_cat":[3361,3186,3233],"product_tag":[3668],"class_list":{"0":"post-260152","1":"product","2":"type-product","3":"status-publish","4":"has-post-thumbnail","6":"pwb-brand-zatvaraci-noz-spyderco-endura-flat-ground-gray-frn-c10fpgy","7":"product_cat-karambity-sk","8":"product_cat-noze-sk","9":"product_cat-zatvaracie-noze","10":"product_tag-b2b-sk","12":"first","13":"instock","14":"taxable","15":"shipping-taxable","16":"purchasable","17":"product-type-simple"},"brands":[{"id":3261,"name":"Zatv\u00e1rac\u00ed N\u00f4\u017e Spyderco Endura Flat Ground Gray FRN C10FPGY","slug":"zatvaraci-noz-spyderco-endura-flat-ground-gray-frn-c10fpgy"}],"_links":{"self":[{"href":"https:\/\/www.moskito.cz\/sk\/wp-json\/wp\/v2\/product\/260152","targetHints":{"allow":["GET"]}}],"collection":[{"href":"https:\/\/www.moskito.cz\/sk\/wp-json\/wp\/v2\/product"}],"about":[{"href":"https:\/\/www.moskito.cz\/sk\/wp-json\/wp\/v2\/types\/product"}],"replies":[{"embeddable":true,"href":"https:\/\/www.moskito.cz\/sk\/wp-json\/wp\/v2\/comments?post=260152"}],"wp:featuredmedia":[{"embeddable":true,"href":"https:\/\/www.moskito.cz\/sk\/wp-json\/wp\/v2\/media\/260138"}],"wp:attachment":[{"href":"https:\/\/www.moskito.cz\/sk\/wp-json\/wp\/v2\/media?parent=260152"}],"wp:term":[{"taxonomy":"pwb-brand","embeddable":true,"href":"https:\/\/www.moskito.cz\/sk\/wp-json\/wp\/v2\/pwb-brand?post=260152"},{"taxonomy":"product_brand","embeddable":true,"href":"https:\/\/www.moskito.cz\/sk\/wp-json\/wp\/v2\/product_brand?post=260152"},{"taxonomy":"product_cat","embeddable":true,"href":"https:\/\/www.moskito.cz\/sk\/wp-json\/wp\/v2\/product_cat?post=260152"},{"taxonomy":"product_tag","embeddable":true,"href":"https:\/\/www.moskito.cz\/sk\/wp-json\/wp\/v2\/product_tag?post=260152"}],"curies":[{"name":"wp","href":"https:\/\/api.w.org\/{rel}","templated":true}]}}