{"id":260167,"date":"2023-11-19T12:04:36","date_gmt":"2023-11-19T11:04:36","guid":{"rendered":"https:\/\/www.moskito.cz\/produkt\/zatvaraci-noz-spyderco-salt-2-wharncliffe-c88fswcgr2\/"},"modified":"2025-05-07T10:54:18","modified_gmt":"2025-05-07T09:54:18","slug":"zatvaraci-noz-spyderco-salt-2-wharncliffe-c88fswcgr2","status":"publish","type":"product","link":"https:\/\/www.moskito.cz\/sk\/produkt\/zatvaraci-noz-spyderco-salt-2-wharncliffe-c88fswcgr2\/","title":{"rendered":"Zatv\u00e1rac\u00ed N\u00f4\u017e Spyderco Salt 2 Wharncliffe C88FSWCGR2"},"content":{"rendered":"<p>Zatv\u00e1rac\u00ed N\u00f4\u017e Spyderco Salt 2 Wharncliffe C88FSWCGR2<\/p>\n<p>P\u00f4vodn\u00fd model Salt 2 spolo\u010dnosti Spyderco kombinoval vysoko prepracovan\u00fa ergon\u00f3miu rukov\u00e4te a r\u00f4zne mo\u017enosti nosenia najpred\u00e1vanej\u0161ej platformy Delica 4 s materi\u00e1lmi ultra odoln\u00fdmi proti kor\u00f3zii. T\u00e1to verzia Salt 2 zdv\u00edha latku e\u0161te vy\u0161\u0161ie pridan\u00edm martenzitickej \u010depe\u013eovej ocele LC200N a plne ploch\u00e9ho br\u00fasenia s n\u00edzkym tren\u00edm. Mnoho sk\u00fasen\u00fdch pou\u017e\u00edvate\u013eov no\u017eov prisah\u00e1 na \u010depele v \u0161t\u00fdle Wharncliffe, preto\u017ee ich dokonale rovn\u00e9 rezn\u00e9 hrany pon\u00fakaj\u00fa v\u0161etko od extr\u00e9mneho rezn\u00e9ho v\u00fdkonu a\u017e po presnos\u0165 podobn\u00fa skalpelu. Teraz t\u00e1to v\u0161estrannos\u0165 je tie\u017e neboj\u00e1cne odoln\u00e1 vo\u010di kor\u00f3zii v podobe Salt 2 LC200N Wharncliffe. T\u00e1to kompaktn\u00e1 zlo\u017eka m\u00e1 v\u00fdkonn\u00fa kombin\u00e1ciu pokro\u010dilej ergon\u00f3mie rukov\u00e4te, vysoko trak\u010dn\u00e9 obojsmern\u00e9 text\u00farovanie, robustn\u00fd mechanizmus zadn\u00e9ho z\u00e1mku, \u0161tvorpolohov\u00fa sponu na vreck\u00e1, \u00faplne ploch\u00e9 ostrie LC200N a \u017eiarivo zelen\u00fa farbu rukov\u00e4te. V\u0161etko. Je tie\u017e k dispoz\u00edcii vo form\u00e1te PlainEdge a plne z\u00fabkovan\u00e9ho SpyderEdge.<\/p>\n<p>\u0160pecifik\u00e1cia<br \/>\nD\u013a\u017eka \u010depele: 7.6 cm<br \/>\nD\u013a\u017eka v zavretom stave: 10.8 cm<br \/>\nCelkov\u00e1 d\u013a\u017eka: 18.3 cm<br \/>\nH\u013abka \u010depele: 0,25 cm<br \/>\nMateri\u00e1l \u010depele: LC200N Ultra-kor\u00f3zii odoln\u00e1 ocel<br \/>\nStyl \u010depele: Wharncliffe<br \/>\nBr\u00fasenie \u010depele: Plne ploch\u00e9<br \/>\nPovrchov\u00e1 \u00faprava \u010depele: sat\u00e9n<br \/>\nOstrie \u010depele: Vr\u00fabkovan\u00e9<br \/>\nMateri\u00e1l rukov\u00e4te: FRN<br \/>\nFarba rukov\u00e4te: Zelen\u00e1<br \/>\nUzamykac\u00ed mechanizmus: Lockback<br \/>\nKapesn\u00ed klip: Titan (sklopenie hore\/dole, prav\u00e9\/\u013eav\u00e9 nosenie)<br \/>\n\u010c\u00edslo modelu: C88FSWCGR2<br \/>\nN\u00e1zov modelu: Salt 2 SpyderEdge LC200N Wharncliffe<br \/>\nHmotnos\u0165: 54 g<br \/>\nVyroben\u00e9 v Japonsku<\/p>\n","protected":false},"excerpt":{"rendered":"<p>P\u00f4vodn\u00fd model Salt 2 spolo\u010dnosti Spyderco kombinoval vysoko prepracovan\u00fa ergon\u00f3miu rukov\u00e4te a r\u00f4zne mo\u017enosti nosenia najpred\u00e1vanej\u0161ej platformy Delica 4 s materi\u00e1lmi ultra odoln\u00fdmi proti kor\u00f3zii.<\/p>\n","protected":false},"featured_media":260156,"comment_status":"open","ping_status":"closed","template":"","meta":[],"pwb-brand":[3261],"product_brand":[],"product_cat":[3233,3186],"product_tag":[3668],"class_list":{"0":"post-260167","1":"product","2":"type-product","3":"status-publish","4":"has-post-thumbnail","6":"pwb-brand-zatvaraci-noz-spyderco-endura-flat-ground-gray-frn-c10fpgy","7":"product_cat-zatvaracie-noze","8":"product_cat-noze-sk","9":"product_tag-b2b-sk","11":"first","12":"instock","13":"taxable","14":"shipping-taxable","15":"purchasable","16":"product-type-simple"},"brands":[{"id":3261,"name":"Zatv\u00e1rac\u00ed N\u00f4\u017e Spyderco Endura Flat Ground Gray FRN C10FPGY","slug":"zatvaraci-noz-spyderco-endura-flat-ground-gray-frn-c10fpgy"}],"_links":{"self":[{"href":"https:\/\/www.moskito.cz\/sk\/wp-json\/wp\/v2\/product\/260167","targetHints":{"allow":["GET"]}}],"collection":[{"href":"https:\/\/www.moskito.cz\/sk\/wp-json\/wp\/v2\/product"}],"about":[{"href":"https:\/\/www.moskito.cz\/sk\/wp-json\/wp\/v2\/types\/product"}],"replies":[{"embeddable":true,"href":"https:\/\/www.moskito.cz\/sk\/wp-json\/wp\/v2\/comments?post=260167"}],"wp:featuredmedia":[{"embeddable":true,"href":"https:\/\/www.moskito.cz\/sk\/wp-json\/wp\/v2\/media\/260156"}],"wp:attachment":[{"href":"https:\/\/www.moskito.cz\/sk\/wp-json\/wp\/v2\/media?parent=260167"}],"wp:term":[{"taxonomy":"pwb-brand","embeddable":true,"href":"https:\/\/www.moskito.cz\/sk\/wp-json\/wp\/v2\/pwb-brand?post=260167"},{"taxonomy":"product_brand","embeddable":true,"href":"https:\/\/www.moskito.cz\/sk\/wp-json\/wp\/v2\/product_brand?post=260167"},{"taxonomy":"product_cat","embeddable":true,"href":"https:\/\/www.moskito.cz\/sk\/wp-json\/wp\/v2\/product_cat?post=260167"},{"taxonomy":"product_tag","embeddable":true,"href":"https:\/\/www.moskito.cz\/sk\/wp-json\/wp\/v2\/product_tag?post=260167"}],"curies":[{"name":"wp","href":"https:\/\/api.w.org\/{rel}","templated":true}]}}