{"id":260188,"date":"2023-11-19T12:36:09","date_gmt":"2023-11-19T11:36:09","guid":{"rendered":"https:\/\/www.moskito.cz\/produkt\/zatvaraci-noz-spyderco-uk-penknife-c94pdbl\/"},"modified":"2025-05-07T10:54:19","modified_gmt":"2025-05-07T09:54:19","slug":"zatvaraci-noz-spyderco-uk-penknife-c94pdbl","status":"publish","type":"product","link":"https:\/\/www.moskito.cz\/sk\/produkt\/zatvaraci-noz-spyderco-uk-penknife-c94pdbl\/","title":{"rendered":"Zatv\u00e1rac\u00ed N\u00f4\u017e Spyderco UK Penknife C94PDBL"},"content":{"rendered":"<p>Zatv\u00e1rac\u00ed N\u00f4\u017e Spyderco UK Penknife C94PDBL<\/p>\n<p>\u010eal\u0161\u00ed pr\u00edrastok do rozrastaj\u00facej sa rodiny no\u017eov Spyderco s vysoko v\u00fdkonnou \u010depe\u013eou CPM S110V: UK Penknife Lightweight CPM S110V. UK Penknife, p\u00f4vodne vyvinut\u00fd \u0161peci\u00e1lne pre britsk\u00fd trh s no\u017emi, bol p\u00f4vodn\u00fd SLIPIT \u2013 druh zatv\u00e1racieho no\u017ea, ktor\u00fd kombinuje okr\u00fahly otvor s ochrannou zn\u00e1mkou na otv\u00e1ranie jednou rukou, obojstrann\u00fa dr\u00f4ten\u00fa sponu s hlbok\u00fdm vreckom na pohodln\u00e9 pren\u00e1\u0161anie a z\u00e1rezov\u00fd k\u013ab. neuzamykate\u013en\u00fd pru\u017einov\u00fd mechanizmus. Tieto vlastnosti mu umo\u017e\u0148uj\u00fa pon\u00faka\u0165 rovnako jednoduch\u00e9 pren\u00e1\u0161anie a otv\u00e1ranie jednou rukou ako no\u017ee CLIPIT, ale v pr\u00e1vne povolenom nezamykate\u013enom form\u00e1te v mnoh\u00fdch jurisdikci\u00e1ch. Podrobnosti si pros\u00edm overte vo svojich miestnych z\u00e1konoch o no\u017ei.<\/p>\n<p>CPM S110V je extr\u00e9mne pokro\u010dil\u00e1 nerezov\u00e1 oce\u013e s ultra vysok\u00fdm obsahom uhl\u00edka obohaten\u00e1 o van\u00e1d, ni\u00f3b, molybd\u00e9n a kobalt. Vyr\u00e1ba sa procesom \u010dasticovej metalurgie Crucible na zabezpe\u010denie kvality zlo\u017eenia zliatiny, pon\u00faka vynikaj\u00facu odolnos\u0165 proti opotrebovaniu, odolnos\u0165 proti kor\u00f3zii a kvalitu dr\u017eania ostria v porovnan\u00ed s in\u00fdmi komer\u010dne dostupn\u00fdmi ocelami.<\/p>\n<p>Spyderco tvrdo pracovalo na zvl\u00e1dnut\u00ed procesov pr\u00e1ce s t\u00fdmto n\u00e1ro\u010dn\u00fdm materi\u00e1lom a je hrd\u00e9 na to, \u017ee m\u00f4\u017ee pon\u00faknu\u0165 jeden z naj\u0161ir\u0161\u00edch v\u00fdberov no\u017eov CPM S110V v obore. Toto elitn\u00e9 vyjadrenie britsk\u00e9ho perov\u00e9ho no\u017ea plne vyu\u017e\u00edva pozoruhodn\u00e9 vlastnosti tejto ocele na zabezpe\u010denie v\u00fdnimo\u010dn\u00e9ho rezn\u00e9ho v\u00fdkonu, zachovanie ostria a odolnosti proti kor\u00f3zii. Rovnako ako ostatn\u00ed \u010dlenovia rodiny Spyderco CPM S110V m\u00e1 jeho vstrekovan\u00e1 nylonov\u00e1 rukov\u00e4\u0165 vystu\u017een\u00e1 sklen\u00fdmi vl\u00e1knami s\u00fdtu tmavomodr\u00fa farbu, ktor\u00e1 hrdo oznamuje jej rodokme\u0148. Pokia\u013e h\u013ead\u00e1te maxim\u00e1lny rezn\u00fd v\u00fdkon v neuzamykate\u013enej zlo\u017eke, u\u017e neh\u013eadajte.<\/p>\n<p>\u0160pecifik\u00e1cia<br \/>\nD\u013a\u017eka \u010depele: 7.5 cm<br \/>\nCelkov\u00e1 d\u013a\u017eka: 17.37 cm<br \/>\nMateri\u00e1l \u010depele: CPM S110V Nerezov\u00e1 oce\u013e<br \/>\nPovrchov\u00e1 \u00faprava \u010depele: sat\u00e9n<br \/>\nBr\u00fasenie \u010depele: Plne ploch\u00e9<br \/>\n\u0160t\u00fdl \u010depele: v tvare listu<br \/>\nMateri\u00e1l rukov\u00e4te: Nylon vystu\u017een\u00fd sklen\u00fdmi vl\u00e1knami (FRN)<br \/>\nFarba rukov\u00e4te: tmavo modr\u00e1<br \/>\nVreckov\u00e1 spona: Sklopn\u00e1, \u013eav\u00e1\/prav\u00e1<br \/>\nHmotnos\u0165: 1,7 oz.<br \/>\nVyroben\u00e9 v USA<\/p>\n","protected":false},"excerpt":{"rendered":"<p>\u010eal\u0161\u00ed pr\u00edrastok do rozrastaj\u00facej sa rodiny no\u017eov Spyderco s vysoko v\u00fdkonnou \u010depe\u013eou CPM S110V: UK Penknife Lightweight CPM S110V.<\/p>\n","protected":false},"featured_media":260171,"comment_status":"open","ping_status":"closed","template":"","meta":[],"pwb-brand":[3261],"product_brand":[],"product_cat":[3186,3233],"product_tag":[3668],"class_list":{"0":"post-260188","1":"product","2":"type-product","3":"status-publish","4":"has-post-thumbnail","6":"pwb-brand-zatvaraci-noz-spyderco-endura-flat-ground-gray-frn-c10fpgy","7":"product_cat-noze-sk","8":"product_cat-zatvaracie-noze","9":"product_tag-b2b-sk","11":"first","12":"instock","13":"taxable","14":"shipping-taxable","15":"purchasable","16":"product-type-simple"},"brands":[{"id":3261,"name":"Zatv\u00e1rac\u00ed N\u00f4\u017e Spyderco Endura Flat Ground Gray FRN C10FPGY","slug":"zatvaraci-noz-spyderco-endura-flat-ground-gray-frn-c10fpgy"}],"_links":{"self":[{"href":"https:\/\/www.moskito.cz\/sk\/wp-json\/wp\/v2\/product\/260188","targetHints":{"allow":["GET"]}}],"collection":[{"href":"https:\/\/www.moskito.cz\/sk\/wp-json\/wp\/v2\/product"}],"about":[{"href":"https:\/\/www.moskito.cz\/sk\/wp-json\/wp\/v2\/types\/product"}],"replies":[{"embeddable":true,"href":"https:\/\/www.moskito.cz\/sk\/wp-json\/wp\/v2\/comments?post=260188"}],"wp:featuredmedia":[{"embeddable":true,"href":"https:\/\/www.moskito.cz\/sk\/wp-json\/wp\/v2\/media\/260171"}],"wp:attachment":[{"href":"https:\/\/www.moskito.cz\/sk\/wp-json\/wp\/v2\/media?parent=260188"}],"wp:term":[{"taxonomy":"pwb-brand","embeddable":true,"href":"https:\/\/www.moskito.cz\/sk\/wp-json\/wp\/v2\/pwb-brand?post=260188"},{"taxonomy":"product_brand","embeddable":true,"href":"https:\/\/www.moskito.cz\/sk\/wp-json\/wp\/v2\/product_brand?post=260188"},{"taxonomy":"product_cat","embeddable":true,"href":"https:\/\/www.moskito.cz\/sk\/wp-json\/wp\/v2\/product_cat?post=260188"},{"taxonomy":"product_tag","embeddable":true,"href":"https:\/\/www.moskito.cz\/sk\/wp-json\/wp\/v2\/product_tag?post=260188"}],"curies":[{"name":"wp","href":"https:\/\/api.w.org\/{rel}","templated":true}]}}