{"id":260204,"date":"2023-11-19T14:24:34","date_gmt":"2023-11-19T13:24:34","guid":{"rendered":"https:\/\/www.moskito.cz\/produkt\/zatvaraci-noz-spyderco-salt-2-green-c88fsgr2\/"},"modified":"2025-05-07T10:54:20","modified_gmt":"2025-05-07T09:54:20","slug":"zatvaraci-noz-spyderco-salt-2-green-c88fsgr2","status":"publish","type":"product","link":"https:\/\/www.moskito.cz\/sk\/produkt\/zatvaraci-noz-spyderco-salt-2-green-c88fsgr2\/","title":{"rendered":"Zatv\u00e1rac\u00ed N\u00f4\u017e Spyderco Salt 2 Green C88FSGR2"},"content":{"rendered":"<p>U\u017e viac ako 15 rokov nastavuje rad Salt od Spyderco \u0161tandard v oblasti rezn\u00fdch n\u00e1strojov ultra odoln\u00fdch proti kor\u00f3zii. Ich najnov\u0161ie pr\u00edrastky do tejto mimoriadnej rodiny produktov pos\u00favaj\u00fa t\u00fato latku e\u0161te vy\u0161\u0161ie av bud\u00facnosti ur\u010dite in\u0161piruj\u00fa e\u0161te viac modelov a vari\u00e1ci\u00ed.<\/p>\n<p>\u0160pecifik\u00e1cia<br \/>\nD\u013a\u017eka \u010depele: 7.6 cm<br \/>\nD\u013a\u017eka v zatvorenom stave: 10.8 cm<br \/>\nCelkov\u00e1 d\u013a\u017eka: 18.3 cm<br \/>\nHr\u00fabka \u010depele: 0,25 cm<br \/>\nMateri\u00e1l \u010depele: LC200N Ultra-kor\u00f3zii odoln\u00e1 oce\u013e<br \/>\n\u0160t\u00fdl \u010depele: Sheepfoot<br \/>\nBr\u00fasenie \u010depele: Plne ploch\u00e9<br \/>\nPovrchov\u00e1 \u00faprava \u010depele: sat\u00e9n<br \/>\nOstrie \u010depele: Hladk\u00e9<br \/>\nMateri\u00e1l rukov\u00e4te: FRN<br \/>\nFarba rukov\u00e4te: Zelen\u00e1<br \/>\nUzamykac\u00ed mechanizmus: Lockback<br \/>\nVreckov\u00fd klip: Titan (sklopenie hore\/dole, prav\u00e9\/\u013eav\u00e9 nosenie)<br \/>\n\u010c\u00edslo modelu: C88FSGR2<br \/>\nN\u00e1zov modelu: Salt 2 SpyderEdge LC200N<br \/>\nHmotnos\u0165: 4 g<br \/>\nVyroben\u00e9 v Japonsku<\/p>\n","protected":false},"excerpt":{"rendered":"<p>P\u00f4vodn\u00fd model Salt 2 spolo\u010dnosti Spyderco kombinoval vysoko prepracovan\u00fa ergon\u00f3miu rukov\u00e4te a r\u00f4zne mo\u017enosti nosenia najpred\u00e1vanej\u0161ej platformy Delica 4 s materi\u00e1lmi ultra odoln\u00fdmi proti kor\u00f3zii.<\/p>\n","protected":false},"featured_media":260193,"comment_status":"open","ping_status":"closed","template":"","meta":[],"pwb-brand":[3261],"product_brand":[],"product_cat":[3186,3233],"product_tag":[3668],"class_list":{"0":"post-260204","1":"product","2":"type-product","3":"status-publish","4":"has-post-thumbnail","6":"pwb-brand-zatvaraci-noz-spyderco-endura-flat-ground-gray-frn-c10fpgy","7":"product_cat-noze-sk","8":"product_cat-zatvaracie-noze","9":"product_tag-b2b-sk","11":"first","12":"instock","13":"taxable","14":"shipping-taxable","15":"purchasable","16":"product-type-simple"},"brands":[{"id":3261,"name":"Zatv\u00e1rac\u00ed N\u00f4\u017e Spyderco Endura Flat Ground Gray FRN C10FPGY","slug":"zatvaraci-noz-spyderco-endura-flat-ground-gray-frn-c10fpgy"}],"_links":{"self":[{"href":"https:\/\/www.moskito.cz\/sk\/wp-json\/wp\/v2\/product\/260204","targetHints":{"allow":["GET"]}}],"collection":[{"href":"https:\/\/www.moskito.cz\/sk\/wp-json\/wp\/v2\/product"}],"about":[{"href":"https:\/\/www.moskito.cz\/sk\/wp-json\/wp\/v2\/types\/product"}],"replies":[{"embeddable":true,"href":"https:\/\/www.moskito.cz\/sk\/wp-json\/wp\/v2\/comments?post=260204"}],"wp:featuredmedia":[{"embeddable":true,"href":"https:\/\/www.moskito.cz\/sk\/wp-json\/wp\/v2\/media\/260193"}],"wp:attachment":[{"href":"https:\/\/www.moskito.cz\/sk\/wp-json\/wp\/v2\/media?parent=260204"}],"wp:term":[{"taxonomy":"pwb-brand","embeddable":true,"href":"https:\/\/www.moskito.cz\/sk\/wp-json\/wp\/v2\/pwb-brand?post=260204"},{"taxonomy":"product_brand","embeddable":true,"href":"https:\/\/www.moskito.cz\/sk\/wp-json\/wp\/v2\/product_brand?post=260204"},{"taxonomy":"product_cat","embeddable":true,"href":"https:\/\/www.moskito.cz\/sk\/wp-json\/wp\/v2\/product_cat?post=260204"},{"taxonomy":"product_tag","embeddable":true,"href":"https:\/\/www.moskito.cz\/sk\/wp-json\/wp\/v2\/product_tag?post=260204"}],"curies":[{"name":"wp","href":"https:\/\/api.w.org\/{rel}","templated":true}]}}