{"id":260219,"date":"2023-11-19T14:55:42","date_gmt":"2023-11-19T13:55:42","guid":{"rendered":"https:\/\/www.moskito.cz\/produkt\/zatvaraci-noz-spyderco-lightweight-tenacious-c122sbbk\/"},"modified":"2025-05-07T10:54:20","modified_gmt":"2025-05-07T09:54:20","slug":"zatvaraci-noz-spyderco-lightweight-tenacious-c122sbbk","status":"publish","type":"product","link":"https:\/\/www.moskito.cz\/sk\/produkt\/zatvaraci-noz-spyderco-lightweight-tenacious-c122sbbk\/","title":{"rendered":"Zatv\u00e1rac\u00ed N\u00f4\u017e Spyderco Lightweight Tenacious C122SBBK"},"content":{"rendered":"<p>Zatv\u00e1rac\u00ed N\u00f4\u017e Spyderco Lightweight Tenacious C122SBBK<\/p>\n<p>Tenacious, ktor\u00fd hrdo pon\u00faka v\u0161etky funkcie a v\u00fdhody, ktor\u00e9 definuj\u00fa n\u00f4\u017e Spyderco v cenovo priaznivom balen\u00ed, je u\u017e dlho stredobodom radu hodnotov\u00fdch skladac\u00edch no\u017eov Spyderco. Tenacious Lightweight posunul latku e\u0161te \u010falej a nahradil p\u00f4vodn\u00fa stupnicu G10 vstrekovan\u00fdm nylonom vystu\u017een\u00fdm sklen\u00fdm vl\u00e1knom (FRN), ktor\u00fd zni\u017euje hmotnos\u0165 no\u017ea o takmer 12 percent a prid\u00e1va extr\u00e9mnu istotu \u00fachopu v\u010faka vzoru Bi-Directional Texture spolo\u010dnosti Spyderco. Pre taktick\u00fdch koncov\u00fdch u\u017e\u00edvate\u013eov t\u00e1to verzia tohto \u013eahk\u00e9ho pohonu prid\u00e1va n\u00edzkoprofilov\u00fd \u010dierny oxidov\u00fd povlak \u010depele a zodpovedaj\u00faci \u010dierno potiahnut\u00fd hardv\u00e9r a klip.<\/p>\n<p>\u0160pecifik\u00e1cia<br \/>\nD\u013a\u017eka \u010depele: 8.5 cm<br \/>\nD\u013a\u017eka v zatvorenom stave: 11 cm<br \/>\nCelkov\u00e1 d\u013a\u017eka: 19.42 cm<br \/>\nMateri\u00e1l \u010depele: Nerezov\u00e1 oce\u013e 8Cr13MoV<br \/>\n\u0160t\u00fdl \u010depele: Tvar listu<br \/>\nBr\u00fasenie \u010depele: Plne ploch\u00e9<br \/>\nPovrchov\u00e1 \u00faprava \u010depele: \u010dierny oxid<br \/>\nOstrie \u010depele: Vr\u00fabkovan\u00e9<br \/>\nMateri\u00e1l rukov\u00e4te: FRN<br \/>\nFarba rukov\u00e4te: \u010cierna<br \/>\nUzamykac\u00ed mechanizmus: Liner Lock<br \/>\nVreckov\u00fd klip: Vykl\u00e1panie\/dole, nosenie vpravo\/v\u013eavo<br \/>\n\u010c\u00edslo modelu: C122SBBK<br \/>\nN\u00e1zov modelu: Tenacious Lightweight<br \/>\nHmotnos\u0165: 3,7 oz.<\/p>\n","protected":false},"excerpt":{"rendered":"<p>Tenacious, ktor\u00fd hrdo pon\u00faka v\u0161etky funkcie a v\u00fdhody, ktor\u00e9 definuj\u00fa n\u00f4\u017e Spyderco v cenovo priaznivom balen\u00ed.<\/p>\n","protected":false},"featured_media":260208,"comment_status":"open","ping_status":"closed","template":"","meta":[],"pwb-brand":[3261],"product_brand":[],"product_cat":[3186,3233],"product_tag":[3668],"class_list":{"0":"post-260219","1":"product","2":"type-product","3":"status-publish","4":"has-post-thumbnail","6":"pwb-brand-zatvaraci-noz-spyderco-endura-flat-ground-gray-frn-c10fpgy","7":"product_cat-noze-sk","8":"product_cat-zatvaracie-noze","9":"product_tag-b2b-sk","11":"first","12":"outofstock","13":"taxable","14":"shipping-taxable","15":"purchasable","16":"product-type-simple"},"brands":[{"id":3261,"name":"Zatv\u00e1rac\u00ed N\u00f4\u017e Spyderco Endura Flat Ground Gray FRN C10FPGY","slug":"zatvaraci-noz-spyderco-endura-flat-ground-gray-frn-c10fpgy"}],"_links":{"self":[{"href":"https:\/\/www.moskito.cz\/sk\/wp-json\/wp\/v2\/product\/260219","targetHints":{"allow":["GET"]}}],"collection":[{"href":"https:\/\/www.moskito.cz\/sk\/wp-json\/wp\/v2\/product"}],"about":[{"href":"https:\/\/www.moskito.cz\/sk\/wp-json\/wp\/v2\/types\/product"}],"replies":[{"embeddable":true,"href":"https:\/\/www.moskito.cz\/sk\/wp-json\/wp\/v2\/comments?post=260219"}],"wp:featuredmedia":[{"embeddable":true,"href":"https:\/\/www.moskito.cz\/sk\/wp-json\/wp\/v2\/media\/260208"}],"wp:attachment":[{"href":"https:\/\/www.moskito.cz\/sk\/wp-json\/wp\/v2\/media?parent=260219"}],"wp:term":[{"taxonomy":"pwb-brand","embeddable":true,"href":"https:\/\/www.moskito.cz\/sk\/wp-json\/wp\/v2\/pwb-brand?post=260219"},{"taxonomy":"product_brand","embeddable":true,"href":"https:\/\/www.moskito.cz\/sk\/wp-json\/wp\/v2\/product_brand?post=260219"},{"taxonomy":"product_cat","embeddable":true,"href":"https:\/\/www.moskito.cz\/sk\/wp-json\/wp\/v2\/product_cat?post=260219"},{"taxonomy":"product_tag","embeddable":true,"href":"https:\/\/www.moskito.cz\/sk\/wp-json\/wp\/v2\/product_tag?post=260219"}],"curies":[{"name":"wp","href":"https:\/\/api.w.org\/{rel}","templated":true}]}}