{"id":260253,"date":"2023-11-19T18:09:37","date_gmt":"2023-11-19T17:09:37","guid":{"rendered":"https:\/\/www.moskito.cz\/produkt\/zatvaraci-noz-spyderco-yojimbo-2-compression-lock-c85gpbbk2\/"},"modified":"2025-05-07T10:54:21","modified_gmt":"2025-05-07T09:54:21","slug":"zatvaraci-noz-spyderco-yojimbo-2-compression-lock-c85gpbbk2","status":"publish","type":"product","link":"https:\/\/www.moskito.cz\/sk\/produkt\/zatvaraci-noz-spyderco-yojimbo-2-compression-lock-c85gpbbk2\/","title":{"rendered":"Zatv\u00e1rac\u00ed N\u00f4\u017e Spyderco Yojimbo 2 Compression Lock C85GPBBK2"},"content":{"rendered":"<p>Aj ke\u010f s\u00fa Wharncliffi s taktick\u00fdm t\u00e9mou v dne\u0161nej dobe samozrejmos\u0165ou, evol\u00facia tohto plemena za\u010dala s \u00fasil\u00edm Michaela Janicha, Spyderco a duchom spolupr\u00e1ce a inov\u00e1cie, ktor\u00fd zdie\u013eali u\u017e viac ako 20 rokov.<\/p>\n<p>\u0160pecifik\u00e1cia<br \/>\nD\u013a\u017eka \u010depele: 8 cm<br \/>\nD\u013a\u017eka v zatvorenom stave: 11.22 cm<br \/>\nCelkov\u00e1 d\u013a\u017eka: 19.22 cm<br \/>\nMateri\u00e1l \u010depele: CPM-S30V Nerezov\u00e1 oce\u013e<br \/>\n\u0160t\u00fdl \u010depele: Wharncliffe<br \/>\nBr\u00fasenie \u010depele: Dut\u00e9<br \/>\nPovrchov\u00e1 \u00faprava \u010depele: Black DLC<br \/>\nOstrie \u010depele: Hladk\u00e9<br \/>\nMateri\u00e1l rukov\u00e4te: G10<br \/>\nFarby rukov\u00e4te: \u010cierna<br \/>\nUzamykac\u00ed mechanizmus: Kompresn\u00fd z\u00e1mok<br \/>\nVreckov\u00fd klip: Vykl\u00e1panie\/dole, nosenie vpravo\/v\u013eavo<br \/>\n\u010c\u00edslo modelu: C85GPBBK2<br \/>\nN\u00e1zov modelu: Yojimbo 2<br \/>\nHmotnos\u0165: 4,1 oz.<br \/>\nDizajn\u00e9r: Michael Janich<br \/>\nVyroben\u00e9 v USA<\/p>\n","protected":false},"excerpt":{"rendered":"<p>Ke\u010f Michael Janich pred takmer 20 rokmi navrhoval svoj prv\u00fd n\u00f4\u017e pre Spyderco, v\u00e4\u010d\u0161ina no\u017eov pre osobn\u00fa obranu mala tradi\u010dn\u00e9 profily bojov\u00fdch \u010depel\u00ed, ako s\u00fa hroty kopije, amerikanizovan\u00e1 tanta a vari\u00e1cia na t\u00e9mu Bowie.<\/p>\n","protected":false},"featured_media":260239,"comment_status":"open","ping_status":"closed","template":"","meta":[],"pwb-brand":[3261],"product_brand":[],"product_cat":[3186,3233],"product_tag":[3668],"class_list":{"0":"post-260253","1":"product","2":"type-product","3":"status-publish","4":"has-post-thumbnail","6":"pwb-brand-zatvaraci-noz-spyderco-endura-flat-ground-gray-frn-c10fpgy","7":"product_cat-noze-sk","8":"product_cat-zatvaracie-noze","9":"product_tag-b2b-sk","11":"first","12":"instock","13":"taxable","14":"shipping-taxable","15":"purchasable","16":"product-type-simple"},"brands":[{"id":3261,"name":"Zatv\u00e1rac\u00ed N\u00f4\u017e Spyderco Endura Flat Ground Gray FRN C10FPGY","slug":"zatvaraci-noz-spyderco-endura-flat-ground-gray-frn-c10fpgy"}],"_links":{"self":[{"href":"https:\/\/www.moskito.cz\/sk\/wp-json\/wp\/v2\/product\/260253","targetHints":{"allow":["GET"]}}],"collection":[{"href":"https:\/\/www.moskito.cz\/sk\/wp-json\/wp\/v2\/product"}],"about":[{"href":"https:\/\/www.moskito.cz\/sk\/wp-json\/wp\/v2\/types\/product"}],"replies":[{"embeddable":true,"href":"https:\/\/www.moskito.cz\/sk\/wp-json\/wp\/v2\/comments?post=260253"}],"wp:featuredmedia":[{"embeddable":true,"href":"https:\/\/www.moskito.cz\/sk\/wp-json\/wp\/v2\/media\/260239"}],"wp:attachment":[{"href":"https:\/\/www.moskito.cz\/sk\/wp-json\/wp\/v2\/media?parent=260253"}],"wp:term":[{"taxonomy":"pwb-brand","embeddable":true,"href":"https:\/\/www.moskito.cz\/sk\/wp-json\/wp\/v2\/pwb-brand?post=260253"},{"taxonomy":"product_brand","embeddable":true,"href":"https:\/\/www.moskito.cz\/sk\/wp-json\/wp\/v2\/product_brand?post=260253"},{"taxonomy":"product_cat","embeddable":true,"href":"https:\/\/www.moskito.cz\/sk\/wp-json\/wp\/v2\/product_cat?post=260253"},{"taxonomy":"product_tag","embeddable":true,"href":"https:\/\/www.moskito.cz\/sk\/wp-json\/wp\/v2\/product_tag?post=260253"}],"curies":[{"name":"wp","href":"https:\/\/api.w.org\/{rel}","templated":true}]}}