{"id":260273,"date":"2023-11-19T18:37:46","date_gmt":"2023-11-19T17:37:46","guid":{"rendered":"https:\/\/www.moskito.cz\/produkt\/zatvaraci-noz-spyderco-salt-2-yellow-c88pyl2\/"},"modified":"2025-05-07T10:54:22","modified_gmt":"2025-05-07T09:54:22","slug":"zatvaraci-noz-spyderco-salt-2-yellow-c88pyl2","status":"publish","type":"product","link":"https:\/\/www.moskito.cz\/sk\/produkt\/zatvaraci-noz-spyderco-salt-2-yellow-c88pyl2\/","title":{"rendered":"Zatv\u00e1rac\u00ed N\u00f4\u017e Spyderco Salt 2 Yellow C88PYL2"},"content":{"rendered":"<p>Zatv\u00e1rac\u00ed N\u00f4\u017e Spyderco Salt 2 Yellow C88PYL2<\/p>\n<p>Spyderco Salt 2 vyu\u017e\u00edva v\u0161etky pokro\u010dil\u00e9 funkcie najlep\u0161ieho zatv\u00e1racieho no\u017ea Delica 4 vo svojej triede a prep\u013a\u0148a ich 100% nehrdzavej\u00facou oce\u013eou \u010depele H-1 na b\u00e1ze dus\u00edka, ktor\u00e1 je extr\u00e9mne odoln\u00e1 proti kor\u00f3zii. Jeho \u010depe\u013e s dut\u00fdm br\u00fasen\u00edm je k dispoz\u00edcii s rezn\u00fdmi hranami PlainEdge alebo SpyderEdge a m\u00e1 plne pr\u00edstupn\u00fd okr\u00fahly otvor na obojstrann\u00e9 otv\u00e1ranie jednou rukou. Je sprev\u00e1dzan\u00fd vysoko pevn\u00fdm zadn\u00fdm z\u00e1mkov\u00fdm mechanizmom umiestnen\u00fdm vo vstrekovanej rukov\u00e4ti z nylonu vystu\u017een\u00e9ho sklenen\u00fdmi vl\u00e1knami (FRN). Jasne \u017elt\u00e1 rukov\u00e4\u0165 bez vlo\u017eky m\u00e1 obojsmern\u00fa text\u00faru pre bezpe\u010dn\u00e9 uchopenie vo vode aj mimo nej a \u0161tyri sady z\u00e1vitov\u00fdch vlo\u017eiek na ukotvenie univerz\u00e1lnej, \u0161tvorpolohovej tit\u00e1novej vreckovej spony. \u00daplne obojstrann\u00fd a absol\u00fatne odoln\u00fd vo\u010di kor\u00f3zii, Salt 2 je predur\u010den\u00fd na vytv\u00e1ranie ve\u013ek\u00fdch v\u013an.<\/p>\n<p>\u0160pecifik\u00e1cia<br \/>\nD\u013a\u017eka \u010depele: 7.5 cm<br \/>\nCelkov\u00e1 d\u013a\u017eka: 18.12 cm<br \/>\nMateri\u00e1l \u010depele: H1\/H2 Ultra-kor\u00f3zii odoln\u00e1 oce\u013e*<br \/>\n\u0160t\u00fdl \u010depele: Sheepfoot<br \/>\nBr\u00fasenie \u010depele: Dut\u00e9<br \/>\nPovrchov\u00e1 \u00faprava \u010depele: sat\u00e9n<br \/>\nOstrie \u010depele: Hladk\u00e9<br \/>\nMateri\u00e1l rukov\u00e4te: FRN<br \/>\nFarba rukov\u00e4te: \u017elt\u00e1<br \/>\nUzamykac\u00ed mechanizmus: Lockback<br \/>\nVreckov\u00fd klip: Titan (sklopenie hore\/dole, \u013eav\u00e9\/prav\u00e9 nosenie)<br \/>\n\u010c\u00edslo modelu: C88PYL2<br \/>\nN\u00e1zov modelu: Salt 2 Yellow<br \/>\nHmotnos\u0165: 2,1 oz.<br \/>\nVyroben\u00e9 v Japonsku<\/p>\n","protected":false},"excerpt":{"rendered":"<p>Spyderco Salt 2 vyu\u017e\u00edva v\u0161etky pokro\u010dil\u00e9 funkcie najlep\u0161ieho zatv\u00e1racieho no\u017ea Delica 4 vo svojej triede a prep\u013a\u0148a ich 100% nehrdzavej\u00facou oce\u013eou \u010depele H-1 na b\u00e1ze dus\u00edka, ktor\u00e1 je extr\u00e9mne odoln\u00e1 proti kor\u00f3zii.<\/p>\n","protected":false},"featured_media":260257,"comment_status":"open","ping_status":"closed","template":"","meta":[],"pwb-brand":[3261],"product_brand":[],"product_cat":[3186,3233],"product_tag":[3668],"class_list":{"0":"post-260273","1":"product","2":"type-product","3":"status-publish","4":"has-post-thumbnail","6":"pwb-brand-zatvaraci-noz-spyderco-endura-flat-ground-gray-frn-c10fpgy","7":"product_cat-noze-sk","8":"product_cat-zatvaracie-noze","9":"product_tag-b2b-sk","11":"first","12":"instock","13":"taxable","14":"shipping-taxable","15":"purchasable","16":"product-type-simple"},"brands":[{"id":3261,"name":"Zatv\u00e1rac\u00ed N\u00f4\u017e Spyderco Endura Flat Ground Gray FRN C10FPGY","slug":"zatvaraci-noz-spyderco-endura-flat-ground-gray-frn-c10fpgy"}],"_links":{"self":[{"href":"https:\/\/www.moskito.cz\/sk\/wp-json\/wp\/v2\/product\/260273","targetHints":{"allow":["GET"]}}],"collection":[{"href":"https:\/\/www.moskito.cz\/sk\/wp-json\/wp\/v2\/product"}],"about":[{"href":"https:\/\/www.moskito.cz\/sk\/wp-json\/wp\/v2\/types\/product"}],"replies":[{"embeddable":true,"href":"https:\/\/www.moskito.cz\/sk\/wp-json\/wp\/v2\/comments?post=260273"}],"wp:featuredmedia":[{"embeddable":true,"href":"https:\/\/www.moskito.cz\/sk\/wp-json\/wp\/v2\/media\/260257"}],"wp:attachment":[{"href":"https:\/\/www.moskito.cz\/sk\/wp-json\/wp\/v2\/media?parent=260273"}],"wp:term":[{"taxonomy":"pwb-brand","embeddable":true,"href":"https:\/\/www.moskito.cz\/sk\/wp-json\/wp\/v2\/pwb-brand?post=260273"},{"taxonomy":"product_brand","embeddable":true,"href":"https:\/\/www.moskito.cz\/sk\/wp-json\/wp\/v2\/product_brand?post=260273"},{"taxonomy":"product_cat","embeddable":true,"href":"https:\/\/www.moskito.cz\/sk\/wp-json\/wp\/v2\/product_cat?post=260273"},{"taxonomy":"product_tag","embeddable":true,"href":"https:\/\/www.moskito.cz\/sk\/wp-json\/wp\/v2\/product_tag?post=260273"}],"curies":[{"name":"wp","href":"https:\/\/api.w.org\/{rel}","templated":true}]}}