{"id":260289,"date":"2023-11-19T19:14:13","date_gmt":"2023-11-19T18:14:13","guid":{"rendered":"https:\/\/www.moskito.cz\/produkt\/zatvaraci-noz-spyderco-salt-2-black-c88sbbk2\/"},"modified":"2025-05-07T10:54:23","modified_gmt":"2025-05-07T09:54:23","slug":"zatvaraci-noz-spyderco-salt-2-black-c88sbbk2","status":"publish","type":"product","link":"https:\/\/www.moskito.cz\/sk\/produkt\/zatvaraci-noz-spyderco-salt-2-black-c88sbbk2\/","title":{"rendered":"Zatv\u00e1rac\u00ed N\u00f4\u017e Spyderco Salt 2 Black C88SBBK2"},"content":{"rendered":"<p>Zatv\u00e1rac\u00ed N\u00f4\u017e Spyderco Salt 2 Black C88SBBK2<\/p>\n<p>Spyderco Salt 1 bol rezn\u00fdm n\u00e1strojom, ktor\u00fd si zvolilo mnoho p\u00fatav\u00fdch profesion\u00e1lov. Spyderco Salt 2 vyu\u017e\u00edva v\u0161etky pokro\u010dil\u00e9 funkcie najlep\u0161ieho zatv\u00e1racieho no\u017ea Delica 4 vo svojej triede a prep\u013a\u0148a ich 100% nehrdzavej\u00facou oce\u013eou \u010depele H-1 na b\u00e1ze dus\u00edka, ktor\u00e1 je extr\u00e9mne odoln\u00e1 proti kor\u00f3zii. All-black Salt 2 nielen\u017ee prekon\u00e1va schopnosti svojho predchodcu vylep\u0161enou ergon\u00f3miou, vylep\u0161enou text\u00farou \u00fachopu a \u0161tvorpolohovou sponou na vreck\u00e1, to v\u0161etko rob\u00ed pri zachovan\u00ed v\u00fdnimo\u010dne n\u00edzkeho profilu. Nereflexn\u00e1 \u010dierna vrstva karbonitridu tit\u00e1nu na \u010depeli a zais\u0165ovacej ty\u010di prakticky eliminuje jej reflexn\u00fd podpis a rob\u00ed ju ide\u00e1lnou pre \u0161pecializovan\u00e9 aplik\u00e1cie. \u017diadna hrdza, \u017eiadny odraz, \u017eiadny probl\u00e9m.<\/p>\n<p>\u0160pecifik\u00e1cia<br \/>\nD\u013a\u017eka \u010depele: 7.5 cm<br \/>\nCelkov\u00e1 d\u013a\u017eka: 18.12 cm<br \/>\nMateri\u00e1l \u010depele: H-1 Ultra-kor\u00f3zii odoln\u00e1 oce\u013e<br \/>\n\u0160t\u00fdl \u010depele: Sheepfoot<br \/>\nBr\u00fasenie \u010depele: Dut\u00e9<br \/>\nPovrchov\u00e1 \u00faprava \u010depele: \u010dierna<br \/>\nOstrie \u010depele: Vr\u00fabkovan\u00e9<br \/>\nMateri\u00e1l rukov\u00e4te: FRN<br \/>\nFarba rukov\u00e4te: \u010cierna<br \/>\nUzamykac\u00ed mechanizmus: Lockback<br \/>\nVreckov\u00fd klip: Titan (sklopenie hore\/dole, \u013eav\u00e9\/prav\u00e9 nosenie)<br \/>\n\u010c\u00edslo modelu: C88SBBK2<br \/>\nN\u00e1zov modelu: Salt 2 Black<br \/>\nHmotnos\u0165: 2,1 oz.<br \/>\nVyroben\u00e9 v Japonsku<\/p>\n","protected":false},"excerpt":{"rendered":"<p>Spyderco Salt 2 vyu\u017e\u00edva v\u0161etky pokro\u010dil\u00e9 funkcie najlep\u0161ieho zatv\u00e1racieho no\u017ea Delica 4 vo svojej triede a prep\u013a\u0148a ich 100% nehrdzavej\u00facou oce\u013eou \u010depele H-1 na b\u00e1ze dus\u00edka, ktor\u00e1 je extr\u00e9mne odoln\u00e1 proti kor\u00f3zii.<\/p>\n","protected":false},"featured_media":260278,"comment_status":"open","ping_status":"closed","template":"","meta":[],"pwb-brand":[3261],"product_brand":[],"product_cat":[3233,3186],"product_tag":[3668],"class_list":{"0":"post-260289","1":"product","2":"type-product","3":"status-publish","4":"has-post-thumbnail","6":"pwb-brand-zatvaraci-noz-spyderco-endura-flat-ground-gray-frn-c10fpgy","7":"product_cat-zatvaracie-noze","8":"product_cat-noze-sk","9":"product_tag-b2b-sk","11":"first","12":"outofstock","13":"taxable","14":"shipping-taxable","15":"purchasable","16":"product-type-simple"},"brands":[{"id":3261,"name":"Zatv\u00e1rac\u00ed N\u00f4\u017e Spyderco Endura Flat Ground Gray FRN C10FPGY","slug":"zatvaraci-noz-spyderco-endura-flat-ground-gray-frn-c10fpgy"}],"_links":{"self":[{"href":"https:\/\/www.moskito.cz\/sk\/wp-json\/wp\/v2\/product\/260289","targetHints":{"allow":["GET"]}}],"collection":[{"href":"https:\/\/www.moskito.cz\/sk\/wp-json\/wp\/v2\/product"}],"about":[{"href":"https:\/\/www.moskito.cz\/sk\/wp-json\/wp\/v2\/types\/product"}],"replies":[{"embeddable":true,"href":"https:\/\/www.moskito.cz\/sk\/wp-json\/wp\/v2\/comments?post=260289"}],"wp:featuredmedia":[{"embeddable":true,"href":"https:\/\/www.moskito.cz\/sk\/wp-json\/wp\/v2\/media\/260278"}],"wp:attachment":[{"href":"https:\/\/www.moskito.cz\/sk\/wp-json\/wp\/v2\/media?parent=260289"}],"wp:term":[{"taxonomy":"pwb-brand","embeddable":true,"href":"https:\/\/www.moskito.cz\/sk\/wp-json\/wp\/v2\/pwb-brand?post=260289"},{"taxonomy":"product_brand","embeddable":true,"href":"https:\/\/www.moskito.cz\/sk\/wp-json\/wp\/v2\/product_brand?post=260289"},{"taxonomy":"product_cat","embeddable":true,"href":"https:\/\/www.moskito.cz\/sk\/wp-json\/wp\/v2\/product_cat?post=260289"},{"taxonomy":"product_tag","embeddable":true,"href":"https:\/\/www.moskito.cz\/sk\/wp-json\/wp\/v2\/product_tag?post=260289"}],"curies":[{"name":"wp","href":"https:\/\/api.w.org\/{rel}","templated":true}]}}