{"id":260325,"date":"2023-11-19T20:36:29","date_gmt":"2023-11-19T19:36:29","guid":{"rendered":"https:\/\/www.moskito.cz\/produkt\/zatvaraci-noz-spyderco-manix-2-xl-c95gpbbk2\/"},"modified":"2025-05-07T10:54:23","modified_gmt":"2025-05-07T09:54:23","slug":"zatvaraci-noz-spyderco-manix-2-xl-c95gpbbk2","status":"publish","type":"product","link":"https:\/\/www.moskito.cz\/sk\/produkt\/zatvaraci-noz-spyderco-manix-2-xl-c95gpbbk2\/","title":{"rendered":"Zatv\u00e1rac\u00ed N\u00f4\u017e Spyderco Manix 2 XL C95GPBBK2"},"content":{"rendered":"<p>Zatv\u00e1rac\u00ed N\u00f4\u017e <strong>Spyderco<\/strong> Manix 2 XL C95GPBBK2<\/p>\n<p>Ak ste fan\u00fa\u0161ikom ve\u013ek\u00fdch no\u017eov, <strong>Manix 2 XL<\/strong> je n\u00f4\u017e pre v\u00e1s. M\u00f4\u017ee sa pochv\u00e1li\u0165 v\u0161etk\u00fdmi rovnak\u00fdmi kvalitami ako Manix 2, ale v extra ve\u013ekom form\u00e1te, ktor\u00fd je ide\u00e1lny pre ve\u013ek\u00e9 ruky a ve\u013ek\u00e9 rezanie. Jeho \u010depe\u013e CPM S30V m\u00e1 plne ploch\u00e9 br\u00fasenie pre ide\u00e1lnu synt\u00e9zu sily a geometrie ostria. Tento <strong>Manix 2 XL<\/strong> m\u00e1 nereflexn\u00fa povrchov\u00fa \u00fapravu \u010depele Diamond-like Carbon (DLC) so zodpovedaj\u00facim \u010diernen\u00fdm hardv\u00e9rom a klip so skeletonizovan\u00fdmi vlo\u017ekami. Oba s\u00fa vybaven\u00e9 \u010diernou polym\u00e9rovou klietkou v mechanizme z\u00e1mku guli\u010dkov\u00e9ho lo\u017eiska.<\/p>\n<p>Vlastnosti:<br \/>\nRukavos\u0165\/lateralita: prav\u00e1\/\u013eav\u00e1<br \/>\nBlokovac\u00ed mechanizmus: Z\u00e1mok s guli\u010dkov\u00fdm lo\u017eiskom<br \/>\nJimping: Spine &amp; Choil<br \/>\nLanyard Hole: \u00c1no<br \/>\nOce\u013e \u010depele: CPM-S30V<br \/>\nMateri\u00e1l rukov\u00e4te: \u010dierna G-10<br \/>\nBr\u00fasenie \u010depele: Br\u00fasenie na plocho<br \/>\nKonfigur\u00e1cia hr\u00e1n: Oby\u010dajn\u00e1<br \/>\n\u0160pecifik\u00e1cia:<br \/>\nUzavret\u00e9: 12.9 cm<br \/>\nCelkov\u00e1: 22.7 cm<br \/>\n\u010cepe\u013e: 9.8 cm<br \/>\nKonfigur\u00e1cia hr\u00e1n: Oby\u010dajn\u00e1<br \/>\nHr\u00fabka \u010depele: 0,32 cm<br \/>\nOce\u013e: CPM S30V<br \/>\nHmotnos\u0165: 147 g<br \/>\nBr\u00fasenie: Plne ploch\u00e9<br \/>\nKlip: Skl\u00e1pac\u00ed \/ obojstrann\u00fd<br \/>\nVyroben\u00e9 v USA<\/p>\n","protected":false},"excerpt":{"rendered":"<p><strong>Ak ste fan\u00fa\u0161ikom ve\u013ek\u00fdch no\u017eov, Manix 2 XL je n\u00f4\u017e pre v\u00e1s.<\/strong><\/p>\n<p><strong>Doprava zadarmo.<\/strong><\/p>\n","protected":false},"featured_media":260311,"comment_status":"open","ping_status":"closed","template":"","meta":[],"pwb-brand":[3261],"product_brand":[],"product_cat":[3233,3186],"product_tag":[3668],"class_list":{"0":"post-260325","1":"product","2":"type-product","3":"status-publish","4":"has-post-thumbnail","6":"pwb-brand-zatvaraci-noz-spyderco-endura-flat-ground-gray-frn-c10fpgy","7":"product_cat-zatvaracie-noze","8":"product_cat-noze-sk","9":"product_tag-b2b-sk","11":"first","12":"instock","13":"taxable","14":"shipping-taxable","15":"purchasable","16":"product-type-simple"},"brands":[{"id":3261,"name":"Zatv\u00e1rac\u00ed N\u00f4\u017e Spyderco Endura Flat Ground Gray FRN C10FPGY","slug":"zatvaraci-noz-spyderco-endura-flat-ground-gray-frn-c10fpgy"}],"_links":{"self":[{"href":"https:\/\/www.moskito.cz\/sk\/wp-json\/wp\/v2\/product\/260325","targetHints":{"allow":["GET"]}}],"collection":[{"href":"https:\/\/www.moskito.cz\/sk\/wp-json\/wp\/v2\/product"}],"about":[{"href":"https:\/\/www.moskito.cz\/sk\/wp-json\/wp\/v2\/types\/product"}],"replies":[{"embeddable":true,"href":"https:\/\/www.moskito.cz\/sk\/wp-json\/wp\/v2\/comments?post=260325"}],"wp:featuredmedia":[{"embeddable":true,"href":"https:\/\/www.moskito.cz\/sk\/wp-json\/wp\/v2\/media\/260311"}],"wp:attachment":[{"href":"https:\/\/www.moskito.cz\/sk\/wp-json\/wp\/v2\/media?parent=260325"}],"wp:term":[{"taxonomy":"pwb-brand","embeddable":true,"href":"https:\/\/www.moskito.cz\/sk\/wp-json\/wp\/v2\/pwb-brand?post=260325"},{"taxonomy":"product_brand","embeddable":true,"href":"https:\/\/www.moskito.cz\/sk\/wp-json\/wp\/v2\/product_brand?post=260325"},{"taxonomy":"product_cat","embeddable":true,"href":"https:\/\/www.moskito.cz\/sk\/wp-json\/wp\/v2\/product_cat?post=260325"},{"taxonomy":"product_tag","embeddable":true,"href":"https:\/\/www.moskito.cz\/sk\/wp-json\/wp\/v2\/product_tag?post=260325"}],"curies":[{"name":"wp","href":"https:\/\/api.w.org\/{rel}","templated":true}]}}