{"id":260343,"date":"2023-11-19T20:57:04","date_gmt":"2023-11-19T19:57:04","guid":{"rendered":"https:\/\/www.moskito.cz\/produkt\/zatvaraci-noz-spyderco-pacific-salt-2-c91sbk2\/"},"modified":"2025-05-07T10:54:24","modified_gmt":"2025-05-07T09:54:24","slug":"zatvaraci-noz-spyderco-pacific-salt-2-c91sbk2","status":"publish","type":"product","link":"https:\/\/www.moskito.cz\/sk\/produkt\/zatvaraci-noz-spyderco-pacific-salt-2-c91sbk2\/","title":{"rendered":"Zatv\u00e1rac\u00ed N\u00f4\u017e Spyderco Pacific Salt 2 C91SBK2"},"content":{"rendered":"<p>Zatv\u00e1rac\u00ed N\u00f4\u017e Spyderco Pacific Salt 2 C91SBK2<\/p>\n<p>Dynamick\u00e1 kombin\u00e1cia jednodielnej rukov\u00e4te Endura tretej gener\u00e1cie a vlastnosti ocele H-1 ultra odolnej proti kor\u00f3zii, Pacific Salt bol neuverite\u013ene schopn\u00fd zatv\u00e1rac\u00ed n\u00f4\u017e s kompletn\u00fdm servisom. \u010co mu v\u0161ak ch\u00fdbalo, boli vylep\u0161enia, v\u010faka ktor\u00fdm je s\u00fa\u010dasn\u00e1 Endura 4 e\u0161te lep\u0161ia ako jej predchodca \u2013 ako je vysoko trak\u010dn\u00fd dvojsmern\u00fd text\u00farov\u00fd vzor, \u200b\u200bvylep\u0161en\u00e1 ergon\u00f3mia rukov\u00e4te a v\u0161estrann\u00fd \u0161tvorpolohov\u00fd vreckov\u00fd klip. Vylep\u0161en\u00fd Pacific Salt 2 to v\u0161etko opravuje, integruje \u010depe\u013e H-1 s rukov\u00e4\u0165ou bez vlo\u017eky, ktor\u00e1 hrdo zah\u0155\u0148a v\u0161etky tieto pokro\u010dil\u00e9 funkcie. \u010eal\u0161\u00ed \u017eiariv\u00fd pr\u00edklad v\u00e1\u0161ne Spyderco pre neust\u00e1le zlep\u0161ovanie kvality (CQI), tento n\u00f4\u017e bol zroden\u00fd pre v\u00fdkon vo vode a okolo nej.<\/p>\n<p>\u0160pecifik\u00e1cia<br \/>\nD\u013a\u017eka \u010depele: 9.45 cm<br \/>\nCelkov\u00e1 d\u013a\u017eka: 21.8 cm<br \/>\nMateri\u00e1l \u010depele: H1\/H2 Ultra-kor\u00f3zii odoln\u00e1 oce\u013e*<br \/>\n\u0160t\u00fdl \u010depele: Drop Point<br \/>\nBr\u00fasenie \u010depele: Dut\u00e9<br \/>\nPovrchov\u00e1 \u00faprava \u010depele: sat\u00e9n<br \/>\nOstrie \u010depele: Vr\u00fabkovan\u00e9<br \/>\nMateri\u00e1l rukov\u00e4te: FRN<br \/>\nFarby rukov\u00e4te: \u010cierna<br \/>\nUzamykac\u00ed mechanizmus: Lockback<br \/>\nVreckov\u00fd klip: Vykl\u00e1panie\/dole, nosenie vpravo\/v\u013eavo<br \/>\n\u010c\u00edslo modelu: C91SBK2<br \/>\nN\u00e1zov modelu: Pacific Salt 2<br \/>\nHmotnos\u0165: 2,9 oz.<br \/>\nVyroben\u00e9 v Japonsku<\/p>\n","protected":false},"excerpt":{"rendered":"<p>Dynamick\u00e1 kombin\u00e1cia jednodielnej rukov\u00e4te Endura tretej gener\u00e1cie a vlastnosti ocele H-1 ultra odolnej proti kor\u00f3zii, Pacific Salt bol neuverite\u013ene schopn\u00fd zatv\u00e1rac\u00ed n\u00f4\u017e.<\/p>\n","protected":false},"featured_media":260329,"comment_status":"open","ping_status":"closed","template":"","meta":[],"pwb-brand":[3261],"product_brand":[],"product_cat":[3233,3186],"product_tag":[3668],"class_list":{"0":"post-260343","1":"product","2":"type-product","3":"status-publish","4":"has-post-thumbnail","6":"pwb-brand-zatvaraci-noz-spyderco-endura-flat-ground-gray-frn-c10fpgy","7":"product_cat-zatvaracie-noze","8":"product_cat-noze-sk","9":"product_tag-b2b-sk","11":"first","12":"instock","13":"taxable","14":"shipping-taxable","15":"purchasable","16":"product-type-simple"},"brands":[{"id":3261,"name":"Zatv\u00e1rac\u00ed N\u00f4\u017e Spyderco Endura Flat Ground Gray FRN C10FPGY","slug":"zatvaraci-noz-spyderco-endura-flat-ground-gray-frn-c10fpgy"}],"_links":{"self":[{"href":"https:\/\/www.moskito.cz\/sk\/wp-json\/wp\/v2\/product\/260343","targetHints":{"allow":["GET"]}}],"collection":[{"href":"https:\/\/www.moskito.cz\/sk\/wp-json\/wp\/v2\/product"}],"about":[{"href":"https:\/\/www.moskito.cz\/sk\/wp-json\/wp\/v2\/types\/product"}],"replies":[{"embeddable":true,"href":"https:\/\/www.moskito.cz\/sk\/wp-json\/wp\/v2\/comments?post=260343"}],"wp:featuredmedia":[{"embeddable":true,"href":"https:\/\/www.moskito.cz\/sk\/wp-json\/wp\/v2\/media\/260329"}],"wp:attachment":[{"href":"https:\/\/www.moskito.cz\/sk\/wp-json\/wp\/v2\/media?parent=260343"}],"wp:term":[{"taxonomy":"pwb-brand","embeddable":true,"href":"https:\/\/www.moskito.cz\/sk\/wp-json\/wp\/v2\/pwb-brand?post=260343"},{"taxonomy":"product_brand","embeddable":true,"href":"https:\/\/www.moskito.cz\/sk\/wp-json\/wp\/v2\/product_brand?post=260343"},{"taxonomy":"product_cat","embeddable":true,"href":"https:\/\/www.moskito.cz\/sk\/wp-json\/wp\/v2\/product_cat?post=260343"},{"taxonomy":"product_tag","embeddable":true,"href":"https:\/\/www.moskito.cz\/sk\/wp-json\/wp\/v2\/product_tag?post=260343"}],"curies":[{"name":"wp","href":"https:\/\/api.w.org\/{rel}","templated":true}]}}