{"id":260441,"date":"2023-11-22T20:03:36","date_gmt":"2023-11-22T19:03:36","guid":{"rendered":"https:\/\/www.moskito.cz\/produkt\/zatvaraci-noz-spyderco-cat-c129gp\/"},"modified":"2025-05-07T10:54:24","modified_gmt":"2025-05-07T09:54:24","slug":"zatvaraci-noz-spyderco-cat-c129gp","status":"publish","type":"product","link":"https:\/\/www.moskito.cz\/sk\/produkt\/zatvaraci-noz-spyderco-cat-c129gp\/","title":{"rendered":"Zatv\u00e1rac\u00ed N\u00f4\u017e Spyderco Cat C129GP"},"content":{"rendered":"<p>Zatv\u00e1rac\u00ed N\u00f4\u017e Spyderco Cat C129GP<\/p>\n<p>Pre\u010do no\u017eiarske spolo\u010dnosti aplikuj\u00fa na svoje no\u017ee n\u00e1zvy a popisy podobn\u00e9 zvierat\u00e1m? Na obranu Spyderca, Spyderco Round Hole a super ostr\u00e1 hrana pripom\u00ednaj\u00fa o\u010di a paz\u00fary.<\/p>\n<p>Myslite na ma\u010dky. Ma\u010dky predstavuj\u00fa vysoko rozvinut\u00fa \u00farove\u0148 dravej vynaliezavosti, elegantn\u00fdch ostr\u00fdch paz\u00farov a v\u00fdkonnosti.<\/p>\n<p>Ma\u010dka je jedine\u010dn\u00e1. Spyderco sa usilovalo o vysok\u00fd vrchol strihovej zdatnosti, ale po\u017eadovalo, aby bol le\u0161ten\u00fd a sofistikovan\u00fd vzh\u013ead. Tak\u017ee skombinovali ostros\u0165 ma\u010dac\u00edch paz\u00farov s rukov\u00e4\u0165ou G10 a Michael Walker LinerLock. \u010cierna rukov\u00e4\u0165 G10 je tvarovan\u00e1 a ergonomicky dimenzovan\u00e1 s skeletonizovan\u00fdmi vlo\u017ekami po celej d\u013a\u017eke vo vn\u00fatri pre pevnos\u0165 bez ve\u013ekej hmotnosti.<\/p>\n<p>Hlbok\u00e1 silueta dr\u00f4ten\u00e9ho klipu zanor\u00ed n\u00f4\u017e hlboko do vrecka nohav\u00edc, pri\u010dom \u0161pi\u010dka smeruje nahor, pripraven\u00e1 na nosenie \u013eavou alebo pravou rukou.<\/p>\n<p>Spyderco ver\u00ed, \u017ee meno je vhodn\u00e9, a mysl\u00ed si, \u017ee by ste mohli tie\u017e.<\/p>\n<p>\u0160pecifik\u00e1cia:<br \/>\nD\u013a\u017eka \u010depele: 6.2 cm<br \/>\nHr\u00fabka \u010depele: 0,25 cm<br \/>\nCelkov\u00e1 d\u013a\u017eka: 15.1 cm<br \/>\nD\u013a\u017eka v zatvorenom stave: 9 cm<br \/>\n\u010cepe\u013e Oce\u013e: CTS-BD1N Nerezov\u00e1 oce\u013e<br \/>\nHmotnos\u0165: 69 g<br \/>\nMateri\u00e1l rukov\u00e4te: \u010dierna G10<\/p>\n","protected":false},"excerpt":{"rendered":"<p>Spyderco ver\u00ed, \u017ee meno CAT je vhodn\u00e9, a mysl\u00ed si, \u017ee by ste mohli tie\u017e.<\/p>\n","protected":false},"featured_media":260427,"comment_status":"open","ping_status":"closed","template":"","meta":[],"pwb-brand":[3261],"product_brand":[],"product_cat":[3233,3186],"product_tag":[3668],"class_list":{"0":"post-260441","1":"product","2":"type-product","3":"status-publish","4":"has-post-thumbnail","6":"pwb-brand-zatvaraci-noz-spyderco-endura-flat-ground-gray-frn-c10fpgy","7":"product_cat-zatvaracie-noze","8":"product_cat-noze-sk","9":"product_tag-b2b-sk","11":"first","12":"instock","13":"taxable","14":"shipping-taxable","15":"purchasable","16":"product-type-simple"},"brands":[{"id":3261,"name":"Zatv\u00e1rac\u00ed N\u00f4\u017e Spyderco Endura Flat Ground Gray FRN C10FPGY","slug":"zatvaraci-noz-spyderco-endura-flat-ground-gray-frn-c10fpgy"}],"_links":{"self":[{"href":"https:\/\/www.moskito.cz\/sk\/wp-json\/wp\/v2\/product\/260441","targetHints":{"allow":["GET"]}}],"collection":[{"href":"https:\/\/www.moskito.cz\/sk\/wp-json\/wp\/v2\/product"}],"about":[{"href":"https:\/\/www.moskito.cz\/sk\/wp-json\/wp\/v2\/types\/product"}],"replies":[{"embeddable":true,"href":"https:\/\/www.moskito.cz\/sk\/wp-json\/wp\/v2\/comments?post=260441"}],"wp:featuredmedia":[{"embeddable":true,"href":"https:\/\/www.moskito.cz\/sk\/wp-json\/wp\/v2\/media\/260427"}],"wp:attachment":[{"href":"https:\/\/www.moskito.cz\/sk\/wp-json\/wp\/v2\/media?parent=260441"}],"wp:term":[{"taxonomy":"pwb-brand","embeddable":true,"href":"https:\/\/www.moskito.cz\/sk\/wp-json\/wp\/v2\/pwb-brand?post=260441"},{"taxonomy":"product_brand","embeddable":true,"href":"https:\/\/www.moskito.cz\/sk\/wp-json\/wp\/v2\/product_brand?post=260441"},{"taxonomy":"product_cat","embeddable":true,"href":"https:\/\/www.moskito.cz\/sk\/wp-json\/wp\/v2\/product_cat?post=260441"},{"taxonomy":"product_tag","embeddable":true,"href":"https:\/\/www.moskito.cz\/sk\/wp-json\/wp\/v2\/product_tag?post=260441"}],"curies":[{"name":"wp","href":"https:\/\/api.w.org\/{rel}","templated":true}]}}