{"id":260456,"date":"2023-11-22T20:28:07","date_gmt":"2023-11-22T19:28:07","guid":{"rendered":"https:\/\/www.moskito.cz\/produkt\/pevny-noz-spyderco-enuff-2-fb31sbl2k390\/"},"modified":"2025-05-07T10:54:25","modified_gmt":"2025-05-07T09:54:25","slug":"pevny-noz-spyderco-enuff-2-fb31sbl2k390","status":"publish","type":"product","link":"https:\/\/www.moskito.cz\/sk\/produkt\/pevny-noz-spyderco-enuff-2-fb31sbl2k390\/","title":{"rendered":"Pevn\u00fd N\u00f4\u017e Spyderco Enuff 2 FB31SBL2K390"},"content":{"rendered":"<p>Na z\u00e1klade rozsiahlej sp\u00e4tnej v\u00e4zby od z\u00e1kazn\u00edkov prepracoval spoluzakladate\u013e Spyderco Sal Glesser p\u00f4vodn\u00fa pevn\u00fa \u010depe\u013e Enuff, aby vytvoril dlh\u0161iu, \u0161t\u00edhlej\u0161iu Enuff 2. Potom design preplnil pridan\u00edm n\u00e1strojovej ocele K390 MICROCLEAN od Bohler-Uddeholm, ktor\u00e1 je zn\u00e1ma svojou extr\u00e9mnou pevnos\u0165ou. Toto vyjadrenie Enuff 2 pos\u00fava tento v\u00fdvoj o krok \u010falej s pridan\u00edm agres\u00edvneho vzoru vr\u00fabkovania SpyderEdge Spyderco. \u0160pi\u010dkov\u00fd rezn\u00fd n\u00e1stroj pre h\u00fa\u017eevnat\u00e9, vl\u00e1knit\u00e9 materi\u00e1ly, tento Enuff 2 sa vyzna\u010duje charakteristick\u00fdmi modr\u00fdmi stupnicami FRN a vstrekovan\u00fdm polym\u00e9rov\u00fdm pl\u00e1\u0161\u0165om s uchyten\u00edm G-Clip.<\/p>\n<p>Ke\u010f sa Enuff 2 nepou\u017e\u00edva, ide vo vstrekovanom polym\u00e9rovom pl\u00e1\u0161ti, ktor\u00fd pripom\u00edna pl\u00e1\u0161\u0165 prvej gener\u00e1cie Enuffovcov. Vy\u00fastenie puzdra m\u00e1 integr\u00e1lne \u201eu\u0161i\u201c, ktor\u00e9 uchopuj\u00fa predn\u00e9 hrany stupn\u00edc rukov\u00e4te pre bezpe\u010dn\u00e9 zacvaknutie. Ako \u010fal\u0161ie bezpe\u010dnostn\u00e9 opatrenie je v\u0161ak puzdro tie\u017e vybaven\u00e9 ko\u017een\u00fdm p\u00fatkom zaisten\u00fdm cvo\u010dkom z nerezovej ocele. Aby bolo zaisten\u00e9 \u0161irok\u00e9 spektrum mo\u017enost\u00ed nosenia, je dod\u00e1van\u00fd s dr\u017eiakom G-Clip, ktor\u00fd je mo\u017en\u00e9 nakonfigurova\u0165 pre nosenie na opasku s nastavite\u013en\u00fdm uhlom na oboch stran\u00e1ch tela a funguje aj ako pru\u017einov\u00e1 spona pre nosenie vo vn\u00fatri p\u00e1sa.<\/p>\n<p>\u0160pecifik\u00e1cia:<br \/>\nD\u013a\u017eka \u010depele: 10.1 cm<br \/>\nRezn\u00e1 hrana: 9.4 cm<br \/>\nD\u013a\u017eka rukov\u00e4te: 10.2 cm<br \/>\nCelkov\u00e1 d\u013a\u017eka: 20.3 cm<br \/>\nHr\u00fabka \u010depele: 0,3 cm<br \/>\nMateri\u00e1l \u010depele: N\u00e1strojov\u00e1 oce\u013e K390<br \/>\n\u0160t\u00fdl \u010depele: v tvare listu<br \/>\nBr\u00fasenie \u010depele: Plne ploch\u00e9<br \/>\nPovrchov\u00e1 \u00faprava \u010depele: sat\u00e9n<br \/>\nOstrie \u010depele: Vr\u00fabkovan\u00e9<br \/>\nMateri\u00e1l rukov\u00e4te: FRN<br \/>\nFarba rukov\u00e4te: kobaltov\u00e1 modr\u00e1<br \/>\nPl\u00e1\u0161\u0165: Polym\u00e9r<br \/>\n\u010c\u00edslo modelu: FB31SBL2K390<br \/>\nN\u00e1zov modelu: Enuff 2 K390<br \/>\nHmotnos\u0165: 94 g<br \/>\nHmotnos\u0165 s puzdrom: 6,0 oz. (170 g)<br \/>\nVyroben\u00e9 v Japonsku<\/p>\n","protected":false},"excerpt":{"rendered":"<p>Vzh\u013eadom na to, \u017ee \u010depele ov\u010dej nohy s\u00fa ob\u013e\u00faben\u00fdmi rezn\u00fdmi n\u00e1strojmi mnoh\u00fdch milovn\u00edkov vodn\u00fdch \u0161portov, v roku 2013 spolo\u010dnos\u0165 Spyderco predstavila verziu Enuff vyroben\u00fa z ocele H-1 \u2013 materi\u00e1lu \u010depele na b\u00e1ze dus\u00edka, ktor\u00fd je extr\u00e9mne odoln\u00fd proti kor\u00f3zii.<\/p>\n","protected":false},"featured_media":260445,"comment_status":"open","ping_status":"closed","template":"","meta":[],"pwb-brand":[3261],"product_brand":[],"product_cat":[3186,3187],"product_tag":[3668],"class_list":{"0":"post-260456","1":"product","2":"type-product","3":"status-publish","4":"has-post-thumbnail","6":"pwb-brand-zatvaraci-noz-spyderco-endura-flat-ground-gray-frn-c10fpgy","7":"product_cat-noze-sk","8":"product_cat-pevne-noze-sk","9":"product_tag-b2b-sk","11":"first","12":"instock","13":"taxable","14":"shipping-taxable","15":"purchasable","16":"product-type-simple"},"brands":[{"id":3261,"name":"Zatv\u00e1rac\u00ed N\u00f4\u017e Spyderco Endura Flat Ground Gray FRN C10FPGY","slug":"zatvaraci-noz-spyderco-endura-flat-ground-gray-frn-c10fpgy"}],"_links":{"self":[{"href":"https:\/\/www.moskito.cz\/sk\/wp-json\/wp\/v2\/product\/260456","targetHints":{"allow":["GET"]}}],"collection":[{"href":"https:\/\/www.moskito.cz\/sk\/wp-json\/wp\/v2\/product"}],"about":[{"href":"https:\/\/www.moskito.cz\/sk\/wp-json\/wp\/v2\/types\/product"}],"replies":[{"embeddable":true,"href":"https:\/\/www.moskito.cz\/sk\/wp-json\/wp\/v2\/comments?post=260456"}],"wp:featuredmedia":[{"embeddable":true,"href":"https:\/\/www.moskito.cz\/sk\/wp-json\/wp\/v2\/media\/260445"}],"wp:attachment":[{"href":"https:\/\/www.moskito.cz\/sk\/wp-json\/wp\/v2\/media?parent=260456"}],"wp:term":[{"taxonomy":"pwb-brand","embeddable":true,"href":"https:\/\/www.moskito.cz\/sk\/wp-json\/wp\/v2\/pwb-brand?post=260456"},{"taxonomy":"product_brand","embeddable":true,"href":"https:\/\/www.moskito.cz\/sk\/wp-json\/wp\/v2\/product_brand?post=260456"},{"taxonomy":"product_cat","embeddable":true,"href":"https:\/\/www.moskito.cz\/sk\/wp-json\/wp\/v2\/product_cat?post=260456"},{"taxonomy":"product_tag","embeddable":true,"href":"https:\/\/www.moskito.cz\/sk\/wp-json\/wp\/v2\/product_tag?post=260456"}],"curies":[{"name":"wp","href":"https:\/\/api.w.org\/{rel}","templated":true}]}}