{"id":260490,"date":"2023-11-22T21:21:34","date_gmt":"2023-11-22T20:21:34","guid":{"rendered":"https:\/\/www.moskito.cz\/produkt\/zatvaraci-noz-spyderco-military-2-compression-c36gp2\/"},"modified":"2023-11-22T21:21:34","modified_gmt":"2023-11-22T20:21:34","slug":"zatvaraci-noz-spyderco-military-2-compression-c36gp2","status":"publish","type":"product","link":"https:\/\/www.moskito.cz\/sk\/produkt\/zatvaraci-noz-spyderco-military-2-compression-c36gp2\/","title":{"rendered":"Zatv\u00e1rac\u00ed N\u00f4\u017e Spyderco Military 2 Compression C36GP2"},"content":{"rendered":"<p>Military 2 je hrd\u00fd a vysoko vyvinut\u00fd n\u00e1stupca legend\u00e1rneho designu. Zatia\u013e bude sl\u00fa\u017ei\u0165 po boku svojho predchodcu, ktor\u00fd zostane v produktovom rade Spyderco v doh\u013eadnej dobe. A rovnako ako n\u00f4\u017e, ktor\u00fd ho in\u0161piroval, sa zd\u00e1 by\u0165 predur\u010den\u00fd sta\u0165 sa pl\u00e1tnom pre \u0161irok\u00fa \u0161k\u00e1lu variantov, Sprint Runs a Exclusives, ktor\u00e9 zd\u00f4raz\u0148uj\u00fa v\u00fdhody r\u00f4znych ocel\u00ed \u010depe\u013eou, materi\u00e1lov rukov\u00e4te a \u010fal\u0161\u00edch definuj\u00facich prvkov.<\/p>\n<p>\u0160pecifik\u00e1cia<br \/>\nD\u013a\u017eka \u010depele: 10.2 cm<br \/>\nD\u013a\u017eka v zatvorenom stave: 14 cm<br \/>\nCelkov\u00e1 d\u013a\u017eka: 24.2 cm<br \/>\nHr\u00fabka \u010depele: 0,37 cm<br \/>\nMateri\u00e1l \u010depele: CPM-S30V Nerezov\u00e1 oce\u013e<br \/>\n\u0160t\u00fdl \u010depele: Clip Point<br \/>\nBr\u00fasenie \u010depele: Plne ploch\u00e9<br \/>\nPovrchov\u00e1 \u00faprava \u010depele: sat\u00e9n<br \/>\nOstrie \u010depele: Hladk\u00e9<br \/>\nMateri\u00e1l rukov\u00e4te: G10<br \/>\nFarba rukov\u00e4te: \u010cierna<br \/>\nUzamykac\u00ed mechanizmus: Kompresia<br \/>\nVreckov\u00fd klip: Sklopenie hore\/dole, nosenie v\u013eavo\/vpravo<br \/>\n\u010c\u00edslo modelu: C36GP2<br \/>\nN\u00e1zov modelu: Military 2<br \/>\nHmotnos\u0165: 122 g<br \/>\nDizajn\u00e9ri: Sal a Eric Glesser<br \/>\nVyroben\u00e9 v USA<\/p>\n","protected":false},"excerpt":{"rendered":"<p>Prv\u00fdkr\u00e1t predstaven\u00fd v roku 1996, Spyderco Military Model je jedn\u00fdm z najzn\u00e1mej\u0161\u00edch a najzn\u00e1mej\u0161\u00edch no\u017eov, ktor\u00e9 kedy boli vyroben\u00e9. P\u00f4vodn\u00fd n\u00e1vrh, ktor\u00fd vytvoril spoluzakladate\u013e Spyderco Sal Glesser, bola jeho odpove\u010fou na ot\u00e1zku: &#8222;Keby v\u00e1\u0161 syn \u0161iel do vojenskej slu\u017eby, ak\u00fd n\u00f4\u017e by ste mu dali?&#8220;<\/p>\n","protected":false},"featured_media":260475,"comment_status":"open","ping_status":"closed","template":"","meta":[],"pwb-brand":[3261],"product_brand":[],"product_cat":[3233,3186],"product_tag":[3668],"class_list":{"0":"post-260490","1":"product","2":"type-product","3":"status-publish","4":"has-post-thumbnail","6":"pwb-brand-zatvaraci-noz-spyderco-endura-flat-ground-gray-frn-c10fpgy","7":"product_cat-zatvaracie-noze","8":"product_cat-noze-sk","9":"product_tag-b2b-sk","11":"first","12":"instock","13":"taxable","14":"shipping-taxable","15":"purchasable","16":"product-type-simple"},"brands":[{"id":3261,"name":"Zatv\u00e1rac\u00ed N\u00f4\u017e Spyderco Endura Flat Ground Gray FRN C10FPGY","slug":"zatvaraci-noz-spyderco-endura-flat-ground-gray-frn-c10fpgy"}],"_links":{"self":[{"href":"https:\/\/www.moskito.cz\/sk\/wp-json\/wp\/v2\/product\/260490","targetHints":{"allow":["GET"]}}],"collection":[{"href":"https:\/\/www.moskito.cz\/sk\/wp-json\/wp\/v2\/product"}],"about":[{"href":"https:\/\/www.moskito.cz\/sk\/wp-json\/wp\/v2\/types\/product"}],"replies":[{"embeddable":true,"href":"https:\/\/www.moskito.cz\/sk\/wp-json\/wp\/v2\/comments?post=260490"}],"wp:featuredmedia":[{"embeddable":true,"href":"https:\/\/www.moskito.cz\/sk\/wp-json\/wp\/v2\/media\/260475"}],"wp:attachment":[{"href":"https:\/\/www.moskito.cz\/sk\/wp-json\/wp\/v2\/media?parent=260490"}],"wp:term":[{"taxonomy":"pwb-brand","embeddable":true,"href":"https:\/\/www.moskito.cz\/sk\/wp-json\/wp\/v2\/pwb-brand?post=260490"},{"taxonomy":"product_brand","embeddable":true,"href":"https:\/\/www.moskito.cz\/sk\/wp-json\/wp\/v2\/product_brand?post=260490"},{"taxonomy":"product_cat","embeddable":true,"href":"https:\/\/www.moskito.cz\/sk\/wp-json\/wp\/v2\/product_cat?post=260490"},{"taxonomy":"product_tag","embeddable":true,"href":"https:\/\/www.moskito.cz\/sk\/wp-json\/wp\/v2\/product_tag?post=260490"}],"curies":[{"name":"wp","href":"https:\/\/api.w.org\/{rel}","templated":true}]}}