{"id":260619,"date":"2023-11-28T21:17:33","date_gmt":"2023-11-28T20:17:33","guid":{"rendered":"https:\/\/www.moskito.cz\/produkt\/zatvaraci-noz-spyderco-squeak-c154pbk\/"},"modified":"2023-11-28T21:17:33","modified_gmt":"2023-11-28T20:17:33","slug":"zatvaraci-noz-spyderco-squeak-c154pbk","status":"publish","type":"product","link":"https:\/\/www.moskito.cz\/sk\/produkt\/zatvaraci-noz-spyderco-squeak-c154pbk\/","title":{"rendered":"Zatv\u00e1rac\u00ed N\u00f4\u017e Spyderco Squeak C154PBK"},"content":{"rendered":"<p>Zatv\u00e1rac\u00ed N\u00f4\u017e Spyderco Squeak C154PBK<\/p>\n<p>Squeak SLIPIT, vyr\u00e1ban\u00fd v Maniagu, je Spyderco n\u00f4\u017e bez poistky, ktor\u00e1 sa otv\u00e1ra jednou rukou a naz\u00fdva sa SLIPIT. Je navrhnut\u00fd pre leg\u00e1lne obmedzen\u00e9 nosenie v lokalit\u00e1ch, kde s\u00fa poistky zak\u00e1zan\u00e9.<\/p>\n<p>\u010cepe\u013e je celoplo\u0161ne br\u00fasen\u00e1 a vyroben\u00e1 z rak\u00faskej ocele Bohler-Uddeholm N690Co. N690C0 je oce\u013e s vysok\u00fdm obsahom uhl\u00edka s pridan\u00fdm kobaltom pre rovnomernos\u0165 \u0161trukt\u00fary, \u010do m\u00e1 za n\u00e1sledok lep\u0161iu retenciu ostria a schopnos\u0165 ostrenia. Texturovan\u00e9 p\u00e1skovanie je obroben\u00e9 z chrbta \u010depele a \u010depele pre zv\u00fd\u0161en\u00fa odolnos\u0165 proti sklzu.<\/p>\n<p>\u010cepe\u013e Squeaku je pri rezan\u00ed dr\u017ean\u00e1 v otvorenej polohe pomocou vrubov\u00e9ho k\u013abu na \u010dape no\u017ea. Pri zatv\u00e1ran\u00ed \u010depele z\u00e1rez generuje odpor funk\u010dne podobn\u00fd tradi\u010dn\u00e9mu klzn\u00e9mu vreckov\u00e9mu no\u017eu a pln\u00ed \u010fal\u0161iu funkciu vyhladzovania pohybu otv\u00e1rania \u010depele. Zv\u00fd\u0161enie kontroly a pohodlia N\u00e1vrh\u00e1ri Spyderco prid\u00e1vaj\u00fa hlbok\u00e9 chvenie prstov, prirodzene pos\u00favaj\u00fa ukazov\u00e1k do polohy na spodnej strane \u010depele priamo pod palcom. Umiestnenie ukazov\u00e1ka v tomto choil blokuje \u010depe\u013e pred n\u00e1hodn\u00fdm zatvoren\u00edm pri rezan\u00ed a poskytuje polohu uchopenia, ktor\u00e1 u\u017e\u00edvate\u013eovi umo\u017e\u0148uje \u0161krtenie bli\u017e\u0161ie k ostrie pre v\u00e4\u010d\u0161iu obratnos\u0165.<\/p>\n<p>Rukov\u00e4\u0165 je FRN (nylon vystu\u017een\u00fd sklen\u00fdmi vl\u00e1knami) a navrhnut\u00e1 pre pohodlie u\u017e\u00edvate\u013ea, \u010di u\u017e v ruke, s ergonomickou text\u00farou rukov\u00e4te, alebo vo vrecku s obojstrannou v\u00fdklopnou dr\u00f4tenou sponou do hlbok\u00e9ho vrecka.<\/p>\n<p>\u0160pecifik\u00e1cia<br \/>\nD\u013a\u017eka \u010depele: 5.1 cm<br \/>\nRezn\u00e1 hrana: 4.4 cm<br \/>\nHr\u00fabka \u010depele: 0.3 cm<br \/>\nCelkov\u00e1 d\u013a\u017eka: 12.8 cm<br \/>\nD\u013a\u017eka v zatvorenom stave: 7.9 cm<br \/>\nOce\u013e \u010depele: N690Co<br \/>\nHmotnos\u0165: 1,6 oz. (46 g)<br \/>\nMateri\u00e1l rukov\u00e4te: \u010dierna FRN<br \/>\nVyroben\u00e9 v Taliansku<\/p>\n","protected":false},"excerpt":{"rendered":"<p>Squeak SLIPIT, vyr\u00e1ban\u00fd v Maniagu, je Spyderco n\u00f4\u017e bez poistky, ktor\u00e1 sa otv\u00e1ra jednou rukou a naz\u00fdva sa SLIPIT.<\/p>\n","protected":false},"featured_media":260605,"comment_status":"open","ping_status":"closed","template":"","meta":[],"pwb-brand":[3261],"product_brand":[],"product_cat":[3233,3186],"product_tag":[3668],"class_list":{"0":"post-260619","1":"product","2":"type-product","3":"status-publish","4":"has-post-thumbnail","6":"pwb-brand-zatvaraci-noz-spyderco-endura-flat-ground-gray-frn-c10fpgy","7":"product_cat-zatvaracie-noze","8":"product_cat-noze-sk","9":"product_tag-b2b-sk","11":"first","12":"instock","13":"sale","14":"taxable","15":"shipping-taxable","16":"purchasable","17":"product-type-simple"},"brands":[{"id":3261,"name":"Zatv\u00e1rac\u00ed N\u00f4\u017e Spyderco Endura Flat Ground Gray FRN C10FPGY","slug":"zatvaraci-noz-spyderco-endura-flat-ground-gray-frn-c10fpgy"}],"_links":{"self":[{"href":"https:\/\/www.moskito.cz\/sk\/wp-json\/wp\/v2\/product\/260619","targetHints":{"allow":["GET"]}}],"collection":[{"href":"https:\/\/www.moskito.cz\/sk\/wp-json\/wp\/v2\/product"}],"about":[{"href":"https:\/\/www.moskito.cz\/sk\/wp-json\/wp\/v2\/types\/product"}],"replies":[{"embeddable":true,"href":"https:\/\/www.moskito.cz\/sk\/wp-json\/wp\/v2\/comments?post=260619"}],"wp:featuredmedia":[{"embeddable":true,"href":"https:\/\/www.moskito.cz\/sk\/wp-json\/wp\/v2\/media\/260605"}],"wp:attachment":[{"href":"https:\/\/www.moskito.cz\/sk\/wp-json\/wp\/v2\/media?parent=260619"}],"wp:term":[{"taxonomy":"pwb-brand","embeddable":true,"href":"https:\/\/www.moskito.cz\/sk\/wp-json\/wp\/v2\/pwb-brand?post=260619"},{"taxonomy":"product_brand","embeddable":true,"href":"https:\/\/www.moskito.cz\/sk\/wp-json\/wp\/v2\/product_brand?post=260619"},{"taxonomy":"product_cat","embeddable":true,"href":"https:\/\/www.moskito.cz\/sk\/wp-json\/wp\/v2\/product_cat?post=260619"},{"taxonomy":"product_tag","embeddable":true,"href":"https:\/\/www.moskito.cz\/sk\/wp-json\/wp\/v2\/product_tag?post=260619"}],"curies":[{"name":"wp","href":"https:\/\/api.w.org\/{rel}","templated":true}]}}