{"id":260646,"date":"2023-11-28T21:52:05","date_gmt":"2023-11-28T20:52:05","guid":{"rendered":"https:\/\/www.moskito.cz\/produkt\/zatvaraci-noz-spyderco-clipitool-c208gp\/"},"modified":"2024-04-12T13:17:56","modified_gmt":"2024-04-12T12:17:56","slug":"zatvaraci-noz-spyderco-clipitool-c208gp","status":"publish","type":"product","link":"https:\/\/www.moskito.cz\/sk\/produkt\/zatvaraci-noz-spyderco-clipitool-c208gp\/","title":{"rendered":"Zatv\u00e1rac\u00ed N\u00f4\u017e Spyderco ClipiTool C208GP"},"content":{"rendered":"<p>Zatv\u00e1rac\u00ed N\u00f4\u017e <strong>Spyderco<\/strong> ClipiTool C208GP<\/p>\n<p>N\u00e1stroj ClipiTool<br \/>\nNajstar\u0161\u00ed zn\u00e1my viac\u010depe\u013eov\u00fd vreckov\u00fd n\u00f4\u017e bol vyvinut\u00fd Rimanmi okolo roku 200 n\u00e1\u0161ho letopo\u010dtu. Zah\u0155\u0148al skladaciu ly\u017eicu, \u010depe\u013e, bodec, vidli\u010dku, \u0161pacht\u013eu a \u0161p\u00e1radlo av mnoh\u00fdch oh\u013eadoch doslova predbehol dobu o st\u00e1ro\u010dia.<\/p>\n<p>Dne\u0161n\u00e9 vreckov\u00e9 no\u017ee s viacer\u00fdmi \u010depe\u013eami pon\u00fakaj\u00fa \u00fa\u017easn\u00fa v\u0161estrannos\u0165 v kompaktnom, extr\u00e9mne cenovo dostupnom balen\u00ed. Pohybuj\u00fa sa od z\u00e1kladn\u00fdch vzorov, ako je klasick\u00fd Boy Scout n\u00f4\u017e, a\u017e po sofistikovan\u00e9 skladacie n\u00e1stroje, ktor\u00e9 pon\u00fakaj\u00fa viac ako 30 r\u00f4znych funkci\u00ed. Napriek svojej u\u017eito\u010dnosti v\u0161ak konven\u010dn\u00e9 viaclopatkov\u00e9 kon\u0161trukcie v\u0161etky trpia rovnak\u00fdmi obmedzeniami. Tie najmen\u0161ie s\u00fa skuto\u010dn\u00e9 vreckov\u00e9 no\u017ee a musia s\u00fa\u0165a\u017ei\u0165 s mincami, k\u013e\u00fa\u010dmi a \u010fal\u0161\u00edmi predmetmi na dne vrecka. Ich v\u00e4\u010d\u0161ie a schopnej\u0161ie n\u00e1protivky s\u00fa \u010dasto pr\u00edli\u0161 ve\u013ek\u00e9 na pohodln\u00e9 nosenie vo vrecku a vy\u017eaduj\u00fa puzdro na opasok. Mo\u017eno e\u0161te d\u00f4le\u017eitej\u0161ie je, \u017ee r\u00f4zne n\u00e1stroje na t\u00fdchto no\u017eoch sa pri otv\u00e1ran\u00ed spoliehaj\u00fa na tradi\u010dn\u00e9 z\u00e1rezy alebo z\u00e1rezy v nechtoch. Spolo\u010dne tieto nedostatky \u010dasto sp\u00f4sobuj\u00fa, \u017ee pou\u017e\u00edvanie t\u00fdchto n\u00e1strojov je pomal\u00e9, zd\u013ahav\u00e9 a l\u00e1manie nechtov.<\/p>\n<p>Jedine\u010dn\u00e1 rodina ClipiTool spolo\u010dnosti <strong>Spyderco<\/strong> prekon\u00e1va tieto v\u00fdzvy t\u00fdm, \u017ee kombinuje funk\u010dnos\u0165 klasick\u00e9ho vreckov\u00e9ho no\u017ea s viacer\u00fdmi \u010depe\u013eami s v\u00fdhodami nosenia klipom a okr\u00fahlym otvorom Spyderco s ochrannou zn\u00e1mkou. V\u00fdsledkom je revolu\u010dn\u00e1 trieda n\u00e1radia na ka\u017edodenn\u00e9 nosenie, ktor\u00e9 sa pohodlne nos\u00ed v hornej \u010dasti vrecka a je mo\u017en\u00e9 k nemu okam\u017eite pristupova\u0165 a \u013eahko ho otvori\u0165.<\/p>\n<p>Prv\u00e9 tri vzory ClipiTool spolo\u010dnosti <strong>Spyderco<\/strong> , predstaven\u00e9 v roku 2014, sp\u00e1jali neuzamykaciu prim\u00e1rnu \u010depe\u013e s posuvn\u00fdm k\u013abom so skladac\u00edmi sekund\u00e1rnymi n\u00e1strojmi, ktor\u00e9 zah\u0155\u0148ali no\u017enice, z\u00fabkovan\u00fa \u010depe\u013e alebo kombin\u00e1ciu otv\u00e1ra\u010da na f\u013ea\u0161e a ploch\u00e9ho skrutkova\u010da. Charakteristick\u00e9 okr\u00fahle otvory v \u010depeli aj sekund\u00e1rnom n\u00e1stroji umo\u017enili ich otv\u00e1ranie hra\u010dkou a hrdo hl\u00e1sali ich identitu Spyderco. Ich rukov\u00e4te z nerezovej ocele so sat\u00e9nov\u00fdm povrchom obsahovali aj klipy na pres\u00fdpacie hodiny pre pohodln\u00e9 nosenie v hornej \u010dasti vrecka. Tieto charakteristick\u00e9 rysy r\u00fdchlo z\u00edskali koncept ClipiTool publikum oddan\u00fdch koncov\u00fdch u\u017e\u00edvate\u013eov. In\u0161pirovali aj po\u017eiadavky na \u010fal\u0161ie n\u00e1vrhy pon\u00fakaj\u00face \u010fal\u0161ie n\u00e1stroje a funkcie. V reakcii na t\u00fato po\u017eiadavku Spyderco s hrdos\u0165ou oznamuje \u0161tandard ClipiTool.<\/p>\n<p>ClipiTool Standard<br \/>\nClipiTool Standard povy\u0161uje p\u00f4vodn\u00fd koncept rodiny ClipiTool na vreckov\u00fd n\u00f4\u017e plnej ve\u013ekosti s dvoma \u010fal\u0161\u00edmi skladac\u00edmi n\u00e1strojmi. Hviezdnou atrakciou tohto designu je \u00faplne ploch\u00e1 \u010depe\u013e v tvare listu vyroben\u00e1 z nerezovej ocele 8Cr13MoV. Na rozdiel od svojich men\u0161\u00edch bra\u010dek s posuvn\u00fdm k\u013abom sa prim\u00e1rna \u010depe\u013e PlainEdge tohto ClipiTool bezpe\u010dne otv\u00e1ra pomocou pevn\u00e9ho mechanizmu z\u00e1mku vlo\u017eky. Dop\u013a\u0148a ho skladac\u00ed otv\u00e1ra\u010d na konzervy\/mal\u00fd skrutkova\u010d a otv\u00e1ra\u010d\/ve\u013ek\u00fd skrutkova\u010d so z\u00e1rezom na odizolovanie dr\u00f4tu. Obe hlavy skrutkova\u010dov s\u00fa duto br\u00fasen\u00e9, aby bolo zaisten\u00e9 bezpe\u010dn\u00e9 uchytenie v dr\u00e1\u017ekovan\u00fdch skrutk\u00e1ch. Hoci sa nezamykaj\u00fa, s\u00fa podporovan\u00e9 robustn\u00fdmi pru\u017einov\u00fdmi mechanizmami, ktor\u00e9 ich udr\u017euj\u00fa otvoren\u00e9 po\u010das pou\u017e\u00edvania, a maj\u00fa \u201epolovi\u010dn\u00e9 zar\u00e1\u017eky\u201c v bode 90 stup\u0148ov, \u010do umo\u017e\u0148uje pou\u017eitie rukov\u00e4te pre extra p\u00e1kov\u00fd efekt. Rovnako ako prim\u00e1rna \u010depe\u013e s\u00fa oba n\u00e1stroje prec\u00edzne vyroben\u00e9 z nerezovej ocele 8Cr13MoV a maj\u00fa text\u00farovan\u00e9 ukazov\u00e1ky a ve\u013ekoryso dimenzovan\u00e9 okr\u00fahle otvory pre ochrann\u00e9 zn\u00e1mky. Kruhov\u00fd otvor, ktor\u00fd je charakteristick\u00fdm rysom v\u0161etk\u00fdch no\u017eov Spyderco, hrdo identifikuje rodokme\u0148 no\u017ea a umo\u017e\u0148uje r\u00fdchle a jednoduch\u00e9 otvorenie v\u0161etk\u00fdch troch n\u00e1strojov iba jednou rukou.<\/p>\n<p>Rukov\u00e4\u0165 ClipiTool Standard je postaven\u00e1 na kon\u0161trukcii z vlo\u017eiek z nerezovej ocele, text\u00farovan\u00fdch \u010diernych stupn\u00edc G10 a pevn\u00fdch zadn\u00fdch vlo\u017eiek a pru\u017e\u00edn z nerezovej ocele. Jeho skrutkovacia kon\u0161trukcia zais\u0165uje presn\u00e9 vyrovnanie v\u0161etk\u00fdch dielov a dvojpolohov\u00e1 spona na pres\u00fdpacie hodiny poskytuje mo\u017enos\u0165 nosenia sklopen\u00edm na prav\u00fa stranu alebo sklopen\u00edm dole.<\/p>\n<p>\u0160pecifik\u00e1cia<br \/>\nD\u013a\u017eka \u010depele<br \/>\nClipiTool 3-\u010depe\u013e: 8.75 cm<br \/>\nOtv\u00e1ra\u010d na konzervy: 3.57 cm<br \/>\nOtv\u00e1ra\u010d na f\u013ea\u0161e: 3.62 cm<br \/>\nD\u013a\u017eka v zatvorenom stave: 11 cm<br \/>\nCelkov\u00e1 d\u013a\u017eka<br \/>\nClipiTool 3-\u010depe\u013e: 19.75 cm<br \/>\nOtv\u00e1ra\u010d na konzervy: 14.57 cm<br \/>\nOtv\u00e1ra\u010d na f\u013ea\u0161e: 14.62 cm<br \/>\nMateri\u00e1l \u010depele: Nerezov\u00e1 oce\u013e 8Cr13MoV<br \/>\nBr\u00fasenie \u010depele: Plne ploch\u00e9<br \/>\nOstrie \u010depele: Hladk\u00e9<br \/>\nMateri\u00e1l rukov\u00e4te: G10<br \/>\nFarba rukov\u00e4te: \u010cierna<br \/>\nUzamykac\u00ed mechanizmus<br \/>\nClipiTool 3-Blade: Liner Lock<br \/>\nOtv\u00e1ra\u010d na konzervy: Slipjoint<br \/>\nOtv\u00e1ra\u010d na f\u013ea\u0161e: Slipjoint<br \/>\nVreckov\u00fd klip: Vykl\u00e1pacie, prav\u00e9 nosenie<br \/>\nHmotnos\u0165: 4,2 oz.<\/p>\n","protected":false},"excerpt":{"rendered":"<p><strong>Najstar\u0161\u00ed zn\u00e1my viac\u010depe\u013eov\u00fd vreckov\u00fd n\u00f4\u017e bol vyvinut\u00fd Rimanmi okolo roku 200 n\u00e1\u0161ho letopo\u010dtu. Zah\u0155\u0148al skladaciu ly\u017eicu, \u010depe\u013e, bodec, vidli\u010dku, \u0161pacht\u013eu a \u0161p\u00e1radlo av mnoh\u00fdch oh\u013eadoch doslova predbehol dobu o st\u00e1ro\u010dia.<\/strong><\/p>\n","protected":false},"featured_media":260623,"comment_status":"open","ping_status":"closed","template":"","meta":[],"pwb-brand":[3261],"product_brand":[],"product_cat":[3233,3186],"product_tag":[3668],"class_list":{"0":"post-260646","1":"product","2":"type-product","3":"status-publish","4":"has-post-thumbnail","6":"pwb-brand-zatvaraci-noz-spyderco-endura-flat-ground-gray-frn-c10fpgy","7":"product_cat-zatvaracie-noze","8":"product_cat-noze-sk","9":"product_tag-b2b-sk","11":"first","12":"instock","13":"taxable","14":"shipping-taxable","15":"purchasable","16":"product-type-simple"},"brands":[{"id":3261,"name":"Zatv\u00e1rac\u00ed N\u00f4\u017e Spyderco Endura Flat Ground Gray FRN C10FPGY","slug":"zatvaraci-noz-spyderco-endura-flat-ground-gray-frn-c10fpgy"}],"_links":{"self":[{"href":"https:\/\/www.moskito.cz\/sk\/wp-json\/wp\/v2\/product\/260646","targetHints":{"allow":["GET"]}}],"collection":[{"href":"https:\/\/www.moskito.cz\/sk\/wp-json\/wp\/v2\/product"}],"about":[{"href":"https:\/\/www.moskito.cz\/sk\/wp-json\/wp\/v2\/types\/product"}],"replies":[{"embeddable":true,"href":"https:\/\/www.moskito.cz\/sk\/wp-json\/wp\/v2\/comments?post=260646"}],"wp:featuredmedia":[{"embeddable":true,"href":"https:\/\/www.moskito.cz\/sk\/wp-json\/wp\/v2\/media\/260623"}],"wp:attachment":[{"href":"https:\/\/www.moskito.cz\/sk\/wp-json\/wp\/v2\/media?parent=260646"}],"wp:term":[{"taxonomy":"pwb-brand","embeddable":true,"href":"https:\/\/www.moskito.cz\/sk\/wp-json\/wp\/v2\/pwb-brand?post=260646"},{"taxonomy":"product_brand","embeddable":true,"href":"https:\/\/www.moskito.cz\/sk\/wp-json\/wp\/v2\/product_brand?post=260646"},{"taxonomy":"product_cat","embeddable":true,"href":"https:\/\/www.moskito.cz\/sk\/wp-json\/wp\/v2\/product_cat?post=260646"},{"taxonomy":"product_tag","embeddable":true,"href":"https:\/\/www.moskito.cz\/sk\/wp-json\/wp\/v2\/product_tag?post=260646"}],"curies":[{"name":"wp","href":"https:\/\/api.w.org\/{rel}","templated":true}]}}