{"id":260821,"date":"2023-12-01T23:25:39","date_gmt":"2023-12-01T22:25:39","guid":{"rendered":"https:\/\/www.moskito.cz\/produkt\/zatvaraci-noz-spyderco-polestar-c220gpgy\/"},"modified":"2025-05-07T10:54:27","modified_gmt":"2025-05-07T09:54:27","slug":"zatvaraci-noz-spyderco-polestar-c220gpgy","status":"publish","type":"product","link":"https:\/\/www.moskito.cz\/sk\/produkt\/zatvaraci-noz-spyderco-polestar-c220gpgy\/","title":{"rendered":"Zatv\u00e1rac\u00ed N\u00f4\u017e Spyderco Polestar C220GPGY"},"content":{"rendered":"<p>Zatv\u00e1rac\u00ed N\u00f4\u017e Spyderco Polestar C220GPGY<\/p>\n<p>H\u013ead\u00e1te vysoko v\u00fdkonn\u00fd n\u00f4\u017e so zauj\u00edmav\u00fdmi materi\u00e1lmi rukov\u00e4te a skuto\u010dn\u00fdm v\u00fdkonom Spyderco bez toho, aby ste museli zarobi\u0165 peniaze? Potom je Spyderco Polestar to, \u010do h\u013ead\u00e1te! Polestar, navrhnut\u00fd pre u\u017e\u00edvate\u013eov s obmedzen\u00fdm rozpo\u010dtom, st\u00e1le dok\u00e1\u017ee doda\u0165 v\u0161etko, \u010do rob\u00ed n\u00f4\u017e Spyderco skvel\u00fdm.<\/p>\n<p>Listov\u00e1 \u010depe\u013e so zahnut\u00fdm hrotom je vyroben\u00e1 z americkej nerezovej ocele CTS-BD1 s plne ploch\u00fdm br\u00fasen\u00edm pre \u013eahk\u00e9 rezanie. Charakteristick\u00fd otv\u00e1rac\u00ed otvor Spyderco umo\u017e\u0148uje \u010depe\u013e \u013eahko otvori\u0165 ktorouko\u013evek rukou bez toho, aby v\u00e1m v pl\u00e1tkoch br\u00e1nila ak\u00e1ko\u013evek prek\u00e1\u017eka (napr. palec). Dist\u00e1lne z\u00fa\u017eenie, ktor\u00e9 je vlastn\u00e9 tejto kombin\u00e1cii tvaru \u010depele a br\u00fasenia, taktie\u017e umo\u017e\u0148uje ve\u013emi ostr\u00fd a presn\u00fd hrot pre pr\u00e1cu s jemn\u00fdmi detailmi.<\/p>\n<p>Najv\u00fdraznej\u0161\u00edm prvkom Polestaru je \u0161peci\u00e1lny G10 pou\u017eit\u00fd pre rukov\u00e4\u0165ov\u00e9 v\u00e1hy. Vrchn\u00e1 vrstva tohto materi\u00e1lu m\u00e1 jedine\u010dn\u00fd kockovan\u00fd alebo \u0161rafovan\u00fd vzor. Vy\u010dnieva z davu bez toho, aby ste museli kri\u010da\u0165, a text\u00farovan\u00fd povrch zais\u0165uje, \u017ee budete ma\u0165 ve\u013ea pri\u013enavosti pri pr\u00e1ci.<\/p>\n<p>Vyu\u017eite\u013enos\u0165 Spyderco Polestar podporuje \u0161tvorpolohov\u00e1 vreckov\u00e1 spona, ktor\u00e1 umo\u017e\u0148uje \u013eubovo\u013en\u00fa preferenciu nosenia, a siln\u00fd z\u00e1mok vlo\u017eky na zabezpe\u010denie \u010depele. Kon\u0161trukcia stupnice s otvoren\u00fdm chrbtom u\u013eah\u010duje udr\u017eiavanie no\u017ea v \u010distote pri zachovan\u00ed n\u00edzkej hmotnosti a skeletonizovan\u00e9 pln\u00e9 vlo\u017eky zais\u0165uj\u00fa dostatok pevnosti na \u0165a\u017e\u0161ie pou\u017eitie.<\/p>\n<p>Preto\u017ee pon\u00faka v\u0161etky k\u013e\u00fa\u010dov\u00e9 vlastnosti no\u017ea Spyderco v cenovo priaznivom balen\u00ed, je Polestar jednozna\u010dn\u00fdm v\u00ed\u0165azom.<\/p>\n<p>\u0160pecifik\u00e1cia<br \/>\nD\u013a\u017eka \u010depele: 8.25 cm<br \/>\nD\u013a\u017eka v zatvorenom stave: 11.27 cm<br \/>\nCelkov\u00e1 d\u013a\u017eka: 19.52<br \/>\nMateri\u00e1l \u010depele: CTS BD1<br \/>\n\u0160t\u00fdl \u010depele: v tvare listu<br \/>\nBr\u00fasenie \u010depele: Plne ploch\u00e9<br \/>\nPovrchov\u00e1 \u00faprava \u010depele: sat\u00e9n<br \/>\nOstrie \u010depele: Hladk\u00e9<br \/>\nMateri\u00e1l rukov\u00e4te: G10<br \/>\nFarba rukov\u00e4te: \u0161ed\u00e1<br \/>\nUzamykac\u00ed mechanizmus: Liner Lock<br \/>\nVreckov\u00fd klip: Vykl\u00e1panie, skl\u00e1panie dole, nosenie v\u013eavo\/vpravo<br \/>\n\u010c\u00edslo modelu: C220GPGY<br \/>\nN\u00e1zov modelu: Polestar<br \/>\nHmotnos\u0165: 3,9 oz.<\/p>\n","protected":false},"excerpt":{"rendered":"<p>Polestar, navrhnut\u00fd pre u\u017e\u00edvate\u013eov s obmedzen\u00fdm rozpo\u010dtom, st\u00e1le dok\u00e1\u017ee doda\u0165 v\u0161etko, \u010do rob\u00ed n\u00f4\u017e Spyderco skvel\u00fdm.<\/p>\n","protected":false},"featured_media":260807,"comment_status":"open","ping_status":"closed","template":"","meta":[],"pwb-brand":[3261],"product_brand":[],"product_cat":[3233,3186],"product_tag":[3668],"class_list":{"0":"post-260821","1":"product","2":"type-product","3":"status-publish","4":"has-post-thumbnail","6":"pwb-brand-zatvaraci-noz-spyderco-endura-flat-ground-gray-frn-c10fpgy","7":"product_cat-zatvaracie-noze","8":"product_cat-noze-sk","9":"product_tag-b2b-sk","11":"first","12":"instock","13":"taxable","14":"shipping-taxable","15":"purchasable","16":"product-type-simple"},"brands":[{"id":3261,"name":"Zatv\u00e1rac\u00ed N\u00f4\u017e Spyderco Endura Flat Ground Gray FRN C10FPGY","slug":"zatvaraci-noz-spyderco-endura-flat-ground-gray-frn-c10fpgy"}],"_links":{"self":[{"href":"https:\/\/www.moskito.cz\/sk\/wp-json\/wp\/v2\/product\/260821","targetHints":{"allow":["GET"]}}],"collection":[{"href":"https:\/\/www.moskito.cz\/sk\/wp-json\/wp\/v2\/product"}],"about":[{"href":"https:\/\/www.moskito.cz\/sk\/wp-json\/wp\/v2\/types\/product"}],"replies":[{"embeddable":true,"href":"https:\/\/www.moskito.cz\/sk\/wp-json\/wp\/v2\/comments?post=260821"}],"wp:featuredmedia":[{"embeddable":true,"href":"https:\/\/www.moskito.cz\/sk\/wp-json\/wp\/v2\/media\/260807"}],"wp:attachment":[{"href":"https:\/\/www.moskito.cz\/sk\/wp-json\/wp\/v2\/media?parent=260821"}],"wp:term":[{"taxonomy":"pwb-brand","embeddable":true,"href":"https:\/\/www.moskito.cz\/sk\/wp-json\/wp\/v2\/pwb-brand?post=260821"},{"taxonomy":"product_brand","embeddable":true,"href":"https:\/\/www.moskito.cz\/sk\/wp-json\/wp\/v2\/product_brand?post=260821"},{"taxonomy":"product_cat","embeddable":true,"href":"https:\/\/www.moskito.cz\/sk\/wp-json\/wp\/v2\/product_cat?post=260821"},{"taxonomy":"product_tag","embeddable":true,"href":"https:\/\/www.moskito.cz\/sk\/wp-json\/wp\/v2\/product_tag?post=260821"}],"curies":[{"name":"wp","href":"https:\/\/api.w.org\/{rel}","templated":true}]}}