{"id":260840,"date":"2023-12-01T23:53:41","date_gmt":"2023-12-01T22:53:41","guid":{"rendered":"https:\/\/www.moskito.cz\/produkt\/zatvaraci-noz-spyderco-alcyone-c222gpgy\/"},"modified":"2025-05-07T10:54:28","modified_gmt":"2025-05-07T09:54:28","slug":"zatvaraci-noz-spyderco-alcyone-c222gpgy","status":"publish","type":"product","link":"https:\/\/www.moskito.cz\/sk\/produkt\/zatvaraci-noz-spyderco-alcyone-c222gpgy\/","title":{"rendered":"Zatv\u00e1rac\u00ed N\u00f4\u017e Spyderco Alcyone C222GPGY"},"content":{"rendered":"<p>Zatv\u00e1rac\u00ed N\u00f4\u017e Spyderco Alcyone C222GPGY<\/p>\n<p>Alcyone je brilantn\u00fd viachviezdny syst\u00e9m v s\u00fahvezd\u00ed B\u00fdka pomenovan\u00fd po jednej z dc\u00e9r Atlasa a Pleione. Rovnako ako jeho menovec, aj tento n\u00f4\u017e jasne \u017eiari nad svojimi n\u00e1protivkami a pon\u00faka v\u0161etky definuj\u00face kvality Spyderco v cenovo dostupnom balen\u00ed vhodnom do vrecka. Jeho celoplo\u0161ne br\u00fasen\u00e1 \u010depe\u013e je presne vyroben\u00e1 z nerezovej ocele CTS-BD1 americkej v\u00fdroby a vyzna\u010duje sa minim\u00e1lnym ricasso pre dlh\u00fa a v\u00fdnimo\u010dne schopn\u00fa pracovn\u00fa hranu. \u010cepe\u013e je sp\u00e1rovan\u00e1 s ergonomick\u00fdm dizajnom rukov\u00e4te, ktor\u00e1 zah\u0155\u0148a plne skeletonizovan\u00e9 vlo\u017eky z nerezovej ocele, \u013eahk\u00fa kon\u0161trukciu s otvoren\u00fdm chrbtom a vysoko pri\u013enav\u00e9 v\u00e1hy G10. Pevn\u00fd, \u013eahko ovl\u00e1date\u013en\u00fd mechanizmus z\u00e1mku vlo\u017eky, \u0161tvorpolohov\u00e1 spona na vrecko a ve\u013ek\u00fd otvor pre \u0161n\u00farku dop\u013a\u0148aj\u00fa balenie a robia z Alcyone jednu z najlep\u0161\u00edch hodn\u00f4t na trhu so zatv\u00e1rac\u00edmi no\u017emi.<\/p>\n<p>\u0160pecifik\u00e1cia<br \/>\nD\u013a\u017eka \u010depele: 7.27 cm<br \/>\nD\u013a\u017eka v zatvorenom stave: 10.32 cm<br \/>\nCelkov\u00e1 d\u013a\u017eka: 17.6 cm<br \/>\nMateri\u00e1l \u010depele: CTS-BD1 Nerezov\u00e1 oce\u013e<br \/>\n\u0160t\u00fdl \u010depele: Tvar listu<br \/>\nBr\u00fasenie \u010depele: Plne ploch\u00e9<br \/>\nPovrchov\u00e1 \u00faprava \u010depele: sat\u00e9n<br \/>\nOstrie \u010depele: Hladk\u00e9<br \/>\nMateri\u00e1l rukov\u00e4te: G10<br \/>\nFarba rukov\u00e4te: \u0161ed\u00e1<br \/>\nUzamykac\u00ed mechanizmus: Vlo\u017eka<br \/>\nVreckov\u00fd klip: Sklopenie hore\/dole, nosenie v\u013eavo\/vpravo<br \/>\n\u010c\u00edslo modelu: C222GPGY<br \/>\nN\u00e1zov modelu: Alcyone<br \/>\nHmotnos\u0165: 3,3 oz.<\/p>\n","protected":false},"excerpt":{"rendered":"<p>Alcyone je brilantn\u00fd viachviezdny syst\u00e9m v s\u00fahvezd\u00ed B\u00fdka pomenovan\u00fd po jednej z dc\u00e9r Atlasa a Pleione. Rovnako ako jeho menovec, aj tento n\u00f4\u017e jasne \u017eiari nad svojimi n\u00e1protivkami a pon\u00faka v\u0161etky definuj\u00face kvality Spyderco v cenovo dostupnom balen\u00ed.<\/p>\n","protected":false},"featured_media":260826,"comment_status":"open","ping_status":"closed","template":"","meta":[],"pwb-brand":[3261],"product_brand":[],"product_cat":[3233,3186],"product_tag":[3668],"class_list":{"0":"post-260840","1":"product","2":"type-product","3":"status-publish","4":"has-post-thumbnail","6":"pwb-brand-zatvaraci-noz-spyderco-endura-flat-ground-gray-frn-c10fpgy","7":"product_cat-zatvaracie-noze","8":"product_cat-noze-sk","9":"product_tag-b2b-sk","11":"first","12":"instock","13":"taxable","14":"shipping-taxable","15":"purchasable","16":"product-type-simple"},"brands":[{"id":3261,"name":"Zatv\u00e1rac\u00ed N\u00f4\u017e Spyderco Endura Flat Ground Gray FRN C10FPGY","slug":"zatvaraci-noz-spyderco-endura-flat-ground-gray-frn-c10fpgy"}],"_links":{"self":[{"href":"https:\/\/www.moskito.cz\/sk\/wp-json\/wp\/v2\/product\/260840","targetHints":{"allow":["GET"]}}],"collection":[{"href":"https:\/\/www.moskito.cz\/sk\/wp-json\/wp\/v2\/product"}],"about":[{"href":"https:\/\/www.moskito.cz\/sk\/wp-json\/wp\/v2\/types\/product"}],"replies":[{"embeddable":true,"href":"https:\/\/www.moskito.cz\/sk\/wp-json\/wp\/v2\/comments?post=260840"}],"wp:featuredmedia":[{"embeddable":true,"href":"https:\/\/www.moskito.cz\/sk\/wp-json\/wp\/v2\/media\/260826"}],"wp:attachment":[{"href":"https:\/\/www.moskito.cz\/sk\/wp-json\/wp\/v2\/media?parent=260840"}],"wp:term":[{"taxonomy":"pwb-brand","embeddable":true,"href":"https:\/\/www.moskito.cz\/sk\/wp-json\/wp\/v2\/pwb-brand?post=260840"},{"taxonomy":"product_brand","embeddable":true,"href":"https:\/\/www.moskito.cz\/sk\/wp-json\/wp\/v2\/product_brand?post=260840"},{"taxonomy":"product_cat","embeddable":true,"href":"https:\/\/www.moskito.cz\/sk\/wp-json\/wp\/v2\/product_cat?post=260840"},{"taxonomy":"product_tag","embeddable":true,"href":"https:\/\/www.moskito.cz\/sk\/wp-json\/wp\/v2\/product_tag?post=260840"}],"curies":[{"name":"wp","href":"https:\/\/api.w.org\/{rel}","templated":true}]}}