{"id":260862,"date":"2023-12-02T11:49:42","date_gmt":"2023-12-02T10:49:42","guid":{"rendered":"https:\/\/www.moskito.cz\/produkt\/zatvaraci-noz-spyderco-roc-c177gp\/"},"modified":"2025-05-07T10:54:29","modified_gmt":"2025-05-07T09:54:29","slug":"zatvaraci-noz-spyderco-roc-c177gp","status":"publish","type":"product","link":"https:\/\/www.moskito.cz\/sk\/produkt\/zatvaraci-noz-spyderco-roc-c177gp\/","title":{"rendered":"Zatv\u00e1rac\u00ed N\u00f4\u017e Spyderco Roc C177GP"},"content":{"rendered":"<p>Serge Panchenko naroden\u00fd na Ukrajine vyr\u00e1ba no\u017ee na z\u00e1kazku iba nieko\u013eko rokov, ale za ten \u010das si na\u0161iel priaznivcov. Jeho prv\u00e1 spolupr\u00e1ca so Spydercom, Roc, kombinuje jedine\u010dn\u00fa \u010depe\u013e v \u0161t\u00fdle sek\u00e1\u010dika s elegantne zakrivenou rukov\u00e4\u0165ou s skeletonizovan\u00fdmi celonerezov\u00fdmi vlo\u017ekami a text\u00farovan\u00fdmi \u010diernymi stupnicami G-10. \u010cepe\u013e z nerezovej ocele VG-10 je z d\u00f4vodu pevnosti br\u00fasen\u00e1 \u0161ab\u013eou a m\u00e1 \u00fa\u017eitkov\u00fa povrchov\u00fa \u00fapravu s otryskan\u00edm. Je podporovan\u00fd robustn\u00fdm mechanizmom Walker LinerLock a kon\u0161trukciou rukov\u00e4te s otvorenou chrbticou pre n\u00edzku hmotnos\u0165 a \u013eahk\u00e9 \u010distenie. Obojstrann\u00e1 dr\u00f4ten\u00e1 spona s hlbok\u00fdm vreckom umo\u017e\u0148uje vykl\u00e1panie, nosenie v\u013eavo\/vpravo a zais\u0165uje, \u017ee tento jedine\u010dn\u00fd n\u00e1stroj bude v\u017edy pripraven\u00fd.<\/p>\n<p>\u0160pecifik\u00e1cia<br \/>\nD\u013a\u017eka \u010depele: 7.8 cm<br \/>\nCelkov\u00e1 d\u013a\u017eka: 19.7 cm<br \/>\nD\u013a\u017eka v zatvorenom stave: 11.9 cm<br \/>\nHr\u00fabka \u010depele: 0,118&#8243; (3 mm)<br \/>\nPriemer otvoru: 0,11 cm<br \/>\nMateri\u00e1l \u010depele: VG10 Nerezov\u00e1 oce\u013e<br \/>\nPovrchov\u00e1 \u00faprava \u010depele: Bead Blast<br \/>\nMateri\u00e1l rukov\u00e4te: G10<br \/>\nUzamykac\u00ed mechanizmus: Michael Walker LinerLock<br \/>\nHmotnos\u0165: 133 g<br \/>\nVyroben\u00e9 v Japonsku<\/p>\n","protected":false},"excerpt":{"rendered":"<p>Serge Panchenko naroden\u00fd na Ukrajine vyr\u00e1ba no\u017ee na z\u00e1kazku iba nieko\u013eko rokov, ale za ten \u010das si na\u0161iel priaznivcov.<\/p>\n","protected":false},"featured_media":260848,"comment_status":"open","ping_status":"closed","template":"","meta":[],"pwb-brand":[3261],"product_brand":[],"product_cat":[3233,3186],"product_tag":[3668],"class_list":{"0":"post-260862","1":"product","2":"type-product","3":"status-publish","4":"has-post-thumbnail","6":"pwb-brand-zatvaraci-noz-spyderco-endura-flat-ground-gray-frn-c10fpgy","7":"product_cat-zatvaracie-noze","8":"product_cat-noze-sk","9":"product_tag-b2b-sk","11":"first","12":"instock","13":"taxable","14":"shipping-taxable","15":"purchasable","16":"product-type-simple"},"brands":[{"id":3261,"name":"Zatv\u00e1rac\u00ed N\u00f4\u017e Spyderco Endura Flat Ground Gray FRN C10FPGY","slug":"zatvaraci-noz-spyderco-endura-flat-ground-gray-frn-c10fpgy"}],"_links":{"self":[{"href":"https:\/\/www.moskito.cz\/sk\/wp-json\/wp\/v2\/product\/260862","targetHints":{"allow":["GET"]}}],"collection":[{"href":"https:\/\/www.moskito.cz\/sk\/wp-json\/wp\/v2\/product"}],"about":[{"href":"https:\/\/www.moskito.cz\/sk\/wp-json\/wp\/v2\/types\/product"}],"replies":[{"embeddable":true,"href":"https:\/\/www.moskito.cz\/sk\/wp-json\/wp\/v2\/comments?post=260862"}],"wp:featuredmedia":[{"embeddable":true,"href":"https:\/\/www.moskito.cz\/sk\/wp-json\/wp\/v2\/media\/260848"}],"wp:attachment":[{"href":"https:\/\/www.moskito.cz\/sk\/wp-json\/wp\/v2\/media?parent=260862"}],"wp:term":[{"taxonomy":"pwb-brand","embeddable":true,"href":"https:\/\/www.moskito.cz\/sk\/wp-json\/wp\/v2\/pwb-brand?post=260862"},{"taxonomy":"product_brand","embeddable":true,"href":"https:\/\/www.moskito.cz\/sk\/wp-json\/wp\/v2\/product_brand?post=260862"},{"taxonomy":"product_cat","embeddable":true,"href":"https:\/\/www.moskito.cz\/sk\/wp-json\/wp\/v2\/product_cat?post=260862"},{"taxonomy":"product_tag","embeddable":true,"href":"https:\/\/www.moskito.cz\/sk\/wp-json\/wp\/v2\/product_tag?post=260862"}],"curies":[{"name":"wp","href":"https:\/\/api.w.org\/{rel}","templated":true}]}}