{"id":260910,"date":"2023-12-03T21:04:52","date_gmt":"2023-12-03T20:04:52","guid":{"rendered":"https:\/\/www.moskito.cz\/produkt\/zatvaraci-noz-spyderco-manbug-mbklfs\/"},"modified":"2025-05-07T10:54:30","modified_gmt":"2025-05-07T09:54:30","slug":"zatvaraci-noz-spyderco-manbug-mbklfs","status":"publish","type":"product","link":"https:\/\/www.moskito.cz\/sk\/produkt\/zatvaraci-noz-spyderco-manbug-mbklfs\/","title":{"rendered":"Zatv\u00e1rac\u00ed N\u00f4\u017e Spyderco Manbug MBKLFS"},"content":{"rendered":"<p>Zatv\u00e1rac\u00ed N\u00f4\u017e Spyderco Manbug MBKLFS<\/p>\n<p>Manbug, p\u00f4vodne vytvoren\u00fd ako o nie\u010do \u0161ir\u0161\u00ed, mu\u017enej\u0161\u00ed v\u00fdraz klasickej Ladybug, je zatv\u00e1rac\u00ed n\u00f4\u017e s poistkou na k\u013e\u00fa\u010de, ktor\u00fd re\u017ee s autoritou \u010faleko za svojou ve\u013ekos\u0165ou. Najnov\u0161ia verzia tohto ob\u013e\u00faben\u00e9ho designu predstavuje ikonick\u00fd profil \u010depele Spyderco v tvare listu. P\u00f4vabn\u00e9 krivky celoplo\u0161ne br\u00fasen\u00e9 \u010depele z nerezovej ocele VG-10, in\u0161pirovan\u00e9 tvarom bambusov\u00e9ho listu, s\u00fastredia jeho \u0161pi\u010dku a poskytuj\u00fa v\u00fdnimo\u010dn\u00fa rovnov\u00e1hu geometrie ostria a \u0161pi\u010dky.<\/p>\n<p>\u0160pecifik\u00e1cia<br \/>\nD\u013a\u017eka \u010depele: 4.8 cm<br \/>\nD\u013a\u017eka v zatvorenom stave: 6.4 cm<br \/>\nCelkov\u00e1 d\u013a\u017eka: 11.2 cm<br \/>\nMateri\u00e1l \u010depele: VG10 Nerezov\u00e1 oce\u013e<br \/>\nHr\u00fabka \u010depele: 0,25 cm<br \/>\n\u0160t\u00fdl \u010depele: v tvare listu<br \/>\nBr\u00fasenie \u010depele: Plne ploch\u00e9<br \/>\nPovrchov\u00e1 \u00faprava \u010depele: sat\u00e9n<br \/>\nMateri\u00e1l rukov\u00e4te: \u010dierna FRN<br \/>\nUzamykac\u00ed mechanizmus: Lockback<br \/>\nVreckov\u00fd klip: \u017diadny<br \/>\nHmotnos\u0165: 20 g<br \/>\nVyroben\u00e9 v Japonsku<\/p>\n","protected":false},"excerpt":{"rendered":"<p>Manbug, p\u00f4vodne vytvoren\u00fd ako o nie\u010do \u0161ir\u0161\u00ed, mu\u017enej\u0161\u00ed v\u00fdraz klasickej Ladybug, je zatv\u00e1rac\u00ed n\u00f4\u017e s poistkou na k\u013e\u00fa\u010de.<\/p>\n","protected":false},"featured_media":260896,"comment_status":"open","ping_status":"closed","template":"","meta":[],"pwb-brand":[3261],"product_brand":[],"product_cat":[3233,3186],"product_tag":[3668],"class_list":{"0":"post-260910","1":"product","2":"type-product","3":"status-publish","4":"has-post-thumbnail","6":"pwb-brand-zatvaraci-noz-spyderco-endura-flat-ground-gray-frn-c10fpgy","7":"product_cat-zatvaracie-noze","8":"product_cat-noze-sk","9":"product_tag-b2b-sk","11":"first","12":"instock","13":"sale","14":"taxable","15":"shipping-taxable","16":"purchasable","17":"product-type-simple"},"brands":[{"id":3261,"name":"Zatv\u00e1rac\u00ed N\u00f4\u017e Spyderco Endura Flat Ground Gray FRN C10FPGY","slug":"zatvaraci-noz-spyderco-endura-flat-ground-gray-frn-c10fpgy"}],"_links":{"self":[{"href":"https:\/\/www.moskito.cz\/sk\/wp-json\/wp\/v2\/product\/260910","targetHints":{"allow":["GET"]}}],"collection":[{"href":"https:\/\/www.moskito.cz\/sk\/wp-json\/wp\/v2\/product"}],"about":[{"href":"https:\/\/www.moskito.cz\/sk\/wp-json\/wp\/v2\/types\/product"}],"replies":[{"embeddable":true,"href":"https:\/\/www.moskito.cz\/sk\/wp-json\/wp\/v2\/comments?post=260910"}],"wp:featuredmedia":[{"embeddable":true,"href":"https:\/\/www.moskito.cz\/sk\/wp-json\/wp\/v2\/media\/260896"}],"wp:attachment":[{"href":"https:\/\/www.moskito.cz\/sk\/wp-json\/wp\/v2\/media?parent=260910"}],"wp:term":[{"taxonomy":"pwb-brand","embeddable":true,"href":"https:\/\/www.moskito.cz\/sk\/wp-json\/wp\/v2\/pwb-brand?post=260910"},{"taxonomy":"product_brand","embeddable":true,"href":"https:\/\/www.moskito.cz\/sk\/wp-json\/wp\/v2\/product_brand?post=260910"},{"taxonomy":"product_cat","embeddable":true,"href":"https:\/\/www.moskito.cz\/sk\/wp-json\/wp\/v2\/product_cat?post=260910"},{"taxonomy":"product_tag","embeddable":true,"href":"https:\/\/www.moskito.cz\/sk\/wp-json\/wp\/v2\/product_tag?post=260910"}],"curies":[{"name":"wp","href":"https:\/\/api.w.org\/{rel}","templated":true}]}}