{"id":260928,"date":"2023-12-03T21:33:28","date_gmt":"2023-12-03T20:33:28","guid":{"rendered":"https:\/\/www.moskito.cz\/produkt\/zatvaraci-noz-spyderco-clipitool-c176ps\/"},"modified":"2025-05-07T10:54:31","modified_gmt":"2025-05-07T09:54:31","slug":"zatvaraci-noz-spyderco-clipitool-c176ps","status":"publish","type":"product","link":"https:\/\/www.moskito.cz\/sk\/produkt\/zatvaraci-noz-spyderco-clipitool-c176ps\/","title":{"rendered":"Zatv\u00e1rac\u00ed N\u00f4\u017e Spyderco ClipiTool C176P&#038;S"},"content":{"rendered":"<p>Prec\u00edzna celonerezov\u00e1 kon\u0161trukcia s vynikaj\u00facim prisp\u00f4soben\u00edm, povrchovou \u00fapravou a d\u00f4razom na detail<br \/>\nVreckov\u00fd klip pre pohodln\u00e9 pren\u00e1\u0161anie a \u013eahk\u00fd pr\u00edstup<br \/>\n\u0160irok\u00fd, plne ploch\u00fd kot\u00fa\u010d pon\u00faka na svoju ve\u013ekos\u0165 bezkonkuren\u010dn\u00fd rezn\u00fd v\u00fdkon<br \/>\n\u010cepe\u013e s neuzamykate\u013en\u00fdm klzn\u00fdm k\u013abom m\u00e1 pre bezpe\u010dnos\u0165 pri pou\u017e\u00edvan\u00ed ukazov\u00e1k<br \/>\nU\u017e\u00edvate\u013esky pr\u00edvetiv\u00fd okr\u00fahly otvor v \u010depeli a n\u00e1stroji pre \u013eahk\u00e9 otv\u00e1ranie oboma rukami<br \/>\nPraktick\u00e9, neuzamykate\u013en\u00e9 sekund\u00e1rne n\u00e1stroje sa \u013eahko vysporiadaj\u00fa s \u010fal\u0161\u00edmi ka\u017edodenn\u00fdmi \u00falohami<br \/>\n\u0160pecifik\u00e1cia<br \/>\nD\u013a\u017eka \u010depele: 5.1 cm<br \/>\nCelkov\u00e1 d\u013a\u017eka: 11.6 cm<br \/>\nD\u013a\u017eka v zatvorenom stave: 6.5 cm<br \/>\nHr\u00fabka \u010depele: 0,2 cm<br \/>\nMateri\u00e1l \u010depele: 8Cr13MoV<br \/>\nMateri\u00e1l rukov\u00e4te: Nerezov\u00e1 oce\u013e<br \/>\nUzamykac\u00ed mechanizmus: Klzn\u00fd k\u013ab<br \/>\nHmotnos\u0165: 51 g<\/p>\n","protected":false},"excerpt":{"rendered":"<p>No\u017ee ClipiTool\u2122 predstavuj\u00fa vzru\u0161uj\u00faci druh rezn\u00fdch n\u00e1strojov Spyderco, ktor\u00e9 novo definuj\u00fa koncept multifunk\u010dn\u00e9ho vreckov\u00e9ho no\u017ea.<\/p>\n","protected":false},"featured_media":260914,"comment_status":"open","ping_status":"closed","template":"","meta":[],"pwb-brand":[3261],"product_brand":[],"product_cat":[3186,3233],"product_tag":[3668],"class_list":{"0":"post-260928","1":"product","2":"type-product","3":"status-publish","4":"has-post-thumbnail","6":"pwb-brand-zatvaraci-noz-spyderco-endura-flat-ground-gray-frn-c10fpgy","7":"product_cat-noze-sk","8":"product_cat-zatvaracie-noze","9":"product_tag-b2b-sk","11":"first","12":"outofstock","13":"taxable","14":"shipping-taxable","15":"purchasable","16":"product-type-simple"},"brands":[{"id":3261,"name":"Zatv\u00e1rac\u00ed N\u00f4\u017e Spyderco Endura Flat Ground Gray FRN C10FPGY","slug":"zatvaraci-noz-spyderco-endura-flat-ground-gray-frn-c10fpgy"}],"_links":{"self":[{"href":"https:\/\/www.moskito.cz\/sk\/wp-json\/wp\/v2\/product\/260928","targetHints":{"allow":["GET"]}}],"collection":[{"href":"https:\/\/www.moskito.cz\/sk\/wp-json\/wp\/v2\/product"}],"about":[{"href":"https:\/\/www.moskito.cz\/sk\/wp-json\/wp\/v2\/types\/product"}],"replies":[{"embeddable":true,"href":"https:\/\/www.moskito.cz\/sk\/wp-json\/wp\/v2\/comments?post=260928"}],"wp:featuredmedia":[{"embeddable":true,"href":"https:\/\/www.moskito.cz\/sk\/wp-json\/wp\/v2\/media\/260914"}],"wp:attachment":[{"href":"https:\/\/www.moskito.cz\/sk\/wp-json\/wp\/v2\/media?parent=260928"}],"wp:term":[{"taxonomy":"pwb-brand","embeddable":true,"href":"https:\/\/www.moskito.cz\/sk\/wp-json\/wp\/v2\/pwb-brand?post=260928"},{"taxonomy":"product_brand","embeddable":true,"href":"https:\/\/www.moskito.cz\/sk\/wp-json\/wp\/v2\/product_brand?post=260928"},{"taxonomy":"product_cat","embeddable":true,"href":"https:\/\/www.moskito.cz\/sk\/wp-json\/wp\/v2\/product_cat?post=260928"},{"taxonomy":"product_tag","embeddable":true,"href":"https:\/\/www.moskito.cz\/sk\/wp-json\/wp\/v2\/product_tag?post=260928"}],"curies":[{"name":"wp","href":"https:\/\/api.w.org\/{rel}","templated":true}]}}