{"id":261021,"date":"2023-12-04T19:23:24","date_gmt":"2023-12-04T18:23:24","guid":{"rendered":"https:\/\/www.moskito.cz\/produkt\/zatvaraci-noz-spyderco-siren-c247gp\/"},"modified":"2025-05-07T10:54:31","modified_gmt":"2025-05-07T09:54:31","slug":"zatvaraci-noz-spyderco-siren-c247gp","status":"publish","type":"product","link":"https:\/\/www.moskito.cz\/sk\/produkt\/zatvaraci-noz-spyderco-siren-c247gp\/","title":{"rendered":"Zatv\u00e1rac\u00ed N\u00f4\u017e Spyderco Siren C247GP"},"content":{"rendered":"<p>Zatv\u00e1rac\u00ed N\u00f4\u017e Spyderco Siren C247GP<\/p>\n<p>Spyderco sir\u00e9na C247GP je perfektn\u00fd vreckov\u00fd n\u00f4\u017e pre ka\u017ed\u00e9ho, kto tr\u00e1vi ve\u013ea \u010dasu na vode alebo okolo vody. Sir\u00e9nu navrhol Lance Clinton. Profesion\u00e1l, pokia\u013e ide o jazdu na kajaku. V\u00fdsledok je skvel\u00fd! Odbornos\u0165 Clintonovej v kombin\u00e1cii s vynikaj\u00facou kvalitou v\u00fdroby Spyderco a znalost\u00ed materi\u00e1lu viedla k \u00fa\u017easn\u00e9mu produktu.<\/p>\n<p>Spyderco Siren pon\u00faka optimalizovan\u00fa ergon\u00f3miu pre e\u0161te lep\u0161iu kontrolu nad no\u017eom. \u010cepe\u013e vyroben\u00e1 z ocele LC200N, zaru\u010duje enormn\u00fd rezn\u00fd v\u00fdkon pre v\u0161etky vybran\u00e9 rezn\u00e9 pr\u00e1ce. Palec sa m\u00f4\u017ee pohodlne oprie\u0165 o tvarovan\u00fa vrchn\u00fa stranu \u010depele, \u010do umo\u017e\u0148uje e\u0161te lep\u0161ie rozlo\u017eenie tlaku pri rezac\u00edch \u00fakonoch. Otv\u00e1ra sa manu\u00e1lne, kruhov\u00fdm otvorom na \u010depeli. Otvoren\u00fd n\u00f4\u017e spo\u013eahlivo zamyk\u00e1 poistka BackLock. Proti\u0161mykov\u00e1 rukov\u00e4\u0165 je vyroben\u00e1 z \u010dierneho materi\u00e1lu G-10 a je vystu\u017een\u00e1 oce\u013eov\u00fdmi vlo\u017ekami, ktor\u00e9 dod\u00e1vaj\u00fa rukov\u00e4te zosilnenie a potrebn\u00fa pevnos\u0165. Klip na vrecko je \u0161tvorpolohov\u00fd \u010do znamen\u00e1, \u017ee si ho m\u00f4\u017eete prisp\u00f4sobi\u0165 pod\u013ea potreby nosenia.<\/p>\n<p>&nbsp;<\/p>\n<p>Materi\u00e1l \u010depele: CPM-S30V<br \/>\nMateri\u00e1l rukov\u00e4te: G-10<br \/>\nPoistka: Backlock<br \/>\nD\u013a\u017eka \u010depele: 9.2 cm<br \/>\nCelkov\u00e1 d\u013a\u017eka: 22.2 cm<br \/>\nD\u013a\u017eka zlo\u017een\u00e9ho no\u017ea: 13.1 cm<br \/>\nHr\u00fabka \u010depele: 0.32 cm<br \/>\nHmotnos\u0165:<br \/>\n02 g<\/p>\n","protected":false},"excerpt":{"rendered":"<p>Spyderco sir\u00e9na C247GP je perfektn\u00fd vreckov\u00fd n\u00f4\u017e pre ka\u017ed\u00e9ho, kto tr\u00e1vi ve\u013ea \u010dasu na vode alebo okolo vody.<\/p>\n","protected":false},"featured_media":261010,"comment_status":"open","ping_status":"closed","template":"","meta":[],"pwb-brand":[3261],"product_brand":[],"product_cat":[3233,3186],"product_tag":[3668],"class_list":{"0":"post-261021","1":"product","2":"type-product","3":"status-publish","4":"has-post-thumbnail","6":"pwb-brand-zatvaraci-noz-spyderco-endura-flat-ground-gray-frn-c10fpgy","7":"product_cat-zatvaracie-noze","8":"product_cat-noze-sk","9":"product_tag-b2b-sk","11":"first","12":"instock","13":"taxable","14":"shipping-taxable","15":"purchasable","16":"product-type-simple"},"brands":[{"id":3261,"name":"Zatv\u00e1rac\u00ed N\u00f4\u017e Spyderco Endura Flat Ground Gray FRN C10FPGY","slug":"zatvaraci-noz-spyderco-endura-flat-ground-gray-frn-c10fpgy"}],"_links":{"self":[{"href":"https:\/\/www.moskito.cz\/sk\/wp-json\/wp\/v2\/product\/261021","targetHints":{"allow":["GET"]}}],"collection":[{"href":"https:\/\/www.moskito.cz\/sk\/wp-json\/wp\/v2\/product"}],"about":[{"href":"https:\/\/www.moskito.cz\/sk\/wp-json\/wp\/v2\/types\/product"}],"replies":[{"embeddable":true,"href":"https:\/\/www.moskito.cz\/sk\/wp-json\/wp\/v2\/comments?post=261021"}],"wp:featuredmedia":[{"embeddable":true,"href":"https:\/\/www.moskito.cz\/sk\/wp-json\/wp\/v2\/media\/261010"}],"wp:attachment":[{"href":"https:\/\/www.moskito.cz\/sk\/wp-json\/wp\/v2\/media?parent=261021"}],"wp:term":[{"taxonomy":"pwb-brand","embeddable":true,"href":"https:\/\/www.moskito.cz\/sk\/wp-json\/wp\/v2\/pwb-brand?post=261021"},{"taxonomy":"product_brand","embeddable":true,"href":"https:\/\/www.moskito.cz\/sk\/wp-json\/wp\/v2\/product_brand?post=261021"},{"taxonomy":"product_cat","embeddable":true,"href":"https:\/\/www.moskito.cz\/sk\/wp-json\/wp\/v2\/product_cat?post=261021"},{"taxonomy":"product_tag","embeddable":true,"href":"https:\/\/www.moskito.cz\/sk\/wp-json\/wp\/v2\/product_tag?post=261021"}],"curies":[{"name":"wp","href":"https:\/\/api.w.org\/{rel}","templated":true}]}}