{"id":261072,"date":"2023-12-04T20:57:21","date_gmt":"2023-12-04T19:57:21","guid":{"rendered":"https:\/\/www.moskito.cz\/produkt\/zatvaraci-noz-spyderco-salt-2-wharncliffe-c88swcyl2\/"},"modified":"2025-05-07T10:54:33","modified_gmt":"2025-05-07T09:54:33","slug":"zatvaraci-noz-spyderco-salt-2-wharncliffe-c88swcyl2","status":"publish","type":"product","link":"https:\/\/www.moskito.cz\/sk\/produkt\/zatvaraci-noz-spyderco-salt-2-wharncliffe-c88swcyl2\/","title":{"rendered":"Zatv\u00e1rac\u00ed N\u00f4\u017e Spyderco Salt 2 Wharncliffe C88SWCYL2"},"content":{"rendered":"<p>Na za\u010diatku roku 2023 Spyderco ozn\u00e1milo priebe\u017en\u00fa zmenu pre svoju s\u00e9riu Salt. S\u00e9ria Salt, p\u00f4vodne vyr\u00e1ban\u00e1 z nerezovej ocele H1, sa prech\u00e1dza na nerezov\u00fa oce\u013e H2, ktor\u00e1 poskytuje zv\u00fd\u0161en\u00fa odolnos\u0165 proti kor\u00f3zii.<\/p>\n<p>\u0160pecifik\u00e1cia:<br \/>\nD\u013a\u017eka \u010depele: 7.22 cm<br \/>\nD\u013a\u017eka v zatvorenom stave: 10.62 cm<br \/>\nCelkov\u00e1 d\u013a\u017eka: 17.85 cm<br \/>\nMateri\u00e1l \u010depele: H1\/H2 Ultra-kor\u00f3zii odoln\u00e1 oce\u013e*<br \/>\n\u0160t\u00fdl \u010depele: Wharncliffe<br \/>\nBr\u00fasenie \u010depele: Dut\u00e9<br \/>\nPovrchov\u00e1 \u00faprava \u010depele: sat\u00e9n<br \/>\nOstrie \u010depele: Vr\u00fabkovan\u00e9<br \/>\nMateri\u00e1l rukov\u00e4te: FRN<br \/>\nFarba rukov\u00e4te: \u017elt\u00e1<br \/>\nUzamykac\u00ed mechanizmus: Lockback<br \/>\nVreckov\u00fd klip: Sklopenie hore\/dole, nosenie v\u013eavo\/vpravo<br \/>\n\u010c\u00edslo modelu: C88SWCYL2<br \/>\nN\u00e1zov modelu: Salt 2 Wharncliffe<br \/>\nHmotnos\u0165: 2,0 oz.<br \/>\nVyroben\u00e9 v Japonsku<\/p>\n","protected":false},"excerpt":{"rendered":"<p>Druh\u00e1 gener\u00e1cia no\u017eov Salt 2 od Spyderco kombinuje mimoriadnu odolnos\u0165 proti kor\u00f3zii a extr\u00e9mnu h\u00fa\u017eevnatos\u0165 ultra-kor\u00f3zii odolnej ocele H-1 na b\u00e1ze dus\u00edka s vybranou ergon\u00f3miou rukov\u00e4te najpred\u00e1vanej\u0161ieho Delica 4. Salt 2 Wharncliffe pokra\u010duje v tomto v\u00fdvoji pridan\u00edm \u010depele Wharncliffe.<\/p>\n","protected":false},"featured_media":261058,"comment_status":"open","ping_status":"closed","template":"","meta":[],"pwb-brand":[3261],"product_brand":[],"product_cat":[3186,3233],"product_tag":[3668],"class_list":{"0":"post-261072","1":"product","2":"type-product","3":"status-publish","4":"has-post-thumbnail","6":"pwb-brand-zatvaraci-noz-spyderco-endura-flat-ground-gray-frn-c10fpgy","7":"product_cat-noze-sk","8":"product_cat-zatvaracie-noze","9":"product_tag-b2b-sk","11":"first","12":"instock","13":"taxable","14":"shipping-taxable","15":"purchasable","16":"product-type-simple"},"brands":[{"id":3261,"name":"Zatv\u00e1rac\u00ed N\u00f4\u017e Spyderco Endura Flat Ground Gray FRN C10FPGY","slug":"zatvaraci-noz-spyderco-endura-flat-ground-gray-frn-c10fpgy"}],"_links":{"self":[{"href":"https:\/\/www.moskito.cz\/sk\/wp-json\/wp\/v2\/product\/261072","targetHints":{"allow":["GET"]}}],"collection":[{"href":"https:\/\/www.moskito.cz\/sk\/wp-json\/wp\/v2\/product"}],"about":[{"href":"https:\/\/www.moskito.cz\/sk\/wp-json\/wp\/v2\/types\/product"}],"replies":[{"embeddable":true,"href":"https:\/\/www.moskito.cz\/sk\/wp-json\/wp\/v2\/comments?post=261072"}],"wp:featuredmedia":[{"embeddable":true,"href":"https:\/\/www.moskito.cz\/sk\/wp-json\/wp\/v2\/media\/261058"}],"wp:attachment":[{"href":"https:\/\/www.moskito.cz\/sk\/wp-json\/wp\/v2\/media?parent=261072"}],"wp:term":[{"taxonomy":"pwb-brand","embeddable":true,"href":"https:\/\/www.moskito.cz\/sk\/wp-json\/wp\/v2\/pwb-brand?post=261072"},{"taxonomy":"product_brand","embeddable":true,"href":"https:\/\/www.moskito.cz\/sk\/wp-json\/wp\/v2\/product_brand?post=261072"},{"taxonomy":"product_cat","embeddable":true,"href":"https:\/\/www.moskito.cz\/sk\/wp-json\/wp\/v2\/product_cat?post=261072"},{"taxonomy":"product_tag","embeddable":true,"href":"https:\/\/www.moskito.cz\/sk\/wp-json\/wp\/v2\/product_tag?post=261072"}],"curies":[{"name":"wp","href":"https:\/\/api.w.org\/{rel}","templated":true}]}}