{"id":261090,"date":"2023-12-04T21:27:10","date_gmt":"2023-12-04T20:27:10","guid":{"rendered":"https:\/\/www.moskito.cz\/produkt\/zatvaraci-noz-spyderco-leafjumper-c262sblk390\/"},"modified":"2025-05-07T10:54:34","modified_gmt":"2025-05-07T09:54:34","slug":"zatvaraci-noz-spyderco-leafjumper-c262sblk390","status":"publish","type":"product","link":"https:\/\/www.moskito.cz\/sk\/produkt\/zatvaraci-noz-spyderco-leafjumper-c262sblk390\/","title":{"rendered":"Zatv\u00e1rac\u00ed N\u00f4\u017e Spyderco LeafJumper C262SBLK390"},"content":{"rendered":"<p>Zatv\u00e1rac\u00ed N\u00f4\u017e <strong>Spyderco<\/strong> LeafJumper C262SBLK390<\/p>\n<p>Spoluzakladate\u013e <strong>Spyderco<\/strong> Sal Glesser mal v\u017edy ve\u013ek\u00fd z\u00e1ujem o navrhovanie no\u017eov, ktor\u00e9 sp\u013a\u0148aj\u00fa \u0161pecifick\u00e9 v\u00fdkonnostn\u00e9 krit\u00e9ri\u00e1. Jeho neuverite\u013en\u00e1 schopnos\u0165 porozumie\u0165 potreb\u00e1m koncov\u00fdch u\u017e\u00edvate\u013eov a identifikova\u0165 sa s nimi viedla k niektor\u00fdm z najzn\u00e1mej\u0161\u00edch n\u00e1vrhov <strong>Spyderco<\/strong> , vr\u00e1tane Mariner, Police Model, Civilian, Military, Rescue a Assist, aby sme vymenovali len niektor\u00e9.<\/p>\n<p>Nov\u0161\u00edm pr\u00edkladom Salova \u0161pecifick\u00e9ho pr\u00edstupu k designu no\u017eov je RockJumper, ktor\u00fd vytvoril, aby uspokojil n\u00e1ro\u010dn\u00e9 po\u017eiadavky outdoorov\u00fdch nad\u0161encov a horolezcov. RockJumper, ktor\u00fd bol predstaven\u00fd v roku 2020, si nielen z\u00edskal oddan\u00fdch priaznivcov, ale aj in\u0161piroval dopyt po verzii s konven\u010dnej\u0161\u00edm tvarom \u010depele. Salov najnov\u0161\u00ed dizajn, LeafJumper, odpoved\u00e1 na toto volanie.<\/p>\n<p>Evol\u00facia dizajnu<\/p>\n<p>Salov\u00fdm cie\u013eom pri navrhovan\u00ed RockJumperu bolo vytvori\u0165 \u013eahk\u00fd zatv\u00e1rac\u00ed n\u00f4\u017e, ktor\u00fd pon\u00faka p\u00f4sobiv\u00fd rezn\u00fd v\u00fdkon a r\u00fdchle, obojstrann\u00e9 ovl\u00e1danie jednou rukou. Aby to dosiahol v pohodlnom a \u013eahko prenosnom balen\u00ed, upravil dizajn tak, aby zapadol do dokonal\u00e9ho \u201estredu\u201c medzi Delica 4 a Endura 4 Lightweights a pritom st\u00e1le poskytoval v\u0161etky rovnak\u00e9 \u010dasom preveren\u00e9 funkcie a v\u00fdhody.<\/p>\n<p>Mnoh\u00e9 z definuj\u00facich vlastnost\u00ed Delica 4 a Endura 4 mo\u017eno n\u00e1js\u0165 v ich kon\u0161trukcii rukov\u00e4te. Ich \u013eahk\u00e9, ergonomick\u00e9 rukov\u00e4te s\u00fa postaven\u00e9 na kon\u0161trukcii z nerezovej ocele. Vlo\u017eky s\u00fa skeletonizovan\u00e9 na zn\u00ed\u017eenie hmotnosti a dod\u00e1vaj\u00fa no\u017eom p\u00f4sobiv\u00fa \u0161truktur\u00e1lnu pevnos\u0165, podporuj\u00fa ich robustn\u00fd mechanizmus zadn\u00e9ho z\u00e1mku a poskytuj\u00fa pevn\u00e9 kotviace body pre ich \u0161tvorpolohov\u00e9 vreckov\u00e9 spony. Vlo\u017eky s\u00fa zasaden\u00e9 do \u0161up\u00edn vstrekovan\u00fdch z tvrd\u00e9ho nylonu vystu\u017een\u00e9ho sklen\u00fdmi vl\u00e1knami (FRN) a maj\u00fa typick\u00fd vzor Bi-Directional Texture spolo\u010dnosti Spyderco pre bezpe\u010dn\u00fd, nek\u013azav\u00fd \u00fachop. Zodpovedaj\u00face zadn\u00e9 rozperky FRN prid\u00e1vaj\u00fa \u010fal\u0161iu silu a ukotvuj\u00fa pru\u017einy pre mechanizmus zadn\u00e9ho z\u00e1mku no\u017eov, ktor\u00fd je mo\u017en\u00e9 \u013eahko ovl\u00e1da\u0165 ktorouko\u013evek rukou.<\/p>\n<p>V\u0161etky tieto vlastnosti s\u00fa verne zakomponovan\u00e9 do rukov\u00e4te RockJumperu, ktor\u00e1 sa vyzna\u010duje \u0161irok\u00fdm profilom, ktor\u00fd sa na oboch koncoch roz\u0161iruje a \u201eupev\u0148uje\u201c ruku pou\u017e\u00edvate\u013ea pre v\u00e4\u010d\u0161iu bezpe\u010dnos\u0165 \u00fachopu. Dizajn ru\u010dn\u00e9ho plnenia tie\u017e le\u017e\u00ed naplocho cez dla\u0148, aby umo\u017enil in\u0161tinkt\u00edvnu hmatov\u00fa orient\u00e1ciu roviny a hrany \u010depele. Preto\u017ee mnoho outdoorov\u00fdch nad\u0161encov a horolezcov s ob\u013eubou pou\u017e\u00edva na svojich no\u017eoch bezpe\u010dnostn\u00e9 lan\u00e1, je na zadnom konci rukov\u00e4te aj nadmerne ve\u013ek\u00fd otvor pre lano.<\/p>\n<p>Na &#8222;podnikate\u013eskom konci&#8220; m\u00e1 RockJumper celoplo\u0161ne br\u00fasen\u00fa \u010depe\u013e z nerezovej ocele VG-10 s klasick\u00fdm profilom Wharncliffe. Chrb\u00e1t \u010depele sa elegantne zakrivuje, aby sa stretol s dokonale rovn\u00fdm ostr\u00edm vo v\u00fdnimo\u010dne ostrom bode. V\u00fdsledkom je \u010depe\u013e, ktor\u00e1 pon\u00faka v\u0161etko od presnosti pripom\u00ednaj\u00facej skalpel a\u017e po extr\u00e9mnu rezn\u00fa silu v jedinom balen\u00ed. Je k dispoz\u00edcii v r\u00f4znych konfigur\u00e1ci\u00e1ch PlainEdge alebo plne z\u00fabkovan\u00fdch SpyderEdge a hrdo sa vyzna\u010duje plne pr\u00edstupn\u00fdm okr\u00fahlym otvorom pre pozit\u00edvne otv\u00e1ranie jednou rukou jednou rukou.<\/p>\n<p>Oto\u010denie nov\u00e9ho listu<\/p>\n<p>Napriek tomu, \u017ee je tvar \u010depele Wharncliffe mimoriadne praktick\u00fd a v\u0161estrann\u00fd, niektor\u00ed pou\u017e\u00edvatelia no\u017eov preferuj\u00fa viac \u201ebrucha\u201c pred ich ostriami a robustnej\u0161\u00ed hrot, ktor\u00fd je bli\u017e\u0161ie k stredovej osi no\u017ea. Aby vyhovel t\u00fdmto preferenci\u00e1m, rozhodol sa Sal vybavi\u0165 rukov\u00e4\u0165 RockJumper \u0161irokou \u010depe\u013eou v tvare listu a LeafJumper bol na svete.<\/p>\n<p>Ako u\u017e n\u00e1zov napoved\u00e1, ur\u010duj\u00facim znakom LeafJumperu je tvar jeho \u010depele, ktor\u00e1 pripom\u00edna symetrick\u00fd profil bambusov\u00e9ho listu. Hoci je tento tvar \u0161tandardom od doby, ke\u010f \u010dlovek pred 2,5 mili\u00f3nmi rokov vyrobil prv\u00e9 no\u017ee, Spyderco je mo\u017eno najlep\u0161ie zn\u00e1me t\u00fdm, \u017ee ho predv\u00e1dza v modernom dizajne zatv\u00e1rac\u00edch no\u017eov. Manix 2 a Manix 2 XL, UK Penknife, Chaparral family, Caly 3.5 a Lil&#8216; Temperance 3 Lightweight s\u00fa toho d\u00f4kazom.<\/p>\n<p>\u010cepe\u013e LeafJumper je k dispoz\u00edcii v r\u00f4znych form\u00e1toch PlainEdge alebo plne z\u00fabkovan\u00fdch SpyderEdge a je umeleck\u00fdm dielom. Jeho plne pr\u00edstupn\u00fd okr\u00fahly otvor s ochrannou zn\u00e1mkou prehlasuje rodokme\u0148 no\u017ea Spyderco a umo\u017e\u0148uje r\u00fdchle a spo\u013eahliv\u00e9 otv\u00e1ranie jednou rukou ktorouko\u013evek rukou. Rovnako ako RockJumper m\u00e1 \u010depe\u013e LeafJumper minim\u00e1lnu ricasso (neskosen\u00e1 oblas\u0165 plnej hr\u00fabky najbli\u017e\u0161ie k rukov\u00e4ti), ktor\u00e1 pon\u00faka maxim\u00e1lnu d\u013a\u017eku ostria. To funguje v zhode s vycibrenou ergon\u00f3miou rukov\u00e4te, aby bola ruka umiestnen\u00e1 \u010falej vpred a umo\u017enila vy\u0161\u0161\u00ed rezn\u00fd v\u00fdkon v bl\u00edzkosti p\u00e4ty \u010depele, najbli\u017e\u0161ie rukov\u00e4te. Plne ploch\u00fd povrch a kr\u00e1sne sat\u00e9nov\u00fd povrch na zaistenie rezn\u00e9ho v\u00fdkonu s n\u00edzkym tren\u00edm, mierne zdvihnut\u00e1 hrana \u010depele zdv\u00edha hrot a vyrovn\u00e1va ho na stredov\u00fa os no\u017ea. Zdvihnutie hrotu ho tie\u017e zahust\u00ed a spevn\u00ed, tak\u017ee sa lep\u0161ie hod\u00ed na piercing a \u010fal\u0161ie bodovo orientovan\u00e9 \u00falohy.<\/p>\n<p>S v\u00fdnimkou svojho vstrekovan\u00e9ho n\u00e1zvu je rukov\u00e4\u0165 LeafJumper \u00faplne rovnak\u00e1 ako pri RockJumperi a verne poskytuje v\u0161etky rovnak\u00e9 v\u00fdhody. \u0160irok\u00e1 rukov\u00e4\u0165 s ru\u010dn\u00fdm plnen\u00edm, postaven\u00e1 na kon\u0161trukcii zo skeletonizovan\u00fdch vlo\u017eiek z nerezovej ocele, je vybaven\u00e1 stupnicou FRN, tvarovanou zadnou vlo\u017ekou FRN a robustn\u00fdm mechanizmom zadn\u00e9ho z\u00e1mku s pozit\u00edvnou funkciou samozatv\u00e1rania. V\u00e1hy FRN s\u00fa vstrekovan\u00e9 s na\u0161\u00edm vysoko trak\u010dn\u00fdm dvojsmern\u00fdm text\u00farov\u00fdm vzorom, ktor\u00fd poskytuje bezpe\u010dn\u00fd, nek\u013azav\u00fd \u00fachop aj v t\u00fdch najn\u00e1ro\u010dnej\u0161\u00edch podmienkach. Pre zaistenie \u013eahk\u00e9ho pren\u00e1\u0161ania a udr\u017eania no\u017ea pripraven\u00e9ho na okam\u017eit\u00fd pr\u00edstup je rukov\u00e4\u0165 vybaven\u00e1 \u0161tvorpolohovou vreckovou sponou pres\u00fdpac\u00edch hod\u00edn, ktor\u00fa je mo\u017en\u00e9 konfigurova\u0165 pre nosenie \u013eavou alebo pravou stranou nahor alebo nadol. Pre u\u017e\u00edvate\u013eov, ktor\u00ed uprednost\u0148uj\u00fa zv\u00fd\u0161en\u00fa bezpe\u010dnos\u0165 bezpe\u010dnostn\u00fdch \u0161n\u00far a pr\u00edveskov, pon\u00faka zadn\u00fd koniec rukov\u00e4te ve\u013ekoryso dimenzovan\u00fd otvor pre \u0161n\u00farku. Spolo\u010dne tieto vlastnosti robia dizajn LeafJumperu \u00faplne symetrick\u00fd a umo\u017e\u0148uj\u00fa, aby ka\u017ed\u00fd aspekt jeho nosenia, nasadenia a prev\u00e1dzky bol \u00faplne obojstrann\u00fd.<\/p>\n<p>LeafJumper, in\u0161pirovan\u00fd origin\u00e1lnym dizajnom RockJumper od Sala Glessera, je stredne ve\u013ek\u00fd zatv\u00e1rac\u00ed n\u00f4\u017e so zadn\u00fdm z\u00e1mkom so \u0161irokou, ergonomickou rukov\u00e4\u0165ou a v\u0161estrannou \u010depe\u013eou v tvare listu. Tento elitn\u00fd v\u00fdraz prep\u013a\u0148a design s \u010depe\u013eou z ocele Bohler K390. Najmodernej\u0161ia n\u00e1strojov\u00e1 oce\u013e vytvoren\u00e1 tak, aby vydr\u017eala n\u00e1ro\u010dn\u00e9 priemyseln\u00e9 rezanie, vysek\u00e1vanie a dierovanie, K390 pon\u00faka v\u00fdnimo\u010dn\u00fa pevnos\u0165 a zachovanie ostria pri pou\u017eit\u00ed na \u010depele no\u017eov. Rukov\u00e4\u0165 FRN K390 LeafJumper je vylisovan\u00e1 vo v\u00fdraznej modrej farbe vyhradenej pre elitn\u00fa rodinu no\u017eov Spyderco K390.<\/p>\n<p>LeafJumper je impozantn\u00fd rezn\u00fd n\u00e1stroj, ktor\u00fd preber\u00e1 v\u0161etky osved\u010den\u00e9 vlastnosti RockJumperu a vyjadruje ich v\u00fdhodami \u010depele v tvare listu. Pokia\u013e h\u013ead\u00e1te zatv\u00e1rac\u00ed n\u00f4\u017e strednej ve\u013ekosti, ktor\u00fd pon\u00faka ako neut\u00edchaj\u00faci v\u00fdkon, tak ikonick\u00fd \u0161t\u00fdl Spyderco, u\u017e neh\u013eadajte.<\/p>\n<p>\u0160pecifik\u00e1cia<br \/>\nD\u013a\u017eka \u010depele: 7.8 cm<br \/>\nD\u013a\u017eka v zatvorenom stave: 11.3 cm<br \/>\nCelkov\u00e1 d\u013a\u017eka: 19.1 cm<br \/>\nHr\u00fabka \u010depele: 0,3 cm<br \/>\nMateri\u00e1l \u010depele: N\u00e1strojov\u00e1 oce\u013e Bohler K390<br \/>\n\u0160t\u00fdl \u010depele: Tvar listu<br \/>\nBr\u00fasenie \u010depele: Plne ploch\u00e9<br \/>\nPovrchov\u00e1 \u00faprava \u010depele: sat\u00e9n<br \/>\nOstrie \u010depele: Vr\u00fabkovan\u00e9<br \/>\nMateri\u00e1l rukov\u00e4te: FRN<br \/>\nFarba rukov\u00e4te: Modr\u00e1<br \/>\nUzamykac\u00ed mechanizmus: Lockback<br \/>\nVreckov\u00e1 spona: Nerezov\u00e1 oce\u013e (Tip-Up\/Down, Right\/Left carry)<br \/>\n\u010c\u00edslo modelu: C262SBLK390<br \/>\nN\u00e1zov modelu: LeafJumper K390<br \/>\nDizajn\u00e9r: Sal Glesser<br \/>\nHmotnos\u0165: 85 g<br \/>\nVyroben\u00e9 v Japonsku<\/p>\n","protected":false},"excerpt":{"rendered":"<p><strong>Spoluzakladate\u013e Spyderco Sal Glesser mal v\u017edy ve\u013ek\u00fd z\u00e1ujem o navrhovanie no\u017eov, ktor\u00e9 sp\u013a\u0148aj\u00fa \u0161pecifick\u00e9 v\u00fdkonnostn\u00e9 krit\u00e9ri\u00e1.<\/strong><\/p>\n<p><strong>Doprava zadarmo.<\/strong><\/p>\n","protected":false},"featured_media":261076,"comment_status":"open","ping_status":"closed","template":"","meta":[],"pwb-brand":[3261],"product_brand":[],"product_cat":[3186,3233],"product_tag":[3668],"class_list":{"0":"post-261090","1":"product","2":"type-product","3":"status-publish","4":"has-post-thumbnail","6":"pwb-brand-zatvaraci-noz-spyderco-endura-flat-ground-gray-frn-c10fpgy","7":"product_cat-noze-sk","8":"product_cat-zatvaracie-noze","9":"product_tag-b2b-sk","11":"first","12":"instock","13":"taxable","14":"shipping-taxable","15":"purchasable","16":"product-type-simple"},"brands":[{"id":3261,"name":"Zatv\u00e1rac\u00ed N\u00f4\u017e Spyderco Endura Flat Ground Gray FRN C10FPGY","slug":"zatvaraci-noz-spyderco-endura-flat-ground-gray-frn-c10fpgy"}],"_links":{"self":[{"href":"https:\/\/www.moskito.cz\/sk\/wp-json\/wp\/v2\/product\/261090","targetHints":{"allow":["GET"]}}],"collection":[{"href":"https:\/\/www.moskito.cz\/sk\/wp-json\/wp\/v2\/product"}],"about":[{"href":"https:\/\/www.moskito.cz\/sk\/wp-json\/wp\/v2\/types\/product"}],"replies":[{"embeddable":true,"href":"https:\/\/www.moskito.cz\/sk\/wp-json\/wp\/v2\/comments?post=261090"}],"wp:featuredmedia":[{"embeddable":true,"href":"https:\/\/www.moskito.cz\/sk\/wp-json\/wp\/v2\/media\/261076"}],"wp:attachment":[{"href":"https:\/\/www.moskito.cz\/sk\/wp-json\/wp\/v2\/media?parent=261090"}],"wp:term":[{"taxonomy":"pwb-brand","embeddable":true,"href":"https:\/\/www.moskito.cz\/sk\/wp-json\/wp\/v2\/pwb-brand?post=261090"},{"taxonomy":"product_brand","embeddable":true,"href":"https:\/\/www.moskito.cz\/sk\/wp-json\/wp\/v2\/product_brand?post=261090"},{"taxonomy":"product_cat","embeddable":true,"href":"https:\/\/www.moskito.cz\/sk\/wp-json\/wp\/v2\/product_cat?post=261090"},{"taxonomy":"product_tag","embeddable":true,"href":"https:\/\/www.moskito.cz\/sk\/wp-json\/wp\/v2\/product_tag?post=261090"}],"curies":[{"name":"wp","href":"https:\/\/api.w.org\/{rel}","templated":true}]}}