{"id":261108,"date":"2023-12-04T21:48:17","date_gmt":"2023-12-04T20:48:17","guid":{"rendered":"https:\/\/www.moskito.cz\/produkt\/zatvaraci-noz-spyderco-efficient-c216gpbbk\/"},"modified":"2025-05-07T10:54:35","modified_gmt":"2025-05-07T09:54:35","slug":"zatvaraci-noz-spyderco-efficient-c216gpbbk","status":"publish","type":"product","link":"https:\/\/www.moskito.cz\/sk\/produkt\/zatvaraci-noz-spyderco-efficient-c216gpbbk\/","title":{"rendered":"Zatv\u00e1rac\u00ed N\u00f4\u017e Spyderco Efficient C216GPBBK"},"content":{"rendered":"<p>Zatv\u00e1rac\u00ed N\u00f4\u017e Spyderco Efficient C216GPBBK<\/p>\n<p>Efficient, od z\u00e1kladu navrhnut\u00fd ako cenovo dostupn\u00fd, u\u017e\u00edvate\u013esky orientovan\u00fd zatv\u00e1rac\u00ed n\u00f4\u017e, si Efficient r\u00fdchlo vydobyl re\u0161pektovan\u00e9 miesto v rade no\u017eov Spyderco. Aby e\u0161te lep\u0161ie vyhovoval potreb\u00e1m taktick\u00fdch koncov\u00fdch u\u017e\u00edvate\u013eov, Spyderco ho teraz pon\u00faka v celo\u010diernej konfigur\u00e1cii s nereflexn\u00fdm \u010diernym oxidov\u00fdm povlakom \u010depele a zodpovedaj\u00facimi \u010diernymi vlo\u017ekami a hardv\u00e9rom rukov\u00e4te. Je k dispoz\u00edcii s mo\u017enos\u0165ou v\u00fdberu \u010depele PlainEdge alebo CombinationEdge a zachov\u00e1va si v\u0161etky vysoko v\u00fdkonn\u00e9 funkcie p\u00f4vodnej verzie, vr\u00e1tane \u010depele 8Cr13MoV s \u00fapln\u00fdm ploch\u00fdm br\u00fasen\u00edm, ukazov\u00e1kom, robustn\u00e9ho mechanizmu LinerLock, texturovan\u00fdch stupn\u00edc G10, lemovan\u00e9ho lanka. otvorom a obojstrannou sponou pres\u00fdpac\u00edch hod\u00edn, ktor\u00fa je mo\u017en\u00e9 nakonfigurova\u0165 na nosenie so sklopnou \u013eavou alebo pravou stranou.<\/p>\n<p>\u0160pecifik\u00e1cia:<br \/>\nD\u013a\u017eka \u010depele: 7.45 cm<br \/>\nD\u013a\u017eka v zatvorenom stave: 10.22 cm<br \/>\nCelkov\u00e1 d\u013a\u017eka: 17.67 cm<br \/>\nMateri\u00e1l \u010depele: Nerezov\u00e1 oce\u013e 8Cr13MoV<br \/>\n\u0160t\u00fdl \u010depele: Drop Point<br \/>\nBr\u00fasenie \u010depele: Plne ploch\u00e9<br \/>\nPovrchov\u00e1 \u00faprava \u010depele: \u010dierny oxid<br \/>\nOstrie \u010depele: Hladk\u00e9<br \/>\nMateri\u00e1l rukov\u00e4te: G10<br \/>\nFarba rukov\u00e4te: \u010cierna<br \/>\nUzamykac\u00ed mechanizmus: Vlo\u017eka<br \/>\nVreckov\u00fd klip: Vykl\u00e1panie, \u013eav\u00e9\/prav\u00e9 nosenie<br \/>\n\u010c\u00edslo modelu: C216GPBBK<br \/>\nN\u00e1zov modelu: Efficient Black Blade<br \/>\nHmotnos\u0165: 4,1 oz.<\/p>\n","protected":false},"excerpt":{"rendered":"<p>Efficient, od z\u00e1kladu navrhnut\u00fd ako cenovo dostupn\u00fd, u\u017e\u00edvate\u013esky orientovan\u00fd zatv\u00e1rac\u00ed n\u00f4\u017e, si Efficient r\u00fdchlo vydobyl re\u0161pektovan\u00e9 miesto v rade no\u017eov Spyderco.<\/p>\n","protected":false},"featured_media":261094,"comment_status":"open","ping_status":"closed","template":"","meta":[],"pwb-brand":[3261],"product_brand":[],"product_cat":[3233,3186],"product_tag":[3668],"class_list":{"0":"post-261108","1":"product","2":"type-product","3":"status-publish","4":"has-post-thumbnail","6":"pwb-brand-zatvaraci-noz-spyderco-endura-flat-ground-gray-frn-c10fpgy","7":"product_cat-zatvaracie-noze","8":"product_cat-noze-sk","9":"product_tag-b2b-sk","11":"first","12":"instock","13":"taxable","14":"shipping-taxable","15":"purchasable","16":"product-type-simple"},"brands":[{"id":3261,"name":"Zatv\u00e1rac\u00ed N\u00f4\u017e Spyderco Endura Flat Ground Gray FRN C10FPGY","slug":"zatvaraci-noz-spyderco-endura-flat-ground-gray-frn-c10fpgy"}],"_links":{"self":[{"href":"https:\/\/www.moskito.cz\/sk\/wp-json\/wp\/v2\/product\/261108","targetHints":{"allow":["GET"]}}],"collection":[{"href":"https:\/\/www.moskito.cz\/sk\/wp-json\/wp\/v2\/product"}],"about":[{"href":"https:\/\/www.moskito.cz\/sk\/wp-json\/wp\/v2\/types\/product"}],"replies":[{"embeddable":true,"href":"https:\/\/www.moskito.cz\/sk\/wp-json\/wp\/v2\/comments?post=261108"}],"wp:featuredmedia":[{"embeddable":true,"href":"https:\/\/www.moskito.cz\/sk\/wp-json\/wp\/v2\/media\/261094"}],"wp:attachment":[{"href":"https:\/\/www.moskito.cz\/sk\/wp-json\/wp\/v2\/media?parent=261108"}],"wp:term":[{"taxonomy":"pwb-brand","embeddable":true,"href":"https:\/\/www.moskito.cz\/sk\/wp-json\/wp\/v2\/pwb-brand?post=261108"},{"taxonomy":"product_brand","embeddable":true,"href":"https:\/\/www.moskito.cz\/sk\/wp-json\/wp\/v2\/product_brand?post=261108"},{"taxonomy":"product_cat","embeddable":true,"href":"https:\/\/www.moskito.cz\/sk\/wp-json\/wp\/v2\/product_cat?post=261108"},{"taxonomy":"product_tag","embeddable":true,"href":"https:\/\/www.moskito.cz\/sk\/wp-json\/wp\/v2\/product_tag?post=261108"}],"curies":[{"name":"wp","href":"https:\/\/api.w.org\/{rel}","templated":true}]}}