{"id":261172,"date":"2023-12-06T20:26:19","date_gmt":"2023-12-06T19:26:19","guid":{"rendered":"https:\/\/www.moskito.cz\/produkt\/zatvaraci-noz-spyderco-ambitious-lightweight-c148pbl\/"},"modified":"2025-05-07T10:54:35","modified_gmt":"2025-05-07T09:54:35","slug":"zatvaraci-noz-spyderco-ambitious-lightweight-c148pbl","status":"publish","type":"product","link":"https:\/\/www.moskito.cz\/sk\/produkt\/zatvaraci-noz-spyderco-ambitious-lightweight-c148pbl\/","title":{"rendered":"Zatv\u00e1rac\u00ed N\u00f4\u017e Spyderco Ambitious Lightweight C148PBL"},"content":{"rendered":"<p>Zatv\u00e1rac\u00ed N\u00f4\u017e Spyderco Ambitious Lightweight C148PBL<\/p>\n<p>Pod\u013ea vzoru svojich v\u00e4\u010d\u0161\u00edch bratov Tenacious, Resilience a Persistence, toto elitn\u00e9 vyjadrenie Ambitious Lightweight prevy\u0161uje svoj v\u00fdkon ocel\u00ed \u010depele Crucible CPM-S35VN. Jemne vyladen\u00e1 ch\u00e9mia tejto americkej ocele pre \u010dasticov\u00fa metalurgiu podporuje tvorbu karbidov ni\u00f3bu spolu s karbidmi van\u00e1du a chr\u00f3mu, \u010d\u00edm sa zvy\u0161uje jej h\u00fa\u017eevnatos\u0165 bez obetovania odolnosti proti opotrebovaniu. Plne ploch\u00e1 \u010depe\u013e tohto no\u017ea plne vyu\u017e\u00edva tieto vlastnosti a je k dispoz\u00edcii vo v\u00fdbere form\u00e1tu PlainEdge alebo plne z\u00fabkovan\u00e9ho SpyderEdge. Sat\u00e9nov\u00e1 \u010depe\u013e je umiestnen\u00e1 v rukov\u00e4ti s jasne modr\u00fdmi stupnicami z nylonu vystu\u017een\u00e9ho sklen\u00fdmi vl\u00e1knami (FRN), proti\u0161mykovou obojsmernou text\u00farou, skeletonizovan\u00fdmi vlo\u017ekami z nerezovej ocele, pevn\u00fdm mechanizmom Liner Lock a v\u0161estrann\u00fdm \u0161tvorpolohov\u00fdm vreckom. klip, ktor\u00fd pon\u00faka mo\u017enos\u0165 nosenia na \u013eavej alebo pravej strane, nakl\u00e1panie alebo skl\u00e1panie.<\/p>\n<p>\u0160pecifik\u00e1cia<br \/>\nD\u013a\u017eka \u010depele: 5.9 cm<br \/>\nD\u013a\u017eka v zatvorenom stave: 9.1 cm<br \/>\nCelkov\u00e1 d\u013a\u017eka: 14.9 cm<br \/>\nHr\u00fabka \u010depele: 0,3 cm<br \/>\nMateri\u00e1l \u010depele: CPM-S35VN Nerezov\u00e1 oce\u013e<br \/>\n\u0160t\u00fdl \u010depele: v tvare olova<br \/>\nBr\u00fasenie \u010depele: Plne ploch\u00e9<br \/>\nPovrchov\u00e1 \u00faprava \u010depele: sat\u00e9n<br \/>\nOstrie \u010depele: Hladk\u00e9<br \/>\nMateri\u00e1l rukov\u00e4te: FRN<br \/>\nFarba rukov\u00e4te: Modr\u00e1<br \/>\nUzamykac\u00ed mechanizmus: Liner Lock<br \/>\nVreckov\u00e1 spona: Nerezov\u00e1 oce\u013e (Tip-Up\/Down, Right\/Left carry)<br \/>\n\u010c\u00edslo modelu: C148PBL<br \/>\nN\u00e1zov modelu: Ambitious Lightweight CPM-S35VN<br \/>\nHmotnos\u0165: 79 g<\/p>\n","protected":false},"excerpt":{"rendered":"<p>Po vzore svojich v\u00e4\u010d\u0161\u00edch bratov Tenacious, Resilience a Persistence, toto elitn\u00e9 vyjadrenie Ambitious Lightweight prevy\u0161uje svoj v\u00fdkon ocel\u00ed \u010depele Crucible CPM-S35VN.<\/p>\n","protected":false},"featured_media":261154,"comment_status":"open","ping_status":"closed","template":"","meta":[],"pwb-brand":[3261],"product_brand":[],"product_cat":[3186,3233],"product_tag":[3668],"class_list":{"0":"post-261172","1":"product","2":"type-product","3":"status-publish","4":"has-post-thumbnail","6":"pwb-brand-zatvaraci-noz-spyderco-endura-flat-ground-gray-frn-c10fpgy","7":"product_cat-noze-sk","8":"product_cat-zatvaracie-noze","9":"product_tag-b2b-sk","11":"first","12":"instock","13":"taxable","14":"shipping-taxable","15":"purchasable","16":"product-type-simple"},"brands":[{"id":3261,"name":"Zatv\u00e1rac\u00ed N\u00f4\u017e Spyderco Endura Flat Ground Gray FRN C10FPGY","slug":"zatvaraci-noz-spyderco-endura-flat-ground-gray-frn-c10fpgy"}],"_links":{"self":[{"href":"https:\/\/www.moskito.cz\/sk\/wp-json\/wp\/v2\/product\/261172","targetHints":{"allow":["GET"]}}],"collection":[{"href":"https:\/\/www.moskito.cz\/sk\/wp-json\/wp\/v2\/product"}],"about":[{"href":"https:\/\/www.moskito.cz\/sk\/wp-json\/wp\/v2\/types\/product"}],"replies":[{"embeddable":true,"href":"https:\/\/www.moskito.cz\/sk\/wp-json\/wp\/v2\/comments?post=261172"}],"wp:featuredmedia":[{"embeddable":true,"href":"https:\/\/www.moskito.cz\/sk\/wp-json\/wp\/v2\/media\/261154"}],"wp:attachment":[{"href":"https:\/\/www.moskito.cz\/sk\/wp-json\/wp\/v2\/media?parent=261172"}],"wp:term":[{"taxonomy":"pwb-brand","embeddable":true,"href":"https:\/\/www.moskito.cz\/sk\/wp-json\/wp\/v2\/pwb-brand?post=261172"},{"taxonomy":"product_brand","embeddable":true,"href":"https:\/\/www.moskito.cz\/sk\/wp-json\/wp\/v2\/product_brand?post=261172"},{"taxonomy":"product_cat","embeddable":true,"href":"https:\/\/www.moskito.cz\/sk\/wp-json\/wp\/v2\/product_cat?post=261172"},{"taxonomy":"product_tag","embeddable":true,"href":"https:\/\/www.moskito.cz\/sk\/wp-json\/wp\/v2\/product_tag?post=261172"}],"curies":[{"name":"wp","href":"https:\/\/api.w.org\/{rel}","templated":true}]}}