{"id":261187,"date":"2023-12-06T20:46:02","date_gmt":"2023-12-06T19:46:02","guid":{"rendered":"https:\/\/www.moskito.cz\/produkt\/zatvaraci-noz-spyderco-lil-native-slipit-c230nlgp\/"},"modified":"2025-05-07T10:54:36","modified_gmt":"2025-05-07T09:54:36","slug":"zatvaraci-noz-spyderco-lil-native-slipit-c230nlgp","status":"publish","type":"product","link":"https:\/\/www.moskito.cz\/sk\/produkt\/zatvaraci-noz-spyderco-lil-native-slipit-c230nlgp\/","title":{"rendered":"Zatv\u00e1rac\u00ed N\u00f4\u017e Spyderco Lil&#8216; Native SLIPIT C230NLGP"},"content":{"rendered":"<p>Zatv\u00e1rac\u00ed N\u00f4\u017e Spyderco Lil&#8216; Native SLIPIT C230NLGP<\/p>\n<p>Pozoruhodn\u00e1 rodina no\u017eov SLIPIT spolo\u010dnosti Spyderco kombinuje v\u00fdhody nosenia klipom a \u013eahk\u00e9ho otv\u00e1rania jednou rukou. Jedn\u00fdm z \u010dlenov tohto jedine\u010dn\u00e9ho plemena je Lil&#8216; Native SLIPIT, ktor\u00fd nahr\u00e1dza Compression Lock a lockback p\u00f4vodn\u00e9ho modelu mechanizmom Spyderco \u201enotched-joint\u201c. Tento mechanizmus, vylep\u0161en\u00e1 verzia tradi\u010dn\u00e9ho klzn\u00e9ho k\u013abu, vyu\u017e\u00edva tlak pru\u017einy na udr\u017eanie \u010depele no\u017ea CPM-S30V s pln\u00fdm povrchom otvoren\u00e9, ale nezamyk\u00e1 ju. \u0160upiny G10 s text\u00farou zlupovacej vrstvy zais\u0165uj\u00fa proti\u0161mykov\u00e9 uchopenie a \u0161irok\u00e1 spona so \u0161tyrmi polohami pon\u00faka obojstrann\u00e9 nosenie nakl\u00e1pan\u00edm alebo \u0161pi\u010dkou dole.<\/p>\n<p>\u0160pecifik\u00e1cia<br \/>\nD\u013a\u017eka \u010depele: 6.1 cm<br \/>\nD\u013a\u017eka v zatvorenom stave: 8.8 cm<br \/>\nCelkov\u00e1 d\u013a\u017eka: 15 cm<br \/>\nHr\u00fabka \u010depele: 0,32 cm<br \/>\nMateri\u00e1l \u010depele: CPM-S30V Nerezov\u00e1 oce\u013e<br \/>\n\u0160t\u00fdl \u010depele: v tvare olova<br \/>\nBr\u00fasenie \u010depele: Plne ploch\u00e9<br \/>\nPovrchov\u00e1 \u00faprava \u010depele: sat\u00e9n<br \/>\nOstrie \u010depele: Hladk\u00e9<br \/>\nMateri\u00e1l rukov\u00e4te: Peel-Ply G10<br \/>\nFarba rukov\u00e4te: \u010cierna<br \/>\nUzamykac\u00ed mechanizmus: Klzn\u00fd k\u013ab<br \/>\nVreckov\u00e1 spona: Nerezov\u00e1 oce\u013e (Tip-Up\/Down, Right\/Left carry)<br \/>\n\u010c\u00edslo modelu: C230NLGP<br \/>\nN\u00e1zov modelu: Lil&#8216; Native SLIPIT<br \/>\nHmotnos\u0165: 71 g<br \/>\nVyroben\u00e9 v USA<\/p>\n","protected":false},"excerpt":{"rendered":"<p>Pozoruhodn\u00e1 rodina no\u017eov SLIPIT spolo\u010dnosti Spyderco kombinuje v\u00fdhody nosenia klipom a \u013eahk\u00e9ho otv\u00e1rania jednou rukou.<\/p>\n","protected":false},"featured_media":261176,"comment_status":"open","ping_status":"closed","template":"","meta":[],"pwb-brand":[3261],"product_brand":[],"product_cat":[3186,3233],"product_tag":[3668],"class_list":{"0":"post-261187","1":"product","2":"type-product","3":"status-publish","4":"has-post-thumbnail","6":"pwb-brand-zatvaraci-noz-spyderco-endura-flat-ground-gray-frn-c10fpgy","7":"product_cat-noze-sk","8":"product_cat-zatvaracie-noze","9":"product_tag-b2b-sk","11":"first","12":"instock","13":"taxable","14":"shipping-taxable","15":"purchasable","16":"product-type-simple"},"brands":[{"id":3261,"name":"Zatv\u00e1rac\u00ed N\u00f4\u017e Spyderco Endura Flat Ground Gray FRN C10FPGY","slug":"zatvaraci-noz-spyderco-endura-flat-ground-gray-frn-c10fpgy"}],"_links":{"self":[{"href":"https:\/\/www.moskito.cz\/sk\/wp-json\/wp\/v2\/product\/261187","targetHints":{"allow":["GET"]}}],"collection":[{"href":"https:\/\/www.moskito.cz\/sk\/wp-json\/wp\/v2\/product"}],"about":[{"href":"https:\/\/www.moskito.cz\/sk\/wp-json\/wp\/v2\/types\/product"}],"replies":[{"embeddable":true,"href":"https:\/\/www.moskito.cz\/sk\/wp-json\/wp\/v2\/comments?post=261187"}],"wp:featuredmedia":[{"embeddable":true,"href":"https:\/\/www.moskito.cz\/sk\/wp-json\/wp\/v2\/media\/261176"}],"wp:attachment":[{"href":"https:\/\/www.moskito.cz\/sk\/wp-json\/wp\/v2\/media?parent=261187"}],"wp:term":[{"taxonomy":"pwb-brand","embeddable":true,"href":"https:\/\/www.moskito.cz\/sk\/wp-json\/wp\/v2\/pwb-brand?post=261187"},{"taxonomy":"product_brand","embeddable":true,"href":"https:\/\/www.moskito.cz\/sk\/wp-json\/wp\/v2\/product_brand?post=261187"},{"taxonomy":"product_cat","embeddable":true,"href":"https:\/\/www.moskito.cz\/sk\/wp-json\/wp\/v2\/product_cat?post=261187"},{"taxonomy":"product_tag","embeddable":true,"href":"https:\/\/www.moskito.cz\/sk\/wp-json\/wp\/v2\/product_tag?post=261187"}],"curies":[{"name":"wp","href":"https:\/\/api.w.org\/{rel}","templated":true}]}}