{"id":261203,"date":"2023-12-06T21:25:44","date_gmt":"2023-12-06T20:25:44","guid":{"rendered":"https:\/\/www.moskito.cz\/produkt\/zatvaraci-noz-spyderco-ambitious-lightweight-c148pbk\/"},"modified":"2023-12-06T21:25:44","modified_gmt":"2023-12-06T20:25:44","slug":"zatvaraci-noz-spyderco-ambitious-lightweight-c148pbk","status":"publish","type":"product","link":"https:\/\/www.moskito.cz\/sk\/produkt\/zatvaraci-noz-spyderco-ambitious-lightweight-c148pbk\/","title":{"rendered":"Zatv\u00e1rac\u00ed N\u00f4\u017e Spyderco Ambitious Lightweight C148PBK"},"content":{"rendered":"<p>Ambitious je \u00fa\u017easne schopn\u00fd zatv\u00e1rac\u00ed n\u00f4\u017e, ktor\u00fd pon\u00faka v\u00fdkon ve\u013ek\u00e9ho no\u017ea v prekvapivo kompaktnom balen\u00ed. Jeho \u013eahk\u00e1 verzia je e\u0161te \u0161t\u00edhlej\u0161ia, pri\u013enavej\u0161ia a \u0161etrnej\u0161ia k va\u0161ej pe\u0148a\u017eenke \u2013 a pon\u00fakne mo\u017enos\u0165 plne z\u00fabkovan\u00e9ho SpyderEdge. Bez oh\u013eadu na to, ktor\u00fd si vyberiete, sme si ist\u00ed, \u017ee splnia svoje meno.<\/p>\n<p>\u0160pecifik\u00e1cia<br \/>\nD\u013a\u017eka \u010depele: 6.2 cm<br \/>\nD\u013a\u017eka v zatvorenom stave: 9.1 cm<br \/>\nCelkov\u00e1 d\u013a\u017eka: 14.9 cm<br \/>\nHr\u00fabka \u010depele: 0,3 cm<br \/>\nMateri\u00e1l \u010depele: Nerezov\u00e1 oce\u013e 8Cr13MoV<br \/>\n\u0160t\u00fdl \u010depele: v tvare olova<br \/>\nBr\u00fasenie \u010depele: Plne ploch\u00e9<br \/>\nPovrchov\u00e1 \u00faprava \u010depele: sat\u00e9n<br \/>\nOstrie \u010depele: Hladk\u00e9<br \/>\nMateri\u00e1l rukov\u00e4te: FRN<br \/>\nFarba rukov\u00e4te: \u010cierna<br \/>\nUzamykac\u00ed mechanizmus: Liner Lock<br \/>\nVreckov\u00e1 spona: Nerezov\u00e1 oce\u013e (Tip-Up\/Down, Right\/Left carry)<br \/>\n\u010c\u00edslo modelu: C148PBK<br \/>\nN\u00e1zov modelu: Ambitious Lightweight<br \/>\nHmotnos\u0165: 79 g<\/p>\n","protected":false},"excerpt":{"rendered":"<p>Popul\u00e1rna rodina no\u017eov Value Folder spolo\u010dnosti Spyderco hrdo pon\u00faka v\u0161etky definuj\u00face kvality ich revolu\u010dnej platformy CLIPIT, ale vo ve\u013emi cenovo dostupnom form\u00e1te.<\/p>\n","protected":false},"featured_media":261192,"comment_status":"open","ping_status":"closed","template":"","meta":[],"pwb-brand":[3261],"product_brand":[],"product_cat":[3233,3186],"product_tag":[3668],"class_list":{"0":"post-261203","1":"product","2":"type-product","3":"status-publish","4":"has-post-thumbnail","6":"pwb-brand-zatvaraci-noz-spyderco-endura-flat-ground-gray-frn-c10fpgy","7":"product_cat-zatvaracie-noze","8":"product_cat-noze-sk","9":"product_tag-b2b-sk","11":"first","12":"outofstock","13":"taxable","14":"shipping-taxable","15":"purchasable","16":"product-type-simple"},"brands":[{"id":3261,"name":"Zatv\u00e1rac\u00ed N\u00f4\u017e Spyderco Endura Flat Ground Gray FRN C10FPGY","slug":"zatvaraci-noz-spyderco-endura-flat-ground-gray-frn-c10fpgy"}],"_links":{"self":[{"href":"https:\/\/www.moskito.cz\/sk\/wp-json\/wp\/v2\/product\/261203","targetHints":{"allow":["GET"]}}],"collection":[{"href":"https:\/\/www.moskito.cz\/sk\/wp-json\/wp\/v2\/product"}],"about":[{"href":"https:\/\/www.moskito.cz\/sk\/wp-json\/wp\/v2\/types\/product"}],"replies":[{"embeddable":true,"href":"https:\/\/www.moskito.cz\/sk\/wp-json\/wp\/v2\/comments?post=261203"}],"wp:featuredmedia":[{"embeddable":true,"href":"https:\/\/www.moskito.cz\/sk\/wp-json\/wp\/v2\/media\/261192"}],"wp:attachment":[{"href":"https:\/\/www.moskito.cz\/sk\/wp-json\/wp\/v2\/media?parent=261203"}],"wp:term":[{"taxonomy":"pwb-brand","embeddable":true,"href":"https:\/\/www.moskito.cz\/sk\/wp-json\/wp\/v2\/pwb-brand?post=261203"},{"taxonomy":"product_brand","embeddable":true,"href":"https:\/\/www.moskito.cz\/sk\/wp-json\/wp\/v2\/product_brand?post=261203"},{"taxonomy":"product_cat","embeddable":true,"href":"https:\/\/www.moskito.cz\/sk\/wp-json\/wp\/v2\/product_cat?post=261203"},{"taxonomy":"product_tag","embeddable":true,"href":"https:\/\/www.moskito.cz\/sk\/wp-json\/wp\/v2\/product_tag?post=261203"}],"curies":[{"name":"wp","href":"https:\/\/api.w.org\/{rel}","templated":true}]}}