{"id":261264,"date":"2023-12-08T20:37:53","date_gmt":"2023-12-08T19:37:53","guid":{"rendered":"https:\/\/www.moskito.cz\/produkt\/zatvaraci-noz-microtech-msi-apocalyptic-210t-11appmbk\/"},"modified":"2025-05-07T10:54:37","modified_gmt":"2025-05-07T09:54:37","slug":"zatvaraci-noz-microtech-msi-apocalyptic-210t-11appmbk","status":"publish","type":"product","link":"https:\/\/www.moskito.cz\/sk\/produkt\/zatvaraci-noz-microtech-msi-apocalyptic-210t-11appmbk\/","title":{"rendered":"Zatv\u00e1rac\u00ed N\u00f4\u017e Microtech MSI Apocalyptic 210T-11APPMBK"},"content":{"rendered":"<p>Zatv\u00e1rac\u00ed N\u00f4\u017e <strong>Microtech<\/strong> MSI Apocalyptic 210T-11APPMBK<\/p>\n<p>MSI (Microtech Standard Issue), vydan\u00fd v roku 2023, je prv\u00fdm no\u017eom spolo\u010dnosti <strong>Microtech<\/strong> , ktor\u00fd m\u00e1 fantastick\u00fa technol\u00f3giu RAM-LOK. Tento tvrd\u00fd poh\u013ead na z\u00e1mok prie\u010dnej ty\u010de obsahuje charakteristick\u00fd krokov\u00fd vzor <strong>Microtech<\/strong> , ktor\u00fd sa presl\u00e1vil ovl\u00e1dac\u00edmi sp\u00edna\u010dmi radu Ultratech. Ve\u013ek\u00fd v\u00fdrez \u010depele poskytuje dostatok priestoru na sp\u00e4tn\u00e9 \u0161vihanie prostredn\u00edkom a tie\u017e \u0161tandardn\u00e9 pomal\u00e9 otv\u00e1ranie palcom v rukaviciach alebo bez nich. Pokia\u013e v\u00e1m nevyhovuje ani jedno z toho, jednoducho zatiahnite za RAM-LOK a \u010depe\u013e sa otvor\u00ed jednoduch\u00fdm pohybom z\u00e1p\u00e4stia. Vstrekovan\u00e9 rukov\u00e4te s\u00fa hladk\u00e9 a mierne lepkav\u00e9, \u010do poskytuje ve\u013ek\u00fd potenci\u00e1l uchopenia v \u0161tandardn\u00fdch aj obr\u00e1ten\u00fdch rukov\u00e4tiach. Robustn\u00e9, trvanliv\u00e9, extr\u00e9mne vysok\u00e9 hodnoty a vyroben\u00e9 v USA; vieme, \u017ee MSI sa r\u00fdchlo stane ob\u013e\u00faben\u00fdm fan\u00fa\u0161ikom medzi v\u0161etk\u00fdmi \u010dlenmi komunity no\u017eov.<\/p>\n<p>Celkov\u00e1 d\u013a\u017eka: 22.7 cm<br \/>\nD\u013a\u017eka \u010depele: 9.9 cm<br \/>\nHr\u00fabka \u010depele: 0,4 cm<br \/>\nPovrchov\u00e1 \u00faprava \u010depele: Apokalyptick\u00e1<br \/>\n\u0160t\u00fdl okraja: \u010ciasto\u010dne z\u00fabkovan\u00fd<br \/>\nMateri\u00e1l rukov\u00e4te: \u010cierna vstrekovan\u00e1<br \/>\nHr\u00fabka rukov\u00e4te: 1.4 cm<br \/>\nOce\u013e: M390<br \/>\nV\u00fdrobca Ref. #: 210T-11APPMBK<br \/>\nKrajina p\u00f4vodu: USA<\/p>\n<p><iframe title=\"Microtech Combat Troodon Torture Test\" width=\"800\" height=\"450\" src=\"https:\/\/www.youtube.com\/embed\/xE9TeOFYEjg?feature=oembed\" frameborder=\"0\" allow=\"accelerometer; autoplay; clipboard-write; encrypted-media; gyroscope; picture-in-picture; web-share\" allowfullscreen><\/iframe><\/p>\n<p>&nbsp;<\/p>\n","protected":false},"excerpt":{"rendered":"<p><strong>V priebehu rokov Microtech\u00ae Knives naplnil v\u00e1\u0161\u0148ou a zru\u010dnos\u0165ou v\u00fdrobu no\u017eov, a\u017e z nich vytvoril takmer umeleck\u00e9 diela, ktor\u00e9 s\u00fa vrcholom funk\u010dnosti. V\u0161etky diely s\u00fa vyroben\u00e9 v USA.<\/strong><br \/>\n<strong>Na v\u0161etky no\u017ee Microtech je do\u017eivotn\u00e1 z\u00e1ruka.<\/strong><\/p>\n<p><strong>Doprava zadarmo.<\/strong><\/p>\n","protected":false},"featured_media":261252,"comment_status":"open","ping_status":"closed","template":"","meta":[],"pwb-brand":[3200],"product_brand":[],"product_cat":[3186,3233],"product_tag":[3668],"class_list":{"0":"post-261264","1":"product","2":"type-product","3":"status-publish","4":"has-post-thumbnail","6":"pwb-brand-microtech-sk","7":"product_cat-noze-sk","8":"product_cat-zatvaracie-noze","9":"product_tag-b2b-sk","11":"first","12":"instock","13":"taxable","14":"shipping-taxable","15":"purchasable","16":"product-type-simple"},"brands":[{"id":3200,"name":"Microtech","slug":"microtech-sk"}],"_links":{"self":[{"href":"https:\/\/www.moskito.cz\/sk\/wp-json\/wp\/v2\/product\/261264","targetHints":{"allow":["GET"]}}],"collection":[{"href":"https:\/\/www.moskito.cz\/sk\/wp-json\/wp\/v2\/product"}],"about":[{"href":"https:\/\/www.moskito.cz\/sk\/wp-json\/wp\/v2\/types\/product"}],"replies":[{"embeddable":true,"href":"https:\/\/www.moskito.cz\/sk\/wp-json\/wp\/v2\/comments?post=261264"}],"wp:featuredmedia":[{"embeddable":true,"href":"https:\/\/www.moskito.cz\/sk\/wp-json\/wp\/v2\/media\/261252"}],"wp:attachment":[{"href":"https:\/\/www.moskito.cz\/sk\/wp-json\/wp\/v2\/media?parent=261264"}],"wp:term":[{"taxonomy":"pwb-brand","embeddable":true,"href":"https:\/\/www.moskito.cz\/sk\/wp-json\/wp\/v2\/pwb-brand?post=261264"},{"taxonomy":"product_brand","embeddable":true,"href":"https:\/\/www.moskito.cz\/sk\/wp-json\/wp\/v2\/product_brand?post=261264"},{"taxonomy":"product_cat","embeddable":true,"href":"https:\/\/www.moskito.cz\/sk\/wp-json\/wp\/v2\/product_cat?post=261264"},{"taxonomy":"product_tag","embeddable":true,"href":"https:\/\/www.moskito.cz\/sk\/wp-json\/wp\/v2\/product_tag?post=261264"}],"curies":[{"name":"wp","href":"https:\/\/api.w.org\/{rel}","templated":true}]}}