{"id":261455,"date":"2023-12-12T22:25:32","date_gmt":"2023-12-12T21:25:32","guid":{"rendered":"https:\/\/www.moskito.cz\/produkt\/zatvaraci-noz-columbia-river-crkt-jim-hammond-a-b-c-all-bases-covered-2606\/"},"modified":"2025-05-07T10:54:43","modified_gmt":"2025-05-07T09:54:43","slug":"zatvaraci-noz-columbia-river-crkt-jim-hammond-a-b-c-all-bases-covered-2606","status":"publish","type":"product","link":"https:\/\/www.moskito.cz\/sk\/produkt\/zatvaraci-noz-columbia-river-crkt-jim-hammond-a-b-c-all-bases-covered-2606\/","title":{"rendered":"Zatv\u00e1rac\u00ed N\u00f4\u017e Columbia River CRKT Jim Hammond ABC All Bases Covered 2606"},"content":{"rendered":"<p>Zatv\u00e1rac\u00ed N\u00f4\u017e Columbia River <strong>CRKT<\/strong> Jim Hammond ABC All Bases Covered 2606<\/p>\n<p>Navrhnut\u00e9 pre r\u00fdchlu odozvu. Jim Hammond&#8217;s ABC (All. Bases. Covered.) sa vracia v e\u0161te v\u0161estrannej\u0161ej podobe. Teraz skladacia, prin\u00e1\u0161a rozmanit\u00e9 mo\u017enosti p\u00f4vodnej pevnej \u010depele do pohodlnej\u0161ieho a kompaktnej\u0161ieho dizajnu. A v\u010faka asistovan\u00e9mu otv\u00e1raniu a lo\u017eisk\u00e1m IKBS je st\u00e1le pripraven\u00fd okam\u017eite vyrazi\u0165 do akcie, zatia\u013e \u010do rukov\u00e4\u0165 G10 poskytuje siln\u00fd \u00fachop aj za nepriazniv\u00e9ho po\u010dasia.<\/p>\n<p>Ako funguje asistovan\u00e9 otv\u00e1ranie<\/p>\n<p>Je dr\u017ean\u00fd bezpe\u010dne zatvoren\u00fd vo vrecku, ale zah\u00e1jte rozmiestnenie av \u010dasti ot\u00e1\u010dania sa \u010depe\u013e otvor\u00ed p\u00f4sobivou r\u00fdchlos\u0165ou pre jednoduch\u00e9, v\u00fdkonn\u00e9 otvorenie jednou rukou.<\/p>\n<p>Funkcia<br \/>\nAssisted Opening Flipper r\u00fdchlo rozvinie \u010depe\u013e<br \/>\n\u010cap guli\u010dkov\u00e9ho lo\u017eiska IKBS plynule nas\u00fava \u010depe\u013e<br \/>\nRukov\u00e4\u0165 G10 je pevn\u00e1 a \u013eahk\u00e1<br \/>\nLiner Lock je mo\u017en\u00e9 jednoducho zavrie\u0165 jednou rukou<br \/>\nN\u00edzkoprofilov\u00fd vreckov\u00fd klip zais\u0165uje bezpe\u010dn\u00e9 nosenie<br \/>\n\u0160pecifik\u00e1cia<br \/>\nD\u013a\u017eka \u010depele: 8.47 cm<br \/>\nCelkov\u00e1 d\u013a\u017eka: 20 cm<br \/>\nMateri\u00e1l \u010depele: Nerezov\u00e1 oce\u013e 12C27<br \/>\n\u0160t\u00fdl \u010depele: Tanto<br \/>\nBr\u00fasenie \u010depele: Dut\u00e9<br \/>\nPovrchov\u00e1 \u00faprava \u010depele: \u010dierna<br \/>\nMateri\u00e1l rukov\u00e4te: \u010dierna G10<br \/>\nUzamykac\u00ed mechanizmus: Liner Lock<br \/>\nVreckov\u00e1 spona: (Sklopenie hore, prav\u00e9 nosenie)<br \/>\nHmotnos\u0165: 3,81 oz.<br \/>\nDizajn\u00e9r: Jim Hammond<\/p>\n<p><iframe title=\"CRKT A.B.C. I Jim Hammond Design\" width=\"800\" height=\"450\" src=\"https:\/\/www.youtube.com\/embed\/ocKMid9erqM?feature=oembed\" frameborder=\"0\" allow=\"accelerometer; autoplay; clipboard-write; encrypted-media; gyroscope; picture-in-picture; web-share\" referrerpolicy=\"strict-origin-when-cross-origin\" allowfullscreen><\/iframe><\/p>\n<p>&nbsp;<\/p>\n","protected":false},"excerpt":{"rendered":"<p><strong>N\u00c1VRH\u00c1R: Jim Hammond<\/strong><br \/>\n<strong>Birmingham, Alabama<\/strong><br \/>\n<strong>Im bol prv\u00fdm no\u017eiarom, ktor\u00fd pracoval s CRKT\u00ae v roku 1994, ale predt\u00fdm mal viac ako 17 rokov sk\u00fasenost\u00ed pod p\u00e1som zdoben\u00fdm \u010depe\u013eou. Potom, \u010do v roku 1977 promoval na Clemsone, r\u00fdchlo st\u00fapal po hodnostiach a \u0161pecializoval sa na vojensk\u00e9 a zberate\u013esk\u00e9 taktick\u00e9 st\u00edha\u010dky, ako je n\u00e1\u0161 rad FE\u2122. \u010clen cechu v\u00fdrobcov no\u017eov od roku 1978 a jeho n\u00e1vrhy \u2013 a golfov\u00e9 \u00fadery \u2013 s\u00fa o dokonalosti, vkuse a funkcii.<\/strong><\/p>\n","protected":false},"featured_media":261436,"comment_status":"open","ping_status":"closed","template":"","meta":[],"pwb-brand":[3249],"product_brand":[],"product_cat":[3233,3186],"product_tag":[3668],"class_list":{"0":"post-261455","1":"product","2":"type-product","3":"status-publish","4":"has-post-thumbnail","6":"pwb-brand-zatvaraci-noz-crkt-delilahs-p-e-c-k-5520","7":"product_cat-zatvaracie-noze","8":"product_cat-noze-sk","9":"product_tag-b2b-sk","11":"first","12":"instock","13":"sale","14":"taxable","15":"shipping-taxable","16":"purchasable","17":"product-type-simple"},"brands":[{"id":3249,"name":"Zatv\u00e1rac\u00ed N\u00f4\u017e CRKT DELILAH'S P.E.C.K. 5520","slug":"zatvaraci-noz-crkt-delilahs-p-e-c-k-5520"}],"_links":{"self":[{"href":"https:\/\/www.moskito.cz\/sk\/wp-json\/wp\/v2\/product\/261455","targetHints":{"allow":["GET"]}}],"collection":[{"href":"https:\/\/www.moskito.cz\/sk\/wp-json\/wp\/v2\/product"}],"about":[{"href":"https:\/\/www.moskito.cz\/sk\/wp-json\/wp\/v2\/types\/product"}],"replies":[{"embeddable":true,"href":"https:\/\/www.moskito.cz\/sk\/wp-json\/wp\/v2\/comments?post=261455"}],"wp:featuredmedia":[{"embeddable":true,"href":"https:\/\/www.moskito.cz\/sk\/wp-json\/wp\/v2\/media\/261436"}],"wp:attachment":[{"href":"https:\/\/www.moskito.cz\/sk\/wp-json\/wp\/v2\/media?parent=261455"}],"wp:term":[{"taxonomy":"pwb-brand","embeddable":true,"href":"https:\/\/www.moskito.cz\/sk\/wp-json\/wp\/v2\/pwb-brand?post=261455"},{"taxonomy":"product_brand","embeddable":true,"href":"https:\/\/www.moskito.cz\/sk\/wp-json\/wp\/v2\/product_brand?post=261455"},{"taxonomy":"product_cat","embeddable":true,"href":"https:\/\/www.moskito.cz\/sk\/wp-json\/wp\/v2\/product_cat?post=261455"},{"taxonomy":"product_tag","embeddable":true,"href":"https:\/\/www.moskito.cz\/sk\/wp-json\/wp\/v2\/product_tag?post=261455"}],"curies":[{"name":"wp","href":"https:\/\/api.w.org\/{rel}","templated":true}]}}