{"id":261484,"date":"2023-12-13T19:46:20","date_gmt":"2023-12-13T18:46:20","guid":{"rendered":"https:\/\/www.moskito.cz\/produkt\/zatvaraci-noz-columbia-river-crkt-kinematic-provoke-karambit-4050\/"},"modified":"2025-05-07T10:54:43","modified_gmt":"2025-05-07T09:54:43","slug":"zatvaraci-noz-columbia-river-crkt-kinematic-provoke-karambit-4050","status":"publish","type":"product","link":"https:\/\/www.moskito.cz\/sk\/produkt\/zatvaraci-noz-columbia-river-crkt-kinematic-provoke-karambit-4050\/","title":{"rendered":"Zatv\u00e1rac\u00ed N\u00f4\u017e Columbia River CRKT Kinematic Provoke Karambit 4050"},"content":{"rendered":"<p>Zatv\u00e1rac\u00ed N\u00f4\u017e Columbia River <strong>CRKT<\/strong> Kinematic Provoke Karambit 4050<\/p>\n<p>Sl\u00fa\u017ei\u0165. Chr\u00e1ni\u0165. N\u00f4\u017e Provoke EDC \u010derp\u00e1 zo starovek\u00e9ho karambitov\u00e9ho designu, ale skr\u00fdva futuristick\u00e9 tajomstvo. V\u00f4bec prv\u00fd n\u00f4\u017e s technol\u00f3giou Kinematic, pri preprave zost\u00e1va \u00fah\u013eadne schovan\u00fd a o\u017e\u00edva, ke\u010f nastan\u00fa probl\u00e9my.<\/p>\n<p>CRKT si mysl\u00ed, \u017ee dizajn\u00e9r Joe Caswell je \u0161ialen\u00fd vedec. Ke\u010f si prezreli skice, ktor\u00e9 sa mali sta\u0165 Provoke EDC \u2013 navrhnut\u00fdm v Newbury Park v Kalifornii \u2013 vedeli, \u017ee je predur\u010den\u00fd sta\u0165 sa jedn\u00fdm z najinovat\u00edvnej\u0161\u00edch dizajn\u00e9rov, ak\u00e9 kedy svet no\u017eov videl. \u010cepe\u013e D2 drop point, modelovan\u00e1 pod\u013ea tradi\u010dn\u00e9ho karambitu, je vykovan\u00e1 z pr\u00e9miovej ocele D2 pre vysok\u00fa odolnos\u0165 a vynikaj\u00face zachovanie ostria.<\/p>\n<p>Otv\u00e1rac\u00ed mechanizmus \u0165ah\u00e1 zlo\u017eku do bud\u00facnosti, \u010di u\u017e je pripraven\u00e1 alebo nie. Tlak palca na horn\u00fa prie\u010dku uvedie do pohybu re\u0165azov\u00fa reakciu, \u010do sp\u00f4sob\u00ed, \u017ee sa \u010depe\u013e vrhne do akcie, zatia\u013e \u010do vy pevne dr\u017e\u00edte rukov\u00e4\u0165. Je vyroben\u00fd z leteck\u00e9ho hlin\u00edka 6061 pre najvy\u0161\u0161iu tuhos\u0165. V skuto\u010dnom \u0161t\u00fdle Joe je vreckov\u00e1 spona aj svetovou novinkou \u2013 sed\u00ed takmer \u00faplne v jednej rovine s rukov\u00e4\u0165ou a taktie\u017e sa aktivuje \u013eahk\u00fdm tlakom palca.<\/p>\n<p>Provoke EDC je siln\u00fd, ke\u010f je povolan\u00fd do slu\u017eby.<\/p>\n<p>Ako funguje kinematika<br \/>\nZatla\u010dte palcom do hornej prie\u010dky \u2013 zatia\u013e \u010do ostatn\u00e9 prsty pevne uchopte rukov\u00e4\u0165 \u2013 a \u010depe\u013e sa o\u017eiv\u00ed a zapadne na miesto. Posu\u0148te diskr\u00e9tnu p\u00e1ku na z\u00e1kladni slu\u010dky pre prsty a \u010depe\u013e sa stiahne do svojej zatvorenej polohy.<\/p>\n<p>Funkcia<br \/>\nKinematic rozmiestni \u010depe\u013e stla\u010den\u00edm palca<br \/>\nOce\u013e \u010depele D2 pre vynikaj\u00face dr\u017eanie ostria<br \/>\nHlin\u00edkov\u00e1 rukov\u00e4\u0165 kombinuje pevnos\u0165 s minim\u00e1lnou hmotnos\u0165ou<br \/>\nZapusten\u00e1 spona pre bezpe\u010dn\u00e9 nosenie<br \/>\n\u0160pecifik\u00e1cia<br \/>\nD\u013a\u017eka \u010depele: 6.4 cm<br \/>\nD\u013a\u017eka v zatvorenom stave: 11.65 cm<br \/>\nCelkov\u00e1 d\u013a\u017eka: 18.12 cm<br \/>\nMateri\u00e1l \u010depele: N\u00e1strojov\u00e1 oce\u013e D2<br \/>\n\u0160t\u00fdl \u010depele: Drop Point<br \/>\nPovrchov\u00e1 \u00faprava \u010depele: sat\u00e9n<br \/>\nMateri\u00e1l rukov\u00e4te: Modr\u00fd hlin\u00edk<br \/>\nUzamykac\u00ed mechanizmus: Kinematick\u00fd<br \/>\nVreckov\u00fd klip: Vykl\u00e1pacie, prav\u00e9 nosenie<br \/>\nHmotnos\u0165: 3,4 oz.<br \/>\nDizajn\u00e9r: Joe Caswell<\/p>\n","protected":false},"excerpt":{"rendered":"<p><strong>N\u00c1VRH\u00c1R: Joe Caswell<\/strong><br \/>\n<strong>Newbury Park, Kalifornia<\/strong><br \/>\n<strong>Moto novin\u00e1r. Zv\u00e1ra\u010d vzorov vikingsk\u00fdch me\u010dov. Vyn\u00e1lezca. Vlastn\u00fd n\u00e1vrh\u00e1r no\u017eov. D\u00e1 sa s istotou poveda\u0165, \u017ee Joe je vystrihnut\u00fd zo \u0161peci\u00e1lnej l\u00e1tky. A teraz m\u00f4\u017ee do svojho \u017eivotopisu prida\u0165 \u201enaru\u0161ova\u010d priemyslu\u201c. S vydan\u00edm Kinematicu si neust\u00e1le zais\u0165uje poz\u00edciu medzi najv\u00e4\u010d\u0161\u00edmi svetov\u00fdmi no\u017emi. Od skromn\u00fdch za\u010diatkov vo svojej podom\u00e1cky vyrobenej kov\u00e1\u010dskej dielni v gar\u00e1\u017ei svojho prenajat\u00e9ho bytu si raz tvrdo pracuj\u00faci neskor\u00fa noc vybudoval meno a my sa nem\u00f4\u017eeme do\u010dka\u0165, a\u017e uvid\u00edme, \u010do z jeho in\u0161pirovanej kreativity vz\u00edde nabud\u00face.<\/strong><\/p>\n","protected":false},"featured_media":261469,"comment_status":"open","ping_status":"closed","template":"","meta":[],"pwb-brand":[3249],"product_brand":[],"product_cat":[3186,3233],"product_tag":[3668],"class_list":{"0":"post-261484","1":"product","2":"type-product","3":"status-publish","4":"has-post-thumbnail","6":"pwb-brand-zatvaraci-noz-crkt-delilahs-p-e-c-k-5520","7":"product_cat-noze-sk","8":"product_cat-zatvaracie-noze","9":"product_tag-b2b-sk","11":"first","12":"instock","13":"taxable","14":"shipping-taxable","15":"purchasable","16":"product-type-simple"},"brands":[{"id":3249,"name":"Zatv\u00e1rac\u00ed N\u00f4\u017e CRKT DELILAH'S P.E.C.K. 5520","slug":"zatvaraci-noz-crkt-delilahs-p-e-c-k-5520"}],"_links":{"self":[{"href":"https:\/\/www.moskito.cz\/sk\/wp-json\/wp\/v2\/product\/261484","targetHints":{"allow":["GET"]}}],"collection":[{"href":"https:\/\/www.moskito.cz\/sk\/wp-json\/wp\/v2\/product"}],"about":[{"href":"https:\/\/www.moskito.cz\/sk\/wp-json\/wp\/v2\/types\/product"}],"replies":[{"embeddable":true,"href":"https:\/\/www.moskito.cz\/sk\/wp-json\/wp\/v2\/comments?post=261484"}],"wp:featuredmedia":[{"embeddable":true,"href":"https:\/\/www.moskito.cz\/sk\/wp-json\/wp\/v2\/media\/261469"}],"wp:attachment":[{"href":"https:\/\/www.moskito.cz\/sk\/wp-json\/wp\/v2\/media?parent=261484"}],"wp:term":[{"taxonomy":"pwb-brand","embeddable":true,"href":"https:\/\/www.moskito.cz\/sk\/wp-json\/wp\/v2\/pwb-brand?post=261484"},{"taxonomy":"product_brand","embeddable":true,"href":"https:\/\/www.moskito.cz\/sk\/wp-json\/wp\/v2\/product_brand?post=261484"},{"taxonomy":"product_cat","embeddable":true,"href":"https:\/\/www.moskito.cz\/sk\/wp-json\/wp\/v2\/product_cat?post=261484"},{"taxonomy":"product_tag","embeddable":true,"href":"https:\/\/www.moskito.cz\/sk\/wp-json\/wp\/v2\/product_tag?post=261484"}],"curies":[{"name":"wp","href":"https:\/\/api.w.org\/{rel}","templated":true}]}}