{"id":261502,"date":"2023-12-13T20:05:01","date_gmt":"2023-12-13T19:05:01","guid":{"rendered":"https:\/\/www.moskito.cz\/produkt\/zatvaraci-noz-columbia-river-crkt-lcbk-3830\/"},"modified":"2025-05-07T10:54:44","modified_gmt":"2025-05-07T09:54:44","slug":"zatvaraci-noz-columbia-river-crkt-lcbk-3830","status":"publish","type":"product","link":"https:\/\/www.moskito.cz\/sk\/produkt\/zatvaraci-noz-columbia-river-crkt-lcbk-3830\/","title":{"rendered":"Zatv\u00e1rac\u00ed N\u00f4\u017e Columbia River CRKT LCBK 3830"},"content":{"rendered":"<p>Zatv\u00e1rac\u00ed N\u00f4\u017e Columbia River CRKT LCBK 3830<\/p>\n<p>Zvy\u0161ovanie latky pre ka\u017edodenn\u00fd v\u00fdkon. LCBK, alebo Lightweight Crossbar Knife, je \u0161pi\u010dkov\u00e9 ka\u017edodenn\u00e9 nosenie destilovan\u00e9 a\u017e do z\u00e1kladov. \u017diadne triky, \u017eiadne hry &#8211; len kvalitn\u00e9 materi\u00e1ly a remeseln\u00e9 spracovanie, ktor\u00e9 v\u00e1m poskytne v\u0161etko, \u010do potrebujete, a ni\u010d, \u010do nie. Jeden z prv\u00fdch no\u017eov CRKT vybaven\u00fd z\u00e1mkom Crossbar Lock, je r\u00fdchly, robustn\u00fd a plne obojstrann\u00fd.<\/p>\n<p>LCBK, navrhnut\u00fd Matthewom Lerchom a vyroben\u00fd v USA, kombinuje v\u00fdrazn\u00fd vzh\u013ead s vysok\u00fdm v\u00fdkonom. Agres\u00edvne hranat\u00e1 \u010depe\u013e s kame\u0148om vyzer\u00e1 robustne a pripraven\u00e1 na podnikanie a v\u010faka v\u00fdnimo\u010dn\u00e9mu zachovaniu ostria ocele 154CM tomu tak je. Jednoduch\u00e1 a efekt\u00edvna \u010dierna rukov\u00e4\u0165 G10 je \u013eahk\u00e1 a pon\u00faka dobr\u00fd \u00fachop za v\u0161etk\u00fdch poveternostn\u00fdch podmienok.<\/p>\n<p>Ale zatia\u013e \u010do jeho dizajn pri pou\u017e\u00edvan\u00ed \u013eahko up\u00fata pozornos\u0165, LCBK m\u00f4\u017ee rovnako \u013eahko zmizn\u00fa\u0165 v\u010faka svojej minim\u00e1lnej hmotnosti 2,8 unca a prilo\u017een\u00e9mu vreckov\u00e9mu klipu. Je to skuto\u010dn\u00e9 pr\u00e9miov\u00e9 ka\u017edodenn\u00e9 nosenie, ktor\u00e9 kombinuje vysoko v\u00fdkonn\u00e9 materi\u00e1ly, americk\u00fa v\u00fdrobu a celodenn\u00e9 pohodlie.<\/p>\n<p>Funkcia<br \/>\nOce\u013e \u010depele 154CM pre vynikaj\u00face dr\u017eanie ostria<br \/>\n\u010cap na palec umo\u017e\u0148uje r\u00fdchle otvorenie jednou rukou<br \/>\nRukov\u00e4\u0165 G10 poskytuje v\u00fdnimo\u010dn\u00fd \u00fachop za v\u0161etk\u00fdch podmienok<br \/>\nCrossbar Lock je mo\u017en\u00e9 \u013eahko zavrie\u0165 pravou alebo \u013eavou rukou<br \/>\nHlbok\u00e1 spona na pren\u00e1\u0161anie sa zmest\u00ed hlboko do vrecka<br \/>\nVyroben\u00e9 v USA<br \/>\n\u0160pecifik\u00e1cia<br \/>\nD\u013a\u017eka \u010depele: 8.84 cm<br \/>\nD\u013a\u017eka rukov\u00e4te: 11.43 cm<br \/>\nCelkov\u00e1 d\u013a\u017eka: 20.32 cm<br \/>\nMateri\u00e1l \u010depele: 154CM nerezov\u00e1 oce\u013e<br \/>\nHr\u00fabka \u010depele: 0,31 cm<br \/>\n\u0160t\u00fdl \u010depele: Reverse Tanto<br \/>\nPovrchov\u00e1 \u00faprava \u010depele: Bead Blast<br \/>\nMateri\u00e1l rukov\u00e4te: \u010dierna G10<br \/>\nMateri\u00e1l vlo\u017eky: Nerezov\u00e1 oce\u013e<br \/>\nUzamykac\u00ed mechanizmus: Prie\u010dny z\u00e1mok<br \/>\nVreckov\u00fd klip: Vykl\u00e1pacie, prav\u00e9 nosenie<br \/>\nHmotnos\u0165: 2,80 oz. (79,38 g)<br \/>\nDizajn\u00e9r: Matthew Lerch<br \/>\nVyroben\u00e9 v USA firmou Hogue Knives<\/p>\n","protected":false},"excerpt":{"rendered":"<p>N\u00c1VRH\u00c1R: Mat\u011bj Lerch<br \/>\nSussex, Wisconsin<br \/>\n\u010co sa stane, ke\u010f skr\u00ed\u017eite umenie a mechaniku? Z\u00edskate nie\u010do, \u010do vyzer\u00e1 ako Matthew Lerch. Spo\u010diatku sa vyu\u010dil ako klenotn\u00edk\/hodin\u00e1r, potom post\u00fapil do v\u00fdroby a v\u00fdroby n\u00e1strojov. Teraz m\u00e1 na svojom konte nieko\u013eko patentov na inov\u00e1cie, ako je Fire Safe\u00ae, a z\u00edskal nieko\u013eko prest\u00ed\u017enych ocenen\u00ed, vr\u00e1tane ceny Buster Warenski. Matt pova\u017euje no\u017ee za funk\u010dn\u00e9 umenie, ako dokazuje jeho design Endorser\u2122 ocenen\u00fd Moxie\u2122 a Blade Show.<\/p>\n","protected":false},"featured_media":261488,"comment_status":"open","ping_status":"closed","template":"","meta":[],"pwb-brand":[3249],"product_brand":[],"product_cat":[3186,3233],"product_tag":[3668],"class_list":{"0":"post-261502","1":"product","2":"type-product","3":"status-publish","4":"has-post-thumbnail","6":"pwb-brand-zatvaraci-noz-crkt-delilahs-p-e-c-k-5520","7":"product_cat-noze-sk","8":"product_cat-zatvaracie-noze","9":"product_tag-b2b-sk","11":"first","12":"instock","13":"taxable","14":"shipping-taxable","15":"purchasable","16":"product-type-simple"},"brands":[{"id":3249,"name":"Zatv\u00e1rac\u00ed N\u00f4\u017e CRKT DELILAH'S P.E.C.K. 5520","slug":"zatvaraci-noz-crkt-delilahs-p-e-c-k-5520"}],"_links":{"self":[{"href":"https:\/\/www.moskito.cz\/sk\/wp-json\/wp\/v2\/product\/261502","targetHints":{"allow":["GET"]}}],"collection":[{"href":"https:\/\/www.moskito.cz\/sk\/wp-json\/wp\/v2\/product"}],"about":[{"href":"https:\/\/www.moskito.cz\/sk\/wp-json\/wp\/v2\/types\/product"}],"replies":[{"embeddable":true,"href":"https:\/\/www.moskito.cz\/sk\/wp-json\/wp\/v2\/comments?post=261502"}],"wp:featuredmedia":[{"embeddable":true,"href":"https:\/\/www.moskito.cz\/sk\/wp-json\/wp\/v2\/media\/261488"}],"wp:attachment":[{"href":"https:\/\/www.moskito.cz\/sk\/wp-json\/wp\/v2\/media?parent=261502"}],"wp:term":[{"taxonomy":"pwb-brand","embeddable":true,"href":"https:\/\/www.moskito.cz\/sk\/wp-json\/wp\/v2\/pwb-brand?post=261502"},{"taxonomy":"product_brand","embeddable":true,"href":"https:\/\/www.moskito.cz\/sk\/wp-json\/wp\/v2\/product_brand?post=261502"},{"taxonomy":"product_cat","embeddable":true,"href":"https:\/\/www.moskito.cz\/sk\/wp-json\/wp\/v2\/product_cat?post=261502"},{"taxonomy":"product_tag","embeddable":true,"href":"https:\/\/www.moskito.cz\/sk\/wp-json\/wp\/v2\/product_tag?post=261502"}],"curies":[{"name":"wp","href":"https:\/\/api.w.org\/{rel}","templated":true}]}}