{"id":261577,"date":"2023-12-15T20:58:39","date_gmt":"2023-12-15T19:58:39","guid":{"rendered":"https:\/\/www.moskito.cz\/produkt\/pevny-noz-columbia-river-crkt-bugsy-stonewashed-3600\/"},"modified":"2025-05-07T10:54:45","modified_gmt":"2025-05-07T09:54:45","slug":"pevny-noz-columbia-river-crkt-bugsy-stonewashed-3600","status":"publish","type":"product","link":"https:\/\/www.moskito.cz\/sk\/produkt\/pevny-noz-columbia-river-crkt-bugsy-stonewashed-3600\/","title":{"rendered":"Pevn\u00fd N\u00f4\u017e Columbia River CRKT Bugsy Stonewashed 3600"},"content":{"rendered":"<p>Pevn\u00fd N\u00f4\u017e Columbia River <strong>CRKT<\/strong> Bugsy Stonewashed 3600<\/p>\n<p><strong>Bugsy<\/strong> s pevnou \u010depe\u013eou, naroden\u00fd v d\u017eungli a vyroben\u00fd v USA, je prv\u00fdm no\u017eom CRKT od z\u00e1kazkovej no\u017e\u00edrky a survivalistky Kaily Cumings. S prenosnos\u0165ou a pohodl\u00edm ako prim\u00e1rnymi dizajnov\u00fdmi cie\u013emi je rukov\u00e4\u0165 \u010do najkompaktnej\u0161ia bez toho, aby bola obetovan\u00e1 ergon\u00f3mia, a prilo\u017een\u00fd lanyard poskytuje extra pri\u013enavos\u0165. Bugsy je \u010diasto\u010dne pomenovan\u00e1 po Kailine prvom vyst\u00fapen\u00ed vo filme Discovery \u201eNah\u00e1 a boj\u00ed sa\u201c, v\u010faka ktor\u00e9mu bola od hlavy a\u017e po p\u00e4ty pokryt\u00e1 uhryznut\u00edm chrob\u00e1kov v kolumbijskej d\u017eungli. S menom je ale spojen\u00e9 aj vesel\u0161ie spojenie: je to prez\u00fdvka jej dc\u00e9ry.<\/p>\n<p>Bugsy je pr\u00e9miov\u00e1 kompaktn\u00e1 pevn\u00e1 \u010depe\u013e dostupn\u00e1 v dvoch verzi\u00e1ch, ktor\u00e1 zodpoved\u00e1 r\u00f4znym potreb\u00e1m outdoorov\u00fdch nad\u0161encov. Vyberte si bu\u010f stonewash \u010depe\u013e s hladk\u00fdm ostr\u00edm, rukov\u00e4\u0165 Micarta, s ko\u017een\u00fdm puzdrom; alebo \u010diernu \u010depe\u013e potiahnut\u00fa Cerakote so z\u00fabkovan\u00edm Veff, zodpovedaj\u00facou \u010diernou rukov\u00e4\u0165ou G10 a puzdrom Kydex.<\/p>\n<p>Oba modely s\u00fa vyroben\u00e9 v USA z uhl\u00edkovej ocele 1095 pre pevnos\u0165 a zachovanie hr\u00e1n. Takmer 4palcov\u00e1 \u010depe\u013e nesie ve\u013ek\u00e9 brucho, v\u010faka \u010domu je vhodn\u00e1 na lov, pri\u010dom model Veff Serrations vymenil ur\u010dit\u00fa d\u013a\u017eku ostria pre schopnos\u0165 rezania lana. S hlavn\u00fdmi dizajnov\u00fdmi cie\u013emi prenosite\u013enosti a pohodlia je rukov\u00e4\u0165 \u010do najkompaktnej\u0161ia bez toho, aby bola obetovan\u00e1 ergon\u00f3mia, a prilo\u017een\u00fd lanyard poskytuje extra pri\u013enavos\u0165.<\/p>\n<p>Kaila, ktor\u00e1 vyrastala na vidieku v New Hampshire, sa zamilovala do pr\u00edrody v p\u00e4t\u00e1ch svojho otca, ktor\u00fd ju br\u00e1val na lov, ryb\u00e1r\u010denie a kempovanie, \u010do jej pomohlo v\u0161tepi\u0165 zru\u010dnosti na pre\u017eitie v mladom veku. To nakoniec viedlo ku kari\u00e9re no\u017eiara a svojho druhu profesion\u00e1lneho survivalistu, ktor\u00fd sa trikr\u00e1t objavil v programe Discovery \u201eNaked and Afraid\u201c, show, v ktorej sa s\u00fa\u0165a\u017eiaci po 21 dn\u00ed a noc\u00ed staraj\u00fa sami o seba na od\u013eahl\u00fdch miestach.<\/p>\n<p>Vyroben\u00e9 v USA<br \/>\nUhl\u00edkov\u00e1 oce\u013e 1095 poskytuje odolnos\u0165 a zachovanie hr\u00e1n<br \/>\nRukov\u00e4\u0165 Micarta kombinuje silu s vizu\u00e1lnou pr\u00ed\u0165a\u017elivos\u0165ou<br \/>\nFob pon\u00faka pred\u013a\u017een\u00fa rukov\u00e4\u0165 pre v\u00e4\u010d\u0161iu kontrolu<br \/>\nVysoko kvalitn\u00e9 odoln\u00e9, celozrnn\u00e9 ko\u017een\u00e9 puzdro s p\u00fatkom na opasok<\/p>\n<p>\u0160pecifik\u00e1cia<br \/>\nD\u013a\u017eka \u010depele: 9.6 cm<br \/>\nD\u013a\u017eka rukov\u00e4te: 9.28 cm<br \/>\nCelkov\u00e1 d\u013a\u017eka: 18.89 cm<br \/>\nMateri\u00e1l \u010depele: 1095 High Carbon Steel<br \/>\nHr\u00fabka \u010depele: 0,38 cm<br \/>\n\u0160t\u00fdl \u010depele: Drop Point<br \/>\nPovrchov\u00e1 \u00faprava \u010depele: Stonewash<br \/>\nMateri\u00e1l rukov\u00e4te: Hned\u00e1 Micarta<br \/>\nMateri\u00e1l puzdra: Ko\u017ea<br \/>\nHmotnos\u0165: 4,30 oz. (121,90 g)<br \/>\nHmotnos\u0165 s puzdrom: 7,10 oz. (201,28 g)<br \/>\nDizajn\u00e9r: Kaila Cumings<br \/>\nVyroben\u00e9 v USA firmou TOPS Knives<\/p>\n<p><iframe title=\"CRKT BUGSY\u2122 I Kaila Cumings Design\" width=\"800\" height=\"450\" src=\"https:\/\/www.youtube.com\/embed\/ObJ9Jpv211A?feature=oembed\" frameborder=\"0\" allow=\"accelerometer; autoplay; clipboard-write; encrypted-media; gyroscope; picture-in-picture; web-share\" referrerpolicy=\"strict-origin-when-cross-origin\" allowfullscreen><\/iframe><\/p>\n<p>&nbsp;<\/p>\n","protected":false},"excerpt":{"rendered":"<p><strong>N\u00c1VRH\u00c1R: Kaila Cumingsov\u00e1<\/strong><br \/>\n<strong>Brattleboro, Vermont<\/strong><br \/>\n<strong>Celo\u017eivotn\u00fd dobrodruh Kaila Cumings vyr\u00e1stol na kempovan\u00ed a love v lesoch vidieka New Hampshire. Kaila je z\u00e1kazkov\u00e1 no\u017e\u00edrka, ktor\u00e1 v kov\u00e1\u010dskej dielni a kov\u00e1\u010dke pracuje ru\u010dne, nech\u00e1va sa vies\u0165 kovom a \u017eije pod\u013ea hesla, \u017ee neexistuj\u00fa zlomen\u00e9 \u010depele, iba men\u0161ie no\u017ee.<\/strong><\/p>\n","protected":false},"featured_media":261561,"comment_status":"open","ping_status":"closed","template":"","meta":[],"pwb-brand":[3249],"product_brand":[],"product_cat":[3186,3187],"product_tag":[3668],"class_list":{"0":"post-261577","1":"product","2":"type-product","3":"status-publish","4":"has-post-thumbnail","6":"pwb-brand-zatvaraci-noz-crkt-delilahs-p-e-c-k-5520","7":"product_cat-noze-sk","8":"product_cat-pevne-noze-sk","9":"product_tag-b2b-sk","11":"first","12":"instock","13":"taxable","14":"shipping-taxable","15":"purchasable","16":"product-type-simple"},"brands":[{"id":3249,"name":"Zatv\u00e1rac\u00ed N\u00f4\u017e CRKT DELILAH'S P.E.C.K. 5520","slug":"zatvaraci-noz-crkt-delilahs-p-e-c-k-5520"}],"_links":{"self":[{"href":"https:\/\/www.moskito.cz\/sk\/wp-json\/wp\/v2\/product\/261577","targetHints":{"allow":["GET"]}}],"collection":[{"href":"https:\/\/www.moskito.cz\/sk\/wp-json\/wp\/v2\/product"}],"about":[{"href":"https:\/\/www.moskito.cz\/sk\/wp-json\/wp\/v2\/types\/product"}],"replies":[{"embeddable":true,"href":"https:\/\/www.moskito.cz\/sk\/wp-json\/wp\/v2\/comments?post=261577"}],"wp:featuredmedia":[{"embeddable":true,"href":"https:\/\/www.moskito.cz\/sk\/wp-json\/wp\/v2\/media\/261561"}],"wp:attachment":[{"href":"https:\/\/www.moskito.cz\/sk\/wp-json\/wp\/v2\/media?parent=261577"}],"wp:term":[{"taxonomy":"pwb-brand","embeddable":true,"href":"https:\/\/www.moskito.cz\/sk\/wp-json\/wp\/v2\/pwb-brand?post=261577"},{"taxonomy":"product_brand","embeddable":true,"href":"https:\/\/www.moskito.cz\/sk\/wp-json\/wp\/v2\/product_brand?post=261577"},{"taxonomy":"product_cat","embeddable":true,"href":"https:\/\/www.moskito.cz\/sk\/wp-json\/wp\/v2\/product_cat?post=261577"},{"taxonomy":"product_tag","embeddable":true,"href":"https:\/\/www.moskito.cz\/sk\/wp-json\/wp\/v2\/product_tag?post=261577"}],"curies":[{"name":"wp","href":"https:\/\/api.w.org\/{rel}","templated":true}]}}