{"id":261659,"date":"2023-12-16T19:11:59","date_gmt":"2023-12-16T18:11:59","guid":{"rendered":"https:\/\/www.moskito.cz\/produkt\/zatvaraci-noz-spyderco-manix-2-c101gpbbk2\/"},"modified":"2025-05-07T10:54:48","modified_gmt":"2025-05-07T09:54:48","slug":"zatvaraci-noz-spyderco-manix-2-c101gpbbk2","status":"publish","type":"product","link":"https:\/\/www.moskito.cz\/sk\/produkt\/zatvaraci-noz-spyderco-manix-2-c101gpbbk2\/","title":{"rendered":"Zatv\u00e1rac\u00ed N\u00f4\u017e Spyderco Manix 2 C101GPBBK2"},"content":{"rendered":"<p>Zatv\u00e1rac\u00ed N\u00f4\u017e Spyderco Manix 2 C101GPBBK2<\/p>\n<p>Manix 2 bol od svojho vydania v roku 2010 dobre prijat\u00fd. Jedn\u00e1 sa o celo\u010diernu verziu s \u010diernou \u010depe\u013eou DLC (diamantov\u00fd povlak), \u010diernymi skrutkami a \u010diernou siluetou vreckov\u00e9 spony. Je vybaven\u00fd z\u00e1mkom Ball Bearing Lock, ktor\u00fd sa sklad\u00e1 z tvrden\u00e9ho vo\u013ene pl\u00e1vaj\u00faceho guli\u010dkov\u00e9ho lo\u017eiska obsiahnut\u00e9ho v z\u00e1kazkovej hi-tech polym\u00e9rovej klietke. Gu\u013eat\u00e9 guli\u010dkov\u00e9 lo\u017eisko umo\u017e\u0148uje, aby sa z\u00e1mok s\u00e1m nastavil na ve\u013ekej ploche, hladko a d\u00f4sledne sa zamykal s pevnou istotou. Matn\u00e1 \u010dierna nereflexn\u00e1 \u010depe\u013e S30V je br\u00fasen\u00e1 naplocho s agres\u00edvnym vr\u00fabkovan\u00edm palca nad okr\u00fahlym otvorom Spyderco s priemerom 14 mm. Vn\u00fatorn\u00e9 vlo\u017eky po celej d\u013a\u017eke s\u00fa na okrajoch vr\u00fabkovan\u00e9 a mierne presahuj\u00fa za stupnice rukov\u00e4te G-10, \u010d\u00edm sa zv\u00e4\u010d\u0161uje zv\u00fdraznenie ve\u013ekej \u010dasti obvodu rukov\u00e4te. Trojskrutkov\u00e1 spona je vhodn\u00e1 pre \u013eav\u00fa\/prav\u00fa ruku a umiest\u0148uje skl\u00e1paciu zlo\u017eku pri pren\u00e1\u0161an\u00ed.<\/p>\n<p>\u0160pecifik\u00e1cia:<br \/>\nCelkov\u00e1 d\u013a\u017eka: 20.3 cm<br \/>\nD\u013a\u017eka \u010depele: 8.6 cm<br \/>\nD\u013a\u017eka v zatvorenom stave: 11.7 cm<br \/>\nOce\u013e: S30V<br \/>\nMateri\u00e1l rukov\u00e4te: G-10<br \/>\nHmotnos\u0165: 5 oz. (143 g)<br \/>\nKlip: \u013eav\u00fd\/prav\u00fd<br \/>\nVyroben\u00e9 v USA<\/p>\n","protected":false},"excerpt":{"rendered":"<p>Manix 2 bol od svojho vydania v roku 2010 dobre prijat\u00fd. Jedn\u00e1 sa o celo\u010diernu verziu s \u010diernou \u010depe\u013eou DLC (diamantov\u00fd povlak), \u010diernymi skrutkami a \u010diernou siluetou vreckov\u00e9 spony.<\/p>\n","protected":false},"featured_media":261645,"comment_status":"open","ping_status":"closed","template":"","meta":[],"pwb-brand":[3261],"product_brand":[],"product_cat":[3186,3233],"product_tag":[3668],"class_list":{"0":"post-261659","1":"product","2":"type-product","3":"status-publish","4":"has-post-thumbnail","6":"pwb-brand-zatvaraci-noz-spyderco-endura-flat-ground-gray-frn-c10fpgy","7":"product_cat-noze-sk","8":"product_cat-zatvaracie-noze","9":"product_tag-b2b-sk","11":"first","12":"outofstock","13":"taxable","14":"shipping-taxable","15":"purchasable","16":"product-type-simple"},"brands":[{"id":3261,"name":"Zatv\u00e1rac\u00ed N\u00f4\u017e Spyderco Endura Flat Ground Gray FRN C10FPGY","slug":"zatvaraci-noz-spyderco-endura-flat-ground-gray-frn-c10fpgy"}],"_links":{"self":[{"href":"https:\/\/www.moskito.cz\/sk\/wp-json\/wp\/v2\/product\/261659","targetHints":{"allow":["GET"]}}],"collection":[{"href":"https:\/\/www.moskito.cz\/sk\/wp-json\/wp\/v2\/product"}],"about":[{"href":"https:\/\/www.moskito.cz\/sk\/wp-json\/wp\/v2\/types\/product"}],"replies":[{"embeddable":true,"href":"https:\/\/www.moskito.cz\/sk\/wp-json\/wp\/v2\/comments?post=261659"}],"wp:featuredmedia":[{"embeddable":true,"href":"https:\/\/www.moskito.cz\/sk\/wp-json\/wp\/v2\/media\/261645"}],"wp:attachment":[{"href":"https:\/\/www.moskito.cz\/sk\/wp-json\/wp\/v2\/media?parent=261659"}],"wp:term":[{"taxonomy":"pwb-brand","embeddable":true,"href":"https:\/\/www.moskito.cz\/sk\/wp-json\/wp\/v2\/pwb-brand?post=261659"},{"taxonomy":"product_brand","embeddable":true,"href":"https:\/\/www.moskito.cz\/sk\/wp-json\/wp\/v2\/product_brand?post=261659"},{"taxonomy":"product_cat","embeddable":true,"href":"https:\/\/www.moskito.cz\/sk\/wp-json\/wp\/v2\/product_cat?post=261659"},{"taxonomy":"product_tag","embeddable":true,"href":"https:\/\/www.moskito.cz\/sk\/wp-json\/wp\/v2\/product_tag?post=261659"}],"curies":[{"name":"wp","href":"https:\/\/api.w.org\/{rel}","templated":true}]}}