{"id":261699,"date":"2023-12-16T20:03:28","date_gmt":"2023-12-16T19:03:28","guid":{"rendered":"https:\/\/www.moskito.cz\/produkt\/zatvaraci-noz-spyderco-manbug-lightweight-mfpk390\/"},"modified":"2025-05-07T10:54:49","modified_gmt":"2025-05-07T09:54:49","slug":"zatvaraci-noz-spyderco-manbug-lightweight-mfpk390","status":"publish","type":"product","link":"https:\/\/www.moskito.cz\/sk\/produkt\/zatvaraci-noz-spyderco-manbug-lightweight-mfpk390\/","title":{"rendered":"Zatv\u00e1rac\u00ed N\u00f4\u017e Spyderco Manbug Lightweight MFPK390"},"content":{"rendered":"<p>Zatv\u00e1rac\u00ed N\u00f4\u017e <strong>Spyderco<\/strong> Manbug Lightweight MFPK390<\/p>\n<p><strong>Spyderco<\/strong> bolo v\u017edy ve\u013emi hrd\u00e9 na svoje \u00fasilie pos\u00fava\u0165 hranice v\u00fdkonu ponukou exotick\u00fdch ocel\u00ed \u010depe\u013eou vo svojich no\u017eoch. S t\u00fdmto duchom na mysli s hrdos\u0165ou oznamuj\u00fa, \u017ee pon\u00fakaj\u00fa mno\u017estvo najpred\u00e1vanej\u0161\u00edch modelov s \u010depe\u013eami vyroben\u00fdmi z K390. K390 MICROCLEAN, vyroben\u00e1 spolo\u010dnos\u0165ou Bohler-Uddeholm, je najmodernej\u0161ia n\u00e1strojov\u00e1 oce\u013e na tvarovanie za studena vyr\u00e1ban\u00e1 procesom \u010dasticovej metalurgie. Jeho pokro\u010dil\u00e1 zliatinov\u00e1 zmes bola \u0161peci\u00e1lne vyvinut\u00e1 tak, aby poskytovala extr\u00e9mnu odolnos\u0165 proti opotrebovaniu a vysok\u00fa pevnos\u0165 v tlaku potrebn\u00fa pri priemyselnom rezan\u00ed, vysek\u00e1van\u00ed a dierovan\u00ed. Napriek svojej h\u00fa\u017eevnatosti je v\u00fdnimo\u010dne jemn\u00e1, homog\u00e9nna mikro\u0161trukt\u00fara tie\u017e \u013eahko obrobite\u013en\u00e1 a \u013eahko tepelne spracovate\u013en\u00e1. Spolo\u010dne tieto vlastnosti robia z K390 vynikaj\u00faci materi\u00e1l \u010depele pre skuto\u010dn\u00fdch znalcov ocele. Spyderco je hrd\u00e9 na to, \u017ee ho uv\u00e1dza na niektor\u00fdch svojich najob\u013e\u00fabenej\u0161\u00edch modeloch, ktor\u00e9 sa tie\u017e vyzna\u010duj\u00fa v\u00fdrazn\u00fdmi modr\u00fdmi rukov\u00e4\u0165ami.<\/p>\n<p>Pozn\u00e1mka: K390 je vysoko v\u00fdkonn\u00e1 nerezov\u00e1 oce\u013e, ktor\u00e1 m\u00f4\u017ee pri nespr\u00e1vnej starostlivosti hrdzavie\u0165. Po pou\u017eit\u00ed \u010depe\u013e v\u017edy o\u010distite a osu\u0161te av pr\u00edpade potreby naneste olej alebo in\u00e9 pr\u00edpravky zabra\u0148uj\u00face kor\u00f3zii.<\/p>\n<p>\u0160pecifik\u00e1cia<br \/>\nD\u013a\u017eka \u010depele: 5 cm<br \/>\nD\u013a\u017eka v zatvorenom stave: 6.4 cm<br \/>\nCelkov\u00e1 d\u013a\u017eka: 11.4 cm<br \/>\nHr\u00fabka \u010depele: 0,25 cm<br \/>\nMateri\u00e1l \u010depele: N\u00e1strojov\u00e1 oce\u013e Bohler K390<br \/>\n\u0160t\u00fdl \u010depele: Clip Point<br \/>\nBr\u00fasenie \u010depele: Plne ploch\u00e9<br \/>\nPovrchov\u00e1 \u00faprava \u010depele: sat\u00e9n<br \/>\nOstrie \u010depele: Hladk\u00e9<br \/>\nMateri\u00e1l rukov\u00e4te: FRN<br \/>\nFarba rukov\u00e4te: Modr\u00e1<br \/>\nUzamykac\u00ed mechanizmus: Lockback<br \/>\nVreckov\u00fd klip: \u017diadny<br \/>\n\u010c\u00edslo modelu: MFPK390<br \/>\nN\u00e1zov modelu: Manbug Lightweight K390<br \/>\nHmotnos\u0165: 0,7 oz. (20 g)<br \/>\nVyroben\u00e9 v Japonsku<\/p>\n","protected":false},"excerpt":{"rendered":"<p><strong>Spyderco bolo v\u017edy ve\u013emi hrd\u00e9 na svoje \u00fasilie pos\u00fava\u0165 hranice v\u00fdkonu ponukou exotick\u00fdch ocel\u00ed \u010depe\u013eou vo svojich no\u017eoch. S t\u00fdmto duchom na mysli s hrdos\u0165ou oznamuj\u00fa, \u017ee pon\u00fakaj\u00fa mno\u017estvo najpred\u00e1vanej\u0161\u00edch modelov s \u010depe\u013eami vyroben\u00fdmi z K390.<\/strong><\/p>\n","protected":false},"featured_media":261681,"comment_status":"open","ping_status":"closed","template":"","meta":[],"pwb-brand":[3261],"product_brand":[],"product_cat":[3233,3186],"product_tag":[3668],"class_list":{"0":"post-261699","1":"product","2":"type-product","3":"status-publish","4":"has-post-thumbnail","6":"pwb-brand-zatvaraci-noz-spyderco-endura-flat-ground-gray-frn-c10fpgy","7":"product_cat-zatvaracie-noze","8":"product_cat-noze-sk","9":"product_tag-b2b-sk","11":"first","12":"outofstock","13":"sale","14":"taxable","15":"shipping-taxable","16":"purchasable","17":"product-type-simple"},"brands":[{"id":3261,"name":"Zatv\u00e1rac\u00ed N\u00f4\u017e Spyderco Endura Flat Ground Gray FRN C10FPGY","slug":"zatvaraci-noz-spyderco-endura-flat-ground-gray-frn-c10fpgy"}],"_links":{"self":[{"href":"https:\/\/www.moskito.cz\/sk\/wp-json\/wp\/v2\/product\/261699","targetHints":{"allow":["GET"]}}],"collection":[{"href":"https:\/\/www.moskito.cz\/sk\/wp-json\/wp\/v2\/product"}],"about":[{"href":"https:\/\/www.moskito.cz\/sk\/wp-json\/wp\/v2\/types\/product"}],"replies":[{"embeddable":true,"href":"https:\/\/www.moskito.cz\/sk\/wp-json\/wp\/v2\/comments?post=261699"}],"wp:featuredmedia":[{"embeddable":true,"href":"https:\/\/www.moskito.cz\/sk\/wp-json\/wp\/v2\/media\/261681"}],"wp:attachment":[{"href":"https:\/\/www.moskito.cz\/sk\/wp-json\/wp\/v2\/media?parent=261699"}],"wp:term":[{"taxonomy":"pwb-brand","embeddable":true,"href":"https:\/\/www.moskito.cz\/sk\/wp-json\/wp\/v2\/pwb-brand?post=261699"},{"taxonomy":"product_brand","embeddable":true,"href":"https:\/\/www.moskito.cz\/sk\/wp-json\/wp\/v2\/product_brand?post=261699"},{"taxonomy":"product_cat","embeddable":true,"href":"https:\/\/www.moskito.cz\/sk\/wp-json\/wp\/v2\/product_cat?post=261699"},{"taxonomy":"product_tag","embeddable":true,"href":"https:\/\/www.moskito.cz\/sk\/wp-json\/wp\/v2\/product_tag?post=261699"}],"curies":[{"name":"wp","href":"https:\/\/api.w.org\/{rel}","templated":true}]}}