{"id":261715,"date":"2023-12-16T20:50:45","date_gmt":"2023-12-16T19:50:45","guid":{"rendered":"https:\/\/www.moskito.cz\/produkt\/zatvaraci-noz-spyderco-manbug-mbkws\/"},"modified":"2025-05-07T10:54:49","modified_gmt":"2025-05-07T09:54:49","slug":"zatvaraci-noz-spyderco-manbug-mbkws","status":"publish","type":"product","link":"https:\/\/www.moskito.cz\/sk\/produkt\/zatvaraci-noz-spyderco-manbug-mbkws\/","title":{"rendered":"Zatv\u00e1rac\u00ed N\u00f4\u017e Spyderco Manbug MBKWS"},"content":{"rendered":"<p>Zatv\u00e1rac\u00ed N\u00f4\u017e Spyderco Manbug MBKWS<\/p>\n<p>Koncepcia \u201eLittle Big Knife\u201c spolo\u010dnosti Spyderco je ne\u00fanavn\u00e1 snaha s\u00fastredi\u0165 maxim\u00e1lny rezn\u00fd v\u00fdkon do \u010do najmen\u0161ieho balenia. Popul\u00e1rny dizajn Manbug to dosahuje mimoriadne dobre. Ke\u010f je vybaven\u00e1 rovnou \u010depe\u013eou Wharncliffe, rob\u00ed to e\u0161te lep\u0161ie. A ke\u010f m\u00e1 tento \u00faplne ploch\u00fd kot\u00fa\u010d VG-10 agres\u00edvnu rezn\u00fa hranu SpyderEdge, v\u00fdsledkom je ultrakompaktn\u00fd rezn\u00fd n\u00e1stroj, ktor\u00fd pon\u00faka na svoju ve\u013ekos\u0165 bezkonkuren\u010dn\u00fd rezn\u00fd v\u00fdkon.<\/p>\n<p>\u0160pecifik\u00e1cia<br \/>\nD\u013a\u017eka \u010depele: 5 cm<br \/>\nD\u013a\u017eka v zatvorenom stave: 6.4 cm<br \/>\nCelkov\u00e1 d\u013a\u017eka: 11.4 cm<br \/>\nMateri\u00e1l \u010depele: VG10 Nerezov\u00e1 oce\u013e<br \/>\nHr\u00fabka \u010depele: 0,25 cm<br \/>\n\u0160t\u00fdl \u010depele: Wharncliffe<br \/>\nBr\u00fasenie \u010depele: Plne ploch\u00e9<br \/>\nPovrchov\u00e1 \u00faprava \u010depele: sat\u00e9n<br \/>\nMateri\u00e1l rukov\u00e4te: \u010dierna FRN<br \/>\nUzamykac\u00ed mechanizmus: Lockback<br \/>\nVreckov\u00fd klip: \u017diadny<br \/>\nHmotnos\u0165: 0,7 oz. (20 g)<br \/>\nVyroben\u00e9 v Japonsku<\/p>\n","protected":false},"excerpt":{"rendered":"<p>Koncepcia \u201eLittle Big Knife\u201c spolo\u010dnosti Spyderco je ne\u00fanavn\u00e1 snaha s\u00fastredi\u0165 maxim\u00e1lny rezn\u00fd v\u00fdkon do \u010do najmen\u0161ieho balenia.<\/p>\n","protected":false},"featured_media":261704,"comment_status":"open","ping_status":"closed","template":"","meta":[],"pwb-brand":[3261],"product_brand":[],"product_cat":[3186,3233],"product_tag":[3668],"class_list":{"0":"post-261715","1":"product","2":"type-product","3":"status-publish","4":"has-post-thumbnail","6":"pwb-brand-zatvaraci-noz-spyderco-endura-flat-ground-gray-frn-c10fpgy","7":"product_cat-noze-sk","8":"product_cat-zatvaracie-noze","9":"product_tag-b2b-sk","11":"first","12":"instock","13":"taxable","14":"shipping-taxable","15":"purchasable","16":"product-type-simple"},"brands":[{"id":3261,"name":"Zatv\u00e1rac\u00ed N\u00f4\u017e Spyderco Endura Flat Ground Gray FRN C10FPGY","slug":"zatvaraci-noz-spyderco-endura-flat-ground-gray-frn-c10fpgy"}],"_links":{"self":[{"href":"https:\/\/www.moskito.cz\/sk\/wp-json\/wp\/v2\/product\/261715","targetHints":{"allow":["GET"]}}],"collection":[{"href":"https:\/\/www.moskito.cz\/sk\/wp-json\/wp\/v2\/product"}],"about":[{"href":"https:\/\/www.moskito.cz\/sk\/wp-json\/wp\/v2\/types\/product"}],"replies":[{"embeddable":true,"href":"https:\/\/www.moskito.cz\/sk\/wp-json\/wp\/v2\/comments?post=261715"}],"wp:featuredmedia":[{"embeddable":true,"href":"https:\/\/www.moskito.cz\/sk\/wp-json\/wp\/v2\/media\/261704"}],"wp:attachment":[{"href":"https:\/\/www.moskito.cz\/sk\/wp-json\/wp\/v2\/media?parent=261715"}],"wp:term":[{"taxonomy":"pwb-brand","embeddable":true,"href":"https:\/\/www.moskito.cz\/sk\/wp-json\/wp\/v2\/pwb-brand?post=261715"},{"taxonomy":"product_brand","embeddable":true,"href":"https:\/\/www.moskito.cz\/sk\/wp-json\/wp\/v2\/product_brand?post=261715"},{"taxonomy":"product_cat","embeddable":true,"href":"https:\/\/www.moskito.cz\/sk\/wp-json\/wp\/v2\/product_cat?post=261715"},{"taxonomy":"product_tag","embeddable":true,"href":"https:\/\/www.moskito.cz\/sk\/wp-json\/wp\/v2\/product_tag?post=261715"}],"curies":[{"name":"wp","href":"https:\/\/api.w.org\/{rel}","templated":true}]}}