{"id":261733,"date":"2023-12-16T21:10:17","date_gmt":"2023-12-16T20:10:17","guid":{"rendered":"https:\/\/www.moskito.cz\/produkt\/zatvaraci-noz-spyderco-chicago-c130gp\/"},"modified":"2025-05-07T10:54:50","modified_gmt":"2025-05-07T09:54:50","slug":"zatvaraci-noz-spyderco-chicago-c130gp","status":"publish","type":"product","link":"https:\/\/www.moskito.cz\/sk\/produkt\/zatvaraci-noz-spyderco-chicago-c130gp\/","title":{"rendered":"Zatv\u00e1rac\u00ed N\u00f4\u017e Spyderco Chicago C130GP"},"content":{"rendered":"<p>Zatv\u00e1rac\u00ed N\u00f4\u017e <strong>Spyderco<\/strong> Chicago C130GP<\/p>\n<p>Z\u00e1kony. \u010ci u\u017e je to nutn\u00e9, dobr\u00e9 alebo len orie\u0161kov\u00e9, s\u00fa ur\u010den\u00e9 na nastolenie poriadku a odvr\u00e1tenie chaosu. Ke\u010f na\u0161a vl\u00e1da a spolo\u010dnos\u0165 zav\u00e1dzaj\u00fa pravidl\u00e1, rob\u00edme v\u0161etko pre to, aby sme \u017eili v r\u00e1mci ich parametrov.<\/p>\n<p>Napr\u00edklad mnoh\u00e9 metropolitn\u00e9 mest\u00e1 USA kreslia \u010diaru na nosenie vreckov\u00fdch no\u017eov na verejnosti k no\u017eom s \u010depe\u013eou dlhou dva palce alebo menej. Vitajte v Chicagu! Keby som bol obyvate\u013eom Chicaga a nosil pravidelne vreckov\u00fd n\u00f4\u017e, mohol by som ma\u0165 sklon (ako ob\u010dan dodr\u017eiavaj\u00faci z\u00e1kony) nosi\u0165 n\u00e1stroj, na ktor\u00fd sa vz\u0165ahuj\u00fa obmedzenia tohto mesta.<\/p>\n<p><strong>Spyderco<\/strong> C130G Chicago je presne to. Dvojpalcov\u00e1 ploch\u00e1 \u010depe\u013e CTS-BD1N elegantne vybaven\u00e1 \u010diernou rukov\u00e4\u0165ou G-10 a Michael Walker LinerLock. Rukov\u00e4\u0165 je tvarovan\u00e1 a ergonomicky dimenzovan\u00e1 s skeletonizovan\u00fdmi vlo\u017ekami po celej d\u013a\u017eke vo vn\u00fatri pre pevnos\u0165 bez objemu alebo hmotnosti.<\/p>\n<p>Jeho \u010depe\u013e v tvare listu efekt\u00edvne re\u017ee naprie\u010d doskou, od v\u00fdznamn\u00fdch nam\u00e1hav\u00fdch rezov, ako je koberec a polylana, a\u017e po nie\u010do tak\u00e9 jednoduch\u00e9, ako je \u010distenie nechtov alebo zo\u0161krabovanie p\u00e1sky zo skla.<\/p>\n<p>Hlbok\u00e1 vreckov\u00e1 spona zanor\u00ed n\u00f4\u017e do vrecka nohav\u00edc, pri\u010dom \u0161pi\u010dka smeruje nahor, pripraven\u00e1 na nosenie \u013eavou alebo pravou rukou. Tento je pre obyvate\u013eov Chicaga alebo kohoko\u013evek, kto h\u013ead\u00e1 mestsk\u00fd\/oblekov\u00fd n\u00f4\u017e.<\/p>\n<p>\u0160pecifik\u00e1cia:<br \/>\nD\u013a\u017eka \u010depele: 5.1 cm<br \/>\nHr\u00fabka \u010depele: 025 cm<br \/>\nCelkov\u00e1 d\u013a\u017eka: 12.8 cm<br \/>\nD\u013a\u017eka v zatvorenom stave: 7.9 cm<br \/>\n\u010cepe\u013e Oce\u013e: CTS-BD1N Nerezov\u00e1 oce\u013e<br \/>\nHmotnos\u0165: 1,9 oz. (54 g) cca.<br \/>\nMateri\u00e1l rukov\u00e4te: \u010dierna G10<\/p>\n","protected":false},"excerpt":{"rendered":"<p><strong>Vitajte v Chicagu! Keby som bol obyvate\u013eom Chicaga a nosil pravidelne vreckov\u00fd n\u00f4\u017e, mohol by som ma\u0165 sklon (ako ob\u010dan dodr\u017eiavaj\u00faci z\u00e1kony) nosi\u0165 n\u00e1stroj, na ktor\u00fd sa vz\u0165ahuj\u00fa obmedzenia tohto mesta.<\/strong><\/p>\n","protected":false},"featured_media":261719,"comment_status":"open","ping_status":"closed","template":"","meta":[],"pwb-brand":[3261],"product_brand":[],"product_cat":[3233,3186],"product_tag":[3668],"class_list":{"0":"post-261733","1":"product","2":"type-product","3":"status-publish","4":"has-post-thumbnail","6":"pwb-brand-zatvaraci-noz-spyderco-endura-flat-ground-gray-frn-c10fpgy","7":"product_cat-zatvaracie-noze","8":"product_cat-noze-sk","9":"product_tag-b2b-sk","11":"first","12":"instock","13":"sale","14":"taxable","15":"shipping-taxable","16":"purchasable","17":"product-type-simple"},"brands":[{"id":3261,"name":"Zatv\u00e1rac\u00ed N\u00f4\u017e Spyderco Endura Flat Ground Gray FRN C10FPGY","slug":"zatvaraci-noz-spyderco-endura-flat-ground-gray-frn-c10fpgy"}],"_links":{"self":[{"href":"https:\/\/www.moskito.cz\/sk\/wp-json\/wp\/v2\/product\/261733","targetHints":{"allow":["GET"]}}],"collection":[{"href":"https:\/\/www.moskito.cz\/sk\/wp-json\/wp\/v2\/product"}],"about":[{"href":"https:\/\/www.moskito.cz\/sk\/wp-json\/wp\/v2\/types\/product"}],"replies":[{"embeddable":true,"href":"https:\/\/www.moskito.cz\/sk\/wp-json\/wp\/v2\/comments?post=261733"}],"wp:featuredmedia":[{"embeddable":true,"href":"https:\/\/www.moskito.cz\/sk\/wp-json\/wp\/v2\/media\/261719"}],"wp:attachment":[{"href":"https:\/\/www.moskito.cz\/sk\/wp-json\/wp\/v2\/media?parent=261733"}],"wp:term":[{"taxonomy":"pwb-brand","embeddable":true,"href":"https:\/\/www.moskito.cz\/sk\/wp-json\/wp\/v2\/pwb-brand?post=261733"},{"taxonomy":"product_brand","embeddable":true,"href":"https:\/\/www.moskito.cz\/sk\/wp-json\/wp\/v2\/product_brand?post=261733"},{"taxonomy":"product_cat","embeddable":true,"href":"https:\/\/www.moskito.cz\/sk\/wp-json\/wp\/v2\/product_cat?post=261733"},{"taxonomy":"product_tag","embeddable":true,"href":"https:\/\/www.moskito.cz\/sk\/wp-json\/wp\/v2\/product_tag?post=261733"}],"curies":[{"name":"wp","href":"https:\/\/api.w.org\/{rel}","templated":true}]}}