{"id":261756,"date":"2023-12-17T15:52:00","date_gmt":"2023-12-17T14:52:00","guid":{"rendered":"https:\/\/www.moskito.cz\/produkt\/zatvaraci-noz-spyderco-manbug-salt-lightweight-myls\/"},"modified":"2025-05-07T10:54:50","modified_gmt":"2025-05-07T09:54:50","slug":"zatvaraci-noz-spyderco-manbug-salt-lightweight-myls","status":"publish","type":"product","link":"https:\/\/www.moskito.cz\/sk\/produkt\/zatvaraci-noz-spyderco-manbug-salt-lightweight-myls\/","title":{"rendered":"Zatv\u00e1rac\u00ed N\u00f4\u017e Spyderco Manbug Salt Lightweight MYLS"},"content":{"rendered":"<p>Zatv\u00e1rac\u00ed N\u00f4\u017e Spyderco Manbug Salt Lightweight MYLS<\/p>\n<p>Pollitrov\u00fd Manbug, p\u00f4vodne zam\u00fd\u0161\u013ean\u00fd ako o nie\u010do v\u00e4\u010d\u0161ia, mu\u017enej\u0161ia verzia najpred\u00e1vanej\u0161ej Ladybug od Spyderca, si medzi p\u00fatav\u00fdmi milovn\u00edkmi vreckov\u00fdch no\u017eov vysl\u00fa\u017eil svojich vlastn\u00fdch oddan\u00fdch fan\u00fa\u0161ikov. Jeho popularita tie\u017e splodila nieko\u013eko vari\u00e1ci\u00ed, vr\u00e1tane Manbug Salt, ktor\u00e1 je \u0161peci\u00e1lne navrhnut\u00e1 na pou\u017eitie vo vode a okolo nej.<\/p>\n<p>\u010cepe\u013e tohto no\u017ea s tupou \u0161pi\u010dkou je vyroben\u00e1 z ocele H-1, pokro\u010dilej zliatiny na b\u00e1ze dus\u00edka, ktor\u00e1 je extr\u00e9mne odoln\u00e1 proti kor\u00f3zii. Jeho plne z\u00fabkovan\u00e9 SpyderEdge pon\u00faka na svoju ve\u013ekos\u0165 extr\u00e9mny rezn\u00fd v\u00fdkon \u2013 najm\u00e4 na vl\u00e1knit\u00e9 materi\u00e1ly, ako s\u00fa lan\u00e1 a siete. Okr\u00fahly otvor s ochrannou zn\u00e1mkou \u010depele ju neomylne identifikuje ako produkt Spyderco a umo\u017e\u0148uje \u013eahk\u00e9 otv\u00e1ranie bez nechtov.<\/p>\n<p>Aby bolo zaisten\u00e9 bezpe\u010dn\u00e9 uchopenie aj mokr\u00fdmi rukami, m\u00e1 Manbug Salt vstrekovan\u00e1 nylonov\u00e1 rukov\u00e4\u0165 vystu\u017een\u00e1 sklen\u00fdmi vl\u00e1knami vysoko pri\u013enav\u00fdm vzorom Bi-Directional Texturing. Je tie\u017e vylisovan\u00fd v \u017eiarivo \u017eltej farbe pre vysok\u00fa vidite\u013enos\u0165 a obsahuje robustn\u00fd zadn\u00fd uzamykac\u00ed mechanizmus, ktor\u00fd zablokuje \u010depe\u013e pri pou\u017eit\u00ed bezpe\u010dne otvoren\u00fa. Nadmerne ve\u013ek\u00fd otvor pre \u0161n\u00farku tie\u017e umo\u017e\u0148uje \u013eahk\u00e9 pripevnenie \u0161n\u00farok a bezpe\u010dnostn\u00fdch \u0161n\u00far.<\/p>\n<p>Manbug Salt, schopn\u00fd v\u00fdkonu \u010faleko presahuj\u00faceho svoju kompaktn\u00fa ve\u013ekos\u0165, je perfektn\u00fd vreckov\u00fd rezac\u00ed n\u00e1stroj pre ryb\u00e1rov, n\u00e1morn\u00edkov a kohoko\u013evek in\u00e9ho, \u200b\u200bpre koho hrdzav\u00e1 \u010depe\u013e nie je vo\u013ebou.<\/p>\n<p>\u0160pecifik\u00e1cia<br \/>\nD\u013a\u017eka \u010depele: 4.75 cm<br \/>\nD\u013a\u017eka v zatvorenom stave: 6.25 cm<br \/>\nCelkov\u00e1 d\u013a\u017eka: 11 cm<br \/>\nMateri\u00e1l \u010depele: H1\/H2 Ultra nehrdzavej\u00faca oce\u013e<br \/>\n\u0160t\u00fdl \u010depele: Sheepfoot<br \/>\nBr\u00fasenie \u010depele: Dut\u00e9<br \/>\nPovrchov\u00e1 \u00faprava \u010depele: sat\u00e9n<br \/>\nOstrie \u010depele: Vr\u00fabkovan\u00e9<br \/>\nMateri\u00e1l rukov\u00e4te: Nylon vystu\u017een\u00fd sklen\u00fdmi vl\u00e1knami (FRN)<br \/>\nFarba rukov\u00e4te: \u017elt\u00e1<br \/>\nUzamykac\u00ed mechanizmus: Lockback<br \/>\nVreckov\u00fd klip: N\/A<br \/>\n\u010c\u00edslo modelu: MYLS<br \/>\nN\u00e1zov modelu: Manbug Salt Lightweight<br \/>\nHmotnos\u0165: 0,8 oz.<br \/>\nVyroben\u00e9 v Japonsku<\/p>\n","protected":false},"excerpt":{"rendered":"<p>Manbug Salt, schopn\u00fd v\u00fdkonu \u010faleko presahuj\u00faceho svoju kompaktn\u00fa ve\u013ekos\u0165, je perfektn\u00fd vreckov\u00fd rezac\u00ed n\u00e1stroj pre ryb\u00e1rov, n\u00e1morn\u00edkov a kohoko\u013evek in\u00e9ho, \u200b\u200bpre koho hrdzav\u00e1 \u010depe\u013e nie je vo\u013ebou.<\/p>\n","protected":false},"featured_media":261742,"comment_status":"open","ping_status":"closed","template":"","meta":[],"pwb-brand":[3261],"product_brand":[],"product_cat":[3186,3233],"product_tag":[3668],"class_list":{"0":"post-261756","1":"product","2":"type-product","3":"status-publish","4":"has-post-thumbnail","6":"pwb-brand-zatvaraci-noz-spyderco-endura-flat-ground-gray-frn-c10fpgy","7":"product_cat-noze-sk","8":"product_cat-zatvaracie-noze","9":"product_tag-b2b-sk","11":"first","12":"instock","13":"taxable","14":"shipping-taxable","15":"purchasable","16":"product-type-simple"},"brands":[{"id":3261,"name":"Zatv\u00e1rac\u00ed N\u00f4\u017e Spyderco Endura Flat Ground Gray FRN C10FPGY","slug":"zatvaraci-noz-spyderco-endura-flat-ground-gray-frn-c10fpgy"}],"_links":{"self":[{"href":"https:\/\/www.moskito.cz\/sk\/wp-json\/wp\/v2\/product\/261756","targetHints":{"allow":["GET"]}}],"collection":[{"href":"https:\/\/www.moskito.cz\/sk\/wp-json\/wp\/v2\/product"}],"about":[{"href":"https:\/\/www.moskito.cz\/sk\/wp-json\/wp\/v2\/types\/product"}],"replies":[{"embeddable":true,"href":"https:\/\/www.moskito.cz\/sk\/wp-json\/wp\/v2\/comments?post=261756"}],"wp:featuredmedia":[{"embeddable":true,"href":"https:\/\/www.moskito.cz\/sk\/wp-json\/wp\/v2\/media\/261742"}],"wp:attachment":[{"href":"https:\/\/www.moskito.cz\/sk\/wp-json\/wp\/v2\/media?parent=261756"}],"wp:term":[{"taxonomy":"pwb-brand","embeddable":true,"href":"https:\/\/www.moskito.cz\/sk\/wp-json\/wp\/v2\/pwb-brand?post=261756"},{"taxonomy":"product_brand","embeddable":true,"href":"https:\/\/www.moskito.cz\/sk\/wp-json\/wp\/v2\/product_brand?post=261756"},{"taxonomy":"product_cat","embeddable":true,"href":"https:\/\/www.moskito.cz\/sk\/wp-json\/wp\/v2\/product_cat?post=261756"},{"taxonomy":"product_tag","embeddable":true,"href":"https:\/\/www.moskito.cz\/sk\/wp-json\/wp\/v2\/product_tag?post=261756"}],"curies":[{"name":"wp","href":"https:\/\/api.w.org\/{rel}","templated":true}]}}