{"id":261790,"date":"2023-12-17T16:36:15","date_gmt":"2023-12-17T15:36:15","guid":{"rendered":"https:\/\/www.moskito.cz\/produkt\/zatvaraci-noz-spyderco-grasshopper-miniature-non-locking-c138p\/"},"modified":"2025-05-07T10:54:51","modified_gmt":"2025-05-07T09:54:51","slug":"zatvaraci-noz-spyderco-grasshopper-miniature-non-locking-c138p","status":"publish","type":"product","link":"https:\/\/www.moskito.cz\/sk\/produkt\/zatvaraci-noz-spyderco-grasshopper-miniature-non-locking-c138p\/","title":{"rendered":"Zatv\u00e1rac\u00ed N\u00f4\u017e Spyderco GrassHopper Miniature (non-locking) C138P"},"content":{"rendered":"<p>Ve\u013ekos\u0165 GrassHopper je najbli\u017e\u0161ie skuto\u010dn\u00e9mu vreckov\u00e9mu no\u017eu s \u010depe\u013eou cez dva palce. \u010cepe\u013e z nerezovej ocele PlainEdge Cr13 zost\u00e1va pri rezan\u00ed otvoren\u00e1 a dr\u017e\u00ed ju odoln\u00fd tlak v oblasti \u010dapu no\u017ea. Rukov\u00e4te GrassHopper s\u00fa skosen\u00e9 bez hranat\u00fdch hr\u00e1n, aby sa zaryli alebo zahryzli do zvieraj\u00facej ruky. Rukov\u00e4\u0165 je tie\u017e z nerezovej ocele s laserom vyryt\u00fdm plo\u0161ticou Spyderco a dostatkom pr\u00e1zdnej plochy pre mal\u00e9 mno\u017estvo rytiny alebo prisp\u00f4sobenie ako \u0161perk alebo dar\u010dekov\u00fd predmet. Rukov\u00e4\u0165 pre \u0161n\u00farku-diera v\u00edta retiazku na nosenie na krku alebo k\u013e\u00fa\u010denku.<\/p>\n<p>\u0160pecifik\u00e1cia<br \/>\nD\u013a\u017eka \u010depele: 2,31&#8243;<br \/>\nRezn\u00e1 hrana: 2&#8243;<br \/>\nD\u013a\u017eka v zatvorenom stave: 2,75&#8243;<br \/>\nCelkov\u00e1 d\u013a\u017eka: 5&#8243;<br \/>\nHr\u00fabka \u010depele: 0,078&#8243;<br \/>\nMateri\u00e1l \u010depele: Nerezov\u00e1 oce\u013e 12C27<br \/>\nMateri\u00e1l rukov\u00e4te: Nerezov\u00e1 oce\u013e<br \/>\nHmotnos\u0165: 1,4 oz.<\/p>\n","protected":false},"excerpt":{"rendered":"<p>Zatv\u00e1racie no\u017ee bez aret\u00e1cie nie s\u00fa nov\u00fdm konceptom. Existuj\u00fa po st\u00e1ro\u010dia bez ve\u013ek\u00fdch zmien, ale na\u010falej sa pred\u00e1vaj\u00fa medzi morom modern\u00fdch zamykac\u00edch no\u017eov.<\/p>\n","protected":false},"featured_media":261779,"comment_status":"open","ping_status":"closed","template":"","meta":[],"pwb-brand":[3261],"product_brand":[],"product_cat":[3233,3186],"product_tag":[3668],"class_list":{"0":"post-261790","1":"product","2":"type-product","3":"status-publish","4":"has-post-thumbnail","6":"pwb-brand-zatvaraci-noz-spyderco-endura-flat-ground-gray-frn-c10fpgy","7":"product_cat-zatvaracie-noze","8":"product_cat-noze-sk","9":"product_tag-b2b-sk","11":"first","12":"instock","13":"taxable","14":"shipping-taxable","15":"purchasable","16":"product-type-simple"},"brands":[{"id":3261,"name":"Zatv\u00e1rac\u00ed N\u00f4\u017e Spyderco Endura Flat Ground Gray FRN C10FPGY","slug":"zatvaraci-noz-spyderco-endura-flat-ground-gray-frn-c10fpgy"}],"_links":{"self":[{"href":"https:\/\/www.moskito.cz\/sk\/wp-json\/wp\/v2\/product\/261790","targetHints":{"allow":["GET"]}}],"collection":[{"href":"https:\/\/www.moskito.cz\/sk\/wp-json\/wp\/v2\/product"}],"about":[{"href":"https:\/\/www.moskito.cz\/sk\/wp-json\/wp\/v2\/types\/product"}],"replies":[{"embeddable":true,"href":"https:\/\/www.moskito.cz\/sk\/wp-json\/wp\/v2\/comments?post=261790"}],"wp:featuredmedia":[{"embeddable":true,"href":"https:\/\/www.moskito.cz\/sk\/wp-json\/wp\/v2\/media\/261779"}],"wp:attachment":[{"href":"https:\/\/www.moskito.cz\/sk\/wp-json\/wp\/v2\/media?parent=261790"}],"wp:term":[{"taxonomy":"pwb-brand","embeddable":true,"href":"https:\/\/www.moskito.cz\/sk\/wp-json\/wp\/v2\/pwb-brand?post=261790"},{"taxonomy":"product_brand","embeddable":true,"href":"https:\/\/www.moskito.cz\/sk\/wp-json\/wp\/v2\/product_brand?post=261790"},{"taxonomy":"product_cat","embeddable":true,"href":"https:\/\/www.moskito.cz\/sk\/wp-json\/wp\/v2\/product_cat?post=261790"},{"taxonomy":"product_tag","embeddable":true,"href":"https:\/\/www.moskito.cz\/sk\/wp-json\/wp\/v2\/product_tag?post=261790"}],"curies":[{"name":"wp","href":"https:\/\/api.w.org\/{rel}","templated":true}]}}