{"id":261807,"date":"2023-12-17T19:16:09","date_gmt":"2023-12-17T18:16:09","guid":{"rendered":"https:\/\/www.moskito.cz\/produkt\/zatvaraci-noz-spyderco-bug-micro-size-non-locking-c133p\/"},"modified":"2023-12-17T19:16:09","modified_gmt":"2023-12-17T18:16:09","slug":"zatvaraci-noz-spyderco-bug-micro-size-non-locking-c133p","status":"publish","type":"product","link":"https:\/\/www.moskito.cz\/sk\/produkt\/zatvaraci-noz-spyderco-bug-micro-size-non-locking-c133p\/","title":{"rendered":"Zatv\u00e1rac\u00ed N\u00f4\u017e Spyderco Bug Micro-Size (non-locking) C133P"},"content":{"rendered":"<p>Zatv\u00e1rac\u00ed N\u00f4\u017e Spyderco Bug Micro-Size (non-locking) C133P<\/p>\n<p>Aerodynamicky by \u010dmeliak nemal by\u0165 schopn\u00fd lieta\u0165, ale niekto to v\u010dele zabudol poveda\u0165. Let \u010dmeliaka vzdoruje pr\u00edrode aj o\u010dak\u00e1vaniam, \u017ee nie\u010do tak\u00e9 mal\u00e9 m\u00f4\u017ee vykona\u0165 tak\u00fd ve\u013ekolep\u00fd man\u00e9ver. Rovnako ako \u010dmeliaky sa Spyderco Bugs predv\u00e1dza ne\u010dakane. Spyderco za\u010dalo pon\u00faka\u0165 SLIPITS, \u010do s\u00fa no\u017ee s klzn\u00fdm k\u013abom bez aret\u00e1cie. Nemaj\u00fa \u017eiadny uzamykac\u00ed mechanizmus, ktor\u00fd dr\u017e\u00ed \u010depe\u013e otvoren\u00fa, namiesto toho spoliehaj\u00fa na odoln\u00fd tlak v oblasti \u010dapu, ke\u010f je \u010depe\u013e vysunut\u00e1 a pou\u017e\u00edvan\u00e1. Chyby s\u00fa s\u00fa\u010das\u0165ou skupiny SLIPIT.<\/p>\n<p>Ploch\u00e1 \u010depe\u013e je z nerezovej ocele 3Cr13MoV, ktor\u00e1 je k dispoz\u00edcii s PlainEdge. Rukov\u00e4\u0165 Bug&#8217;s pon\u00faka rovn\u00fd povrch pre mal\u00e9 mno\u017estvo grav\u00edrovania alebo zdobenia a je mo\u017en\u00e9 ju upravi\u0165 pre pou\u017eitie ako \u0161perk alebo dar\u010dekov\u00fd predmet. Na konci rukov\u00e4te je otvor pre \u0161n\u00farku dostato\u010dne ve\u013ek\u00fd na prevle\u010denie retiazky a nosenie na krku alebo navle\u010denie na k\u013e\u00fa\u010denku. Bug je najmen\u0161ia zlo\u017eka v rade Spyderco.<\/p>\n<p>\u0160pecifik\u00e1cia:<br \/>\nCelkov\u00e1 d\u013a\u017eka: 7.3 cm<br \/>\nD\u013a\u017eka v zatvorenom stave: 4.1 cm<br \/>\nD\u013a\u017eka \u010depele: 3.3 cm<br \/>\nOce\u013e \u010depele: 3Cr13MoV<br \/>\nHmotnos\u0165: 0,4 oz. (12 g)<br \/>\nMateri\u00e1l rukov\u00e4te: Nerezov\u00e1 oce\u013e<\/p>\n","protected":false},"excerpt":{"rendered":"<p>Spyderco za\u010dalo pon\u00faka\u0165 SLIPITS, \u010do s\u00fa no\u017ee s klzn\u00fdm k\u013abom bez aret\u00e1cie. Nemaj\u00fa \u017eiadny uzamykac\u00ed mechanizmus, ktor\u00fd dr\u017e\u00ed \u010depe\u013e otvoren\u00fa, namiesto toho spoliehaj\u00fa na odoln\u00fd tlak v oblasti \u010dapu, ke\u010f je \u010depe\u013e vysunut\u00e1 a pou\u017e\u00edvan\u00e1.<\/p>\n","protected":false},"featured_media":261796,"comment_status":"open","ping_status":"closed","template":"","meta":[],"pwb-brand":[3261],"product_brand":[],"product_cat":[3233,3186],"product_tag":[3668],"class_list":{"0":"post-261807","1":"product","2":"type-product","3":"status-publish","4":"has-post-thumbnail","6":"pwb-brand-zatvaraci-noz-spyderco-endura-flat-ground-gray-frn-c10fpgy","7":"product_cat-zatvaracie-noze","8":"product_cat-noze-sk","9":"product_tag-b2b-sk","11":"first","12":"instock","13":"taxable","14":"shipping-taxable","15":"purchasable","16":"product-type-simple"},"brands":[{"id":3261,"name":"Zatv\u00e1rac\u00ed N\u00f4\u017e Spyderco Endura Flat Ground Gray FRN C10FPGY","slug":"zatvaraci-noz-spyderco-endura-flat-ground-gray-frn-c10fpgy"}],"_links":{"self":[{"href":"https:\/\/www.moskito.cz\/sk\/wp-json\/wp\/v2\/product\/261807","targetHints":{"allow":["GET"]}}],"collection":[{"href":"https:\/\/www.moskito.cz\/sk\/wp-json\/wp\/v2\/product"}],"about":[{"href":"https:\/\/www.moskito.cz\/sk\/wp-json\/wp\/v2\/types\/product"}],"replies":[{"embeddable":true,"href":"https:\/\/www.moskito.cz\/sk\/wp-json\/wp\/v2\/comments?post=261807"}],"wp:featuredmedia":[{"embeddable":true,"href":"https:\/\/www.moskito.cz\/sk\/wp-json\/wp\/v2\/media\/261796"}],"wp:attachment":[{"href":"https:\/\/www.moskito.cz\/sk\/wp-json\/wp\/v2\/media?parent=261807"}],"wp:term":[{"taxonomy":"pwb-brand","embeddable":true,"href":"https:\/\/www.moskito.cz\/sk\/wp-json\/wp\/v2\/pwb-brand?post=261807"},{"taxonomy":"product_brand","embeddable":true,"href":"https:\/\/www.moskito.cz\/sk\/wp-json\/wp\/v2\/product_brand?post=261807"},{"taxonomy":"product_cat","embeddable":true,"href":"https:\/\/www.moskito.cz\/sk\/wp-json\/wp\/v2\/product_cat?post=261807"},{"taxonomy":"product_tag","embeddable":true,"href":"https:\/\/www.moskito.cz\/sk\/wp-json\/wp\/v2\/product_tag?post=261807"}],"curies":[{"name":"wp","href":"https:\/\/api.w.org\/{rel}","templated":true}]}}