{"id":261837,"date":"2023-12-17T20:22:15","date_gmt":"2023-12-17T19:22:15","guid":{"rendered":"https:\/\/www.moskito.cz\/produkt\/zatvaraci-noz-spyderco-honeybee-micro-size-non-locking-c137p\/"},"modified":"2023-12-17T20:22:15","modified_gmt":"2023-12-17T19:22:15","slug":"zatvaraci-noz-spyderco-honeybee-micro-size-non-locking-c137p","status":"publish","type":"product","link":"https:\/\/www.moskito.cz\/sk\/produkt\/zatvaraci-noz-spyderco-honeybee-micro-size-non-locking-c137p\/","title":{"rendered":"Zatv\u00e1rac\u00ed N\u00f4\u017e Spyderco HoneyBee Micro-Size (non-locking) C137P"},"content":{"rendered":"<p>Zatv\u00e1rac\u00ed N\u00f4\u017e Spyderco HoneyBee Micro-Size (non-locking) C137P<\/p>\n<p>Ide o mal\u00fd n\u00f4\u017e s \u010depe\u013eou 4.1 cm. Minul\u00fd rok Spyderco za\u010dalo pon\u00faka\u0165 SLIPITS, \u010do s\u00fa no\u017ee s klzn\u00fdm k\u013abom bez aret\u00e1cie. Nemaj\u00fa \u017eiadny zais\u0165ovac\u00ed mechanizmus udr\u017euj\u00faci \u010depe\u013e otvoren\u00fa, namiesto toho spoliehaj\u00fa na odoln\u00fd tlak v oblasti \u010dapu ke\u010f je \u010depe\u013e vysunut\u00e1 a je pou\u017e\u00edvan\u00e1. V\u010dely s\u00fa s\u00fa\u010das\u0165ou skupiny SLIPIT.<\/p>\n<p>Ploch\u00e1 \u010depe\u013e je z nerezovej ocele 3Cr13MoV, ktor\u00e1 je k dispoz\u00edcii s PlainEdge. Rukov\u00e4\u0165 Honeybee pon\u00faka rovn\u00fd povrch pre mal\u00e9 mno\u017estvo grav\u00edrovania alebo zdobenia a je mo\u017en\u00e9 ju upravi\u0165 pre pou\u017eitie ako \u0161perk alebo dar\u010dekov\u00fd predmet. Na konci rukov\u00e4te je otvor pre \u0161n\u00farku dostato\u010dne ve\u013ek\u00fd na prevle\u010denie retiazky a nosenie na krku alebo navle\u010denie na k\u013e\u00fa\u010denku.<\/p>\n<p>Popis Spyderco:<br \/>\nAerodynamicky \u010dmeliaky by nemali by\u0165 schopn\u00ed lieta\u0165. \u0160koda, \u017ee to niekto zabudol v\u010del\u00e1m poveda\u0165.<\/p>\n<p>Tento n\u00f4\u017e popiera ako prirodzenos\u0165, tak o\u010dak\u00e1vania, \u017ee nie\u010do tak\u00e9 mal\u00e9 rob\u00ed tak ve\u013ek\u00fd man\u00e9ver. Rovnako ako \u010dmeliaky, Spyderco Bugs a HoneyBees predv\u00e1dzaj\u00fa ne\u010dakan\u00e9. Na\u0161e najmen\u0161ie \u0161an\u00f3ny v mal\u00fdch SLIPIToch obsahuj\u00fa \u0161tip\u013eav\u00fa rezn\u00fa silu.<\/p>\n<p>Odporov\u00fd tlak v oblasti \u010dapu no\u017ea dr\u017e\u00ed \u010depe\u013e otvoren\u00fa a vysunut\u00fa pri rezan\u00ed. Rukov\u00e4te s\u00fa ploch\u00e9 s mal\u00fdm nerezov\u00fdm povrchom pripraven\u00fdm na grav\u00edrovanie, zdobenie alebo prisp\u00f4sobenie ako \u0161perk alebo dar\u010dek. Dierka pre \u0161n\u00farku na rukov\u00e4ti pojme retiazku na krk alebo k\u013e\u00fa\u010denku.<\/p>\n<p>\u0160pecifik\u00e1cia:<br \/>\nCelkov\u00e1 d\u013a\u017eka: 9.2 cm<br \/>\nD\u013a\u017eka v zatvorenom stave: 5.2 cm<br \/>\nD\u013a\u017eka \u010depele: 4,1 cm<br \/>\nOce\u013e \u010depele: 3Cr13<br \/>\nHmotnos\u0165: 0,56 oz. (16 g)<br \/>\nMateri\u00e1l rukov\u00e4te: Nerezov\u00e1 oce\u013e<\/p>\n","protected":false},"excerpt":{"rendered":"<p>Ide o mal\u00fd n\u00f4\u017e s \u010depe\u013eou 4.1 cm.<\/p>\n","protected":false},"featured_media":261829,"comment_status":"open","ping_status":"closed","template":"","meta":[],"pwb-brand":[3261],"product_brand":[],"product_cat":[3233,3186],"product_tag":[3668],"class_list":{"0":"post-261837","1":"product","2":"type-product","3":"status-publish","4":"has-post-thumbnail","6":"pwb-brand-zatvaraci-noz-spyderco-endura-flat-ground-gray-frn-c10fpgy","7":"product_cat-zatvaracie-noze","8":"product_cat-noze-sk","9":"product_tag-b2b-sk","11":"first","12":"outofstock","13":"taxable","14":"shipping-taxable","15":"purchasable","16":"product-type-simple"},"brands":[{"id":3261,"name":"Zatv\u00e1rac\u00ed N\u00f4\u017e Spyderco Endura Flat Ground Gray FRN C10FPGY","slug":"zatvaraci-noz-spyderco-endura-flat-ground-gray-frn-c10fpgy"}],"_links":{"self":[{"href":"https:\/\/www.moskito.cz\/sk\/wp-json\/wp\/v2\/product\/261837","targetHints":{"allow":["GET"]}}],"collection":[{"href":"https:\/\/www.moskito.cz\/sk\/wp-json\/wp\/v2\/product"}],"about":[{"href":"https:\/\/www.moskito.cz\/sk\/wp-json\/wp\/v2\/types\/product"}],"replies":[{"embeddable":true,"href":"https:\/\/www.moskito.cz\/sk\/wp-json\/wp\/v2\/comments?post=261837"}],"wp:featuredmedia":[{"embeddable":true,"href":"https:\/\/www.moskito.cz\/sk\/wp-json\/wp\/v2\/media\/261829"}],"wp:attachment":[{"href":"https:\/\/www.moskito.cz\/sk\/wp-json\/wp\/v2\/media?parent=261837"}],"wp:term":[{"taxonomy":"pwb-brand","embeddable":true,"href":"https:\/\/www.moskito.cz\/sk\/wp-json\/wp\/v2\/pwb-brand?post=261837"},{"taxonomy":"product_brand","embeddable":true,"href":"https:\/\/www.moskito.cz\/sk\/wp-json\/wp\/v2\/product_brand?post=261837"},{"taxonomy":"product_cat","embeddable":true,"href":"https:\/\/www.moskito.cz\/sk\/wp-json\/wp\/v2\/product_cat?post=261837"},{"taxonomy":"product_tag","embeddable":true,"href":"https:\/\/www.moskito.cz\/sk\/wp-json\/wp\/v2\/product_tag?post=261837"}],"curies":[{"name":"wp","href":"https:\/\/api.w.org\/{rel}","templated":true}]}}