{"id":261852,"date":"2023-12-17T20:43:40","date_gmt":"2023-12-17T19:43:40","guid":{"rendered":"https:\/\/www.moskito.cz\/produkt\/zatvaraci-noz-spyderco-honeybee-micro-size-non-locking-c137bkp\/"},"modified":"2025-05-07T10:54:53","modified_gmt":"2025-05-07T09:54:53","slug":"zatvaraci-noz-spyderco-honeybee-micro-size-non-locking-c137bkp","status":"publish","type":"product","link":"https:\/\/www.moskito.cz\/sk\/produkt\/zatvaraci-noz-spyderco-honeybee-micro-size-non-locking-c137bkp\/","title":{"rendered":"Zatv\u00e1rac\u00ed N\u00f4\u017e Spyderco HoneyBee Micro-Size (non-locking) C137BKP"},"content":{"rendered":"<p>Zatv\u00e1rac\u00ed N\u00f4\u017e Spyderco HoneyBee Micro-Size (non-locking) C137BKP<\/p>\n<p>Mikro\u0161mykov\u00e1 Spyderca s\u00fa plne funk\u010dn\u00e9 rezn\u00e9 n\u00e1stroje dostato\u010dne mal\u00e9, aby sa zmestili na k\u013e\u00fa\u010denku. Ich okr\u00fahle otvory s ochrannou zn\u00e1mkou ich hrdo identifikuj\u00fa ako no\u017ee Spyderco a pon\u00fakaj\u00fa pohodln\u00e9 otv\u00e1ranie bez nechtov. Tieto pozoruhodn\u00e9 no\u017ee, starostlivo vyroben\u00e9 z nerezovej ocele, s\u00fa teraz k dispoz\u00edcii v kr\u00e1snom celo\u010diernom preveden\u00ed. \u010cepele aj rukov\u00e4te maj\u00fa odoln\u00fa povrchov\u00fa \u00fapravu z \u010dierneho oxidu, ktor\u00e1 zv\u00fdraz\u0148uje ich bezprobl\u00e9mov\u00fa funk\u010dnos\u0165 a umo\u017e\u0148uje im e\u0161te lep\u0161ie zapadn\u00fa\u0165 do va\u0161ej k\u013e\u00fa\u010denky.<\/p>\n<p>\u0160pecifik\u00e1cia:<br \/>\nD\u013a\u017eka \u010depele: 4.2 cm<br \/>\nD\u013a\u017eka v zatvorenom stave: 5.2 cm<br \/>\nCelkov\u00e1 d\u013a\u017eka: 9.4 cm<br \/>\nMateri\u00e1l \u010depele: Nerezov\u00e1 oce\u013e 3Cr13<br \/>\nHr\u00fabka \u010depele: 0,16 cm<br \/>\n\u0160t\u00fdl \u010depele: Drop Point<br \/>\nBr\u00fasenie \u010depele: Plne ploch\u00e9<br \/>\nPovrchov\u00e1 \u00faprava \u010depele: Black Oxide Coated<br \/>\nMateri\u00e1l rukov\u00e4te: Nerezov\u00e1 oce\u013e potiahnut\u00e1 \u010diernym oxidom<br \/>\nUzamykac\u00ed mechanizmus: Klzn\u00fd k\u013ab<br \/>\nVreckov\u00fd klip: \u017diadny<br \/>\nHmotnos\u0165: 0,6 oz. (17 g)<\/p>\n","protected":false},"excerpt":{"rendered":"<p>Mikro\u0161mykov\u00e1 Spyderca s\u00fa plne funk\u010dn\u00e9 rezn\u00e9 n\u00e1stroje dostato\u010dne mal\u00e9, aby sa zmestili na k\u013e\u00fa\u010denku.<\/p>\n","protected":false},"featured_media":261841,"comment_status":"open","ping_status":"closed","template":"","meta":[],"pwb-brand":[3261],"product_brand":[],"product_cat":[3233,3186],"product_tag":[3668],"class_list":{"0":"post-261852","1":"product","2":"type-product","3":"status-publish","4":"has-post-thumbnail","6":"pwb-brand-zatvaraci-noz-spyderco-endura-flat-ground-gray-frn-c10fpgy","7":"product_cat-zatvaracie-noze","8":"product_cat-noze-sk","9":"product_tag-b2b-sk","11":"first","12":"instock","13":"taxable","14":"shipping-taxable","15":"purchasable","16":"product-type-simple"},"brands":[{"id":3261,"name":"Zatv\u00e1rac\u00ed N\u00f4\u017e Spyderco Endura Flat Ground Gray FRN C10FPGY","slug":"zatvaraci-noz-spyderco-endura-flat-ground-gray-frn-c10fpgy"}],"_links":{"self":[{"href":"https:\/\/www.moskito.cz\/sk\/wp-json\/wp\/v2\/product\/261852","targetHints":{"allow":["GET"]}}],"collection":[{"href":"https:\/\/www.moskito.cz\/sk\/wp-json\/wp\/v2\/product"}],"about":[{"href":"https:\/\/www.moskito.cz\/sk\/wp-json\/wp\/v2\/types\/product"}],"replies":[{"embeddable":true,"href":"https:\/\/www.moskito.cz\/sk\/wp-json\/wp\/v2\/comments?post=261852"}],"wp:featuredmedia":[{"embeddable":true,"href":"https:\/\/www.moskito.cz\/sk\/wp-json\/wp\/v2\/media\/261841"}],"wp:attachment":[{"href":"https:\/\/www.moskito.cz\/sk\/wp-json\/wp\/v2\/media?parent=261852"}],"wp:term":[{"taxonomy":"pwb-brand","embeddable":true,"href":"https:\/\/www.moskito.cz\/sk\/wp-json\/wp\/v2\/pwb-brand?post=261852"},{"taxonomy":"product_brand","embeddable":true,"href":"https:\/\/www.moskito.cz\/sk\/wp-json\/wp\/v2\/product_brand?post=261852"},{"taxonomy":"product_cat","embeddable":true,"href":"https:\/\/www.moskito.cz\/sk\/wp-json\/wp\/v2\/product_cat?post=261852"},{"taxonomy":"product_tag","embeddable":true,"href":"https:\/\/www.moskito.cz\/sk\/wp-json\/wp\/v2\/product_tag?post=261852"}],"curies":[{"name":"wp","href":"https:\/\/api.w.org\/{rel}","templated":true}]}}