{"id":261925,"date":"2023-12-20T19:41:46","date_gmt":"2023-12-20T18:41:46","guid":{"rendered":"https:\/\/www.moskito.cz\/produkt\/zatvaraci-noz-rockstead-shin-dlc-japanese\/"},"modified":"2025-12-15T15:53:31","modified_gmt":"2025-12-15T14:53:31","slug":"zatvaraci-noz-rockstead-shin-dlc-japanese","status":"publish","type":"product","link":"https:\/\/www.moskito.cz\/sk\/produkt\/zatvaraci-noz-rockstead-shin-dlc-japanese\/","title":{"rendered":"Skladac\u00ed n\u00f4\u017e Rockstead SHIN-DLC japonsk\u00fd"},"content":{"rendered":"<p>Skladac\u00ed n\u00f4\u017e <strong>Rockstead<\/strong> SHIN-DLC japonsk\u00fd<\/p>\n<p><strong>No\u017ee Rockstead<\/strong> s\u00fa pod\u013ea n\u00e1\u0161ho n\u00e1zoru jedny z najlep\u0161\u00edch no\u017eov na trhu. V\u010faka d\u00f4kladn\u00e9mu remeseln\u00e9mu spracovaniu a jedine\u010dn\u00e9mu dizajnu spolo\u010dnosti Rockstead stoj\u00ed tento \u010diasto\u010dne z\u00e1kazn\u00edcky komponent za vy\u0161\u0161iu cenu. SHIN je v\u00e4\u010d\u0161ia verzia modelu Rockstead KOU. Je vybaven\u00fd 3,5&#8243; le\u0161tenou \u010depe\u013eou YXR7 DLC a hlin\u00edkov\u00fdmi rukov\u00e4\u0165ami s vlo\u017ekami z raja. Otv\u00e1ranie je hladk\u00e9 s pevn\u00fdm z\u00e1mkom, ktor\u00fd bezpe\u010dne dr\u017e\u00ed \u010depe\u013e na mieste. Neuverite\u013en\u00fd zrkadlov\u00fd povrch sa dosahuje tepeln\u00fdm spracovan\u00edm \u010depele a postupn\u00fdm ru\u010dn\u00fdm br\u00fasen\u00edm br\u00fasnym papierom so zrnitos\u0165ou 400, 600, 800, 1200 a 2000. Tento proces je ve\u013emi n\u00e1ro\u010dn\u00fd a zd\u013ahav\u00fd, preto\u017ee ak sa po\u010das neho objavia ak\u00e9ko\u013evek \u0161krabance, \u010depe\u013e sa mus\u00ed vr\u00e1ti\u0165 na opravu do predch\u00e1dzaj\u00faceho kroku. sa \u010depe\u013e vyle\u0161t\u00ed, aby sa dosiahla kone\u010dn\u00e1 povrchov\u00e1 \u00faprava. \u013dudia zo spolo\u010dnosti Rockstead zvl\u00e1dli tento proces tak, \u017ee no\u017ee maj\u00fa kr\u00e1snu povrchov\u00fa \u00fapravu a ostr\u00e9 ostrie ako \u017eiadne in\u00e9. Ka\u017ed\u00fd n\u00f4\u017e je individu\u00e1lne o\u010d\u00edslovan\u00fd a obsahuje certifik\u00e1t pravosti.<\/p>\n<p>&nbsp;<\/p>\n<p>Technick\u00e9 \u00fadaje:<br \/>\nD\u013a\u017eka \u010depele: 8,75 cm<br \/>\nD\u013a\u017eka v zatvorenom stave: 12,17 cm<br \/>\nCelkov\u00e1 d\u013a\u017eka: 20.62 cm<br \/>\nMateri\u00e1l \u010depele: uhl\u00edkov\u00e1 oce\u013e YXR7<br \/>\nTvrdos\u0165 \u010depele: 65 HRC (pribli\u017ene)<br \/>\n\u0160t\u00fdl \u010depele: Drop Point<br \/>\nBr\u00fasenie \u010depele: Konvexn\u00e9<br \/>\nPovrchov\u00e1 \u00faprava \u010depele: DLC (Diamond Like Coating), \u010dierna le\u0161ten\u00e1<br \/>\nHr\u00fabka rukov\u00e4te:<br \/>\n Materi\u00e1l rukov\u00e4te: Tvrd\u00fd eloxovan\u00fd hlin\u00edk A6063 s vlo\u017ekami Stingray<br \/>\nUzamykac\u00ed mechanizmus: Liner Lock<br \/>\nVreckov\u00fd klip: Skladac\u00ed, na nosenie vpravo<br \/>\nHmotnos\u0165: 5,3 oz.<br \/>\nVyroben\u00e9 v Japonsku<\/p>\n","protected":false},"excerpt":{"rendered":"<p><strong>No\u017ee Rockstead s\u00fa pod\u013ea n\u00e1\u0161ho n\u00e1zoru jedny z najlep\u0161\u00edch no\u017eov na trhu. V\u010faka d\u00f4kladn\u00e9mu remeseln\u00e9mu spracovaniu a jedine\u010dn\u00e9mu dizajnu spolo\u010dnosti Rockstead stoj\u00ed tento polozak\u00e1zkov\u00fd prie\u010dinok za vy\u0161\u0161iu cenu. <\/strong><\/p>\n<p><strong>Doprava zadarmo.<\/strong><\/p>\n","protected":false},"featured_media":261914,"comment_status":"open","ping_status":"closed","template":"","meta":[],"pwb-brand":[4073],"product_brand":[],"product_cat":[3233,3186],"product_tag":[],"class_list":{"0":"post-261925","1":"product","2":"type-product","3":"status-publish","4":"has-post-thumbnail","6":"pwb-brand-rockstead-sk","7":"product_cat-zatvaracie-noze","8":"product_cat-noze-sk","10":"first","11":"outofstock","12":"sale","13":"taxable","14":"shipping-taxable","15":"purchasable","16":"product-type-simple"},"brands":[{"id":4073,"name":"Rockstead","slug":"rockstead-sk"}],"_links":{"self":[{"href":"https:\/\/www.moskito.cz\/sk\/wp-json\/wp\/v2\/product\/261925","targetHints":{"allow":["GET"]}}],"collection":[{"href":"https:\/\/www.moskito.cz\/sk\/wp-json\/wp\/v2\/product"}],"about":[{"href":"https:\/\/www.moskito.cz\/sk\/wp-json\/wp\/v2\/types\/product"}],"replies":[{"embeddable":true,"href":"https:\/\/www.moskito.cz\/sk\/wp-json\/wp\/v2\/comments?post=261925"}],"wp:featuredmedia":[{"embeddable":true,"href":"https:\/\/www.moskito.cz\/sk\/wp-json\/wp\/v2\/media\/261914"}],"wp:attachment":[{"href":"https:\/\/www.moskito.cz\/sk\/wp-json\/wp\/v2\/media?parent=261925"}],"wp:term":[{"taxonomy":"pwb-brand","embeddable":true,"href":"https:\/\/www.moskito.cz\/sk\/wp-json\/wp\/v2\/pwb-brand?post=261925"},{"taxonomy":"product_brand","embeddable":true,"href":"https:\/\/www.moskito.cz\/sk\/wp-json\/wp\/v2\/product_brand?post=261925"},{"taxonomy":"product_cat","embeddable":true,"href":"https:\/\/www.moskito.cz\/sk\/wp-json\/wp\/v2\/product_cat?post=261925"},{"taxonomy":"product_tag","embeddable":true,"href":"https:\/\/www.moskito.cz\/sk\/wp-json\/wp\/v2\/product_tag?post=261925"}],"curies":[{"name":"wp","href":"https:\/\/api.w.org\/{rel}","templated":true}]}}