{"id":261961,"date":"2023-12-20T20:38:35","date_gmt":"2023-12-20T19:38:35","guid":{"rendered":"https:\/\/www.moskito.cz\/produkt\/zatvaraci-noz-rockstead-higo-ii-ti-dlc-s-japanese\/"},"modified":"2025-05-07T10:54:54","modified_gmt":"2025-05-07T09:54:54","slug":"zatvaraci-noz-rockstead-higo-ii-ti-dlc-s-japanese","status":"publish","type":"product","link":"https:\/\/www.moskito.cz\/sk\/produkt\/zatvaraci-noz-rockstead-higo-ii-ti-dlc-s-japanese\/","title":{"rendered":"Zatv\u00e1rac\u00ed N\u00f4\u017e Rockstead HIGO II TI-DLC (S) Japanese"},"content":{"rendered":"<p>Zatv\u00e1rac\u00ed N\u00f4\u017e Rockstead HIGO II TI-DLC (S) Japanese<\/p>\n<p>Rockstead Knives s\u00fa pod\u013ea n\u00e1\u0161ho n\u00e1zoru jedny z najlep\u0161\u00edch no\u017eov dostupn\u00fdch na trhu. V\u010faka starostliv\u00e9mu remeseln\u00e9mu spracovaniu a jedine\u010dn\u00fdm dizajnom Rockstead stoj\u00ed t\u00e1to poloz\u00e1kazkov\u00e1 n\u00f4\u017e za pr\u00e9miov\u00fa cenu. Zlo\u017eka HIGO II sa vyzna\u010duje drobn\u00fdmi zmenami v dizajne HIGO JH, hlavne tieto kr\u00e1sne fr\u00e9zovan\u00e9 tit\u00e1nov\u00e9 \u0161upiny. \u010cepe\u013e je st\u00e1le 3,5&#8243; z uhl\u00edkovej ocele YXR7 s \u010diernou zrkadlovou \u00fapravou DLC a najlep\u0161\u00edm ostr\u00edm v obore. Tento n\u00f4\u017e m\u00e1 uhol ostrie 30 \u00b0 bl\u00edzko polovice a 24 \u00b0 bl\u00edzko hornej \u010dasti s jedn\u00fdm s\u00favisl\u00fdm, postupne sa zmen\u0161uj\u00facim uhlom ich spojen\u00edm. Tento zmen\u0161uje sa uhol \u010depele je v\u00fdsledkom neust\u00e1leho \u00fasilia spolo\u010dnosti Rockstead o vynikaj\u00facu ostros\u0165.Otv\u00e1ranie je plynul\u00e9 s pevn\u00fdm tit\u00e1nov\u00fdm z\u00e1mkom, ktor\u00fd \u010depe\u013e bezpe\u010dne dr\u017e\u00ed na mieste. 1 200 a 2 000 zrnitosti.To je ve\u013emi intenz\u00edvne a \u010dasovo n\u00e1ro\u010dn\u00e9, preto\u017ee ak by sa po\u010das tohto procesu objavili nejak\u00e9 \u0161krabance, je nutn\u00e9 \u010depe\u013e posla\u0165 sp\u00e4\u0165 do predch\u00e1dzaj\u00faceho kroku na opravu. \u013dudia z Rockstead tento proces zvl\u00e1dli, aby dali no\u017eu kr\u00e1sny povrch a ostr\u00e9 ostrie ako \u017eiadny in\u00fd.HIGO II TI-ZDP sa dod\u00e1va s pravou rukou, vykl\u00e1pacia vreckov\u00e1 spona a ka\u017ed\u00fd n\u00f4\u017e je individu\u00e1lne o\u010d\u00edslovan\u00fd a obsahuje certifik\u00e1t pravosti.<\/p>\n<p>&nbsp;<\/p>\n<p>\u0160pecifik\u00e1cia:<br \/>\nD\u013a\u017eka \u010depele: 8.9 cm<br \/>\nD\u013a\u017eka v zatvorenom stave: 12.1 cm<br \/>\nCelkov\u00e1 d\u013a\u017eka: 21 cm<br \/>\nHr\u00fabka \u010depele: 0,32 cm<br \/>\nMateri\u00e1l \u010depele: YXR7 Steel<br \/>\nTvrdos\u0165 \u010depele: 64 HRC (pribli\u017ene)<br \/>\n\u0160t\u00fdl \u010depele: Drop Point<br \/>\nBr\u00fasenie \u010depele: Konvexn\u00e9<br \/>\nPovrchov\u00e1 \u00faprava \u010depele: DLC (Diamond Like Coating), Black Polished<br \/>\nHr\u00fabka rukov\u00e4te: 0,59&#8243;<br \/>\nMateri\u00e1l rukov\u00e4te: Tit\u00e1n, leskl\u00fd (le\u0161ten\u00fd) DLC<br \/>\nUzamykac\u00ed mechanizmus: Frame Lock<br \/>\nVreckov\u00fd klip: Vykl\u00e1pacie, prav\u00e9 nosenie<br \/>\nHmotnos\u0165: 4,9 oz. (138 g)<br \/>\nVyroben\u00e9 v Japonsku<\/p>\n","protected":false},"excerpt":{"rendered":"<p>Rockstead Knives s\u00fa pod\u013ea n\u00e1\u0161ho n\u00e1zoru jedny z najlep\u0161\u00edch no\u017eov dostupn\u00fdch na trhu. V\u010faka starostliv\u00e9mu remeseln\u00e9mu spracovaniu a jedine\u010dn\u00fdm dizajnom Rockstead stoj\u00ed t\u00e1to poloz\u00e1kazkov\u00e1 n\u00f4\u017e za pr\u00e9miov\u00fa cenu.<\/p>\n","protected":false},"featured_media":261950,"comment_status":"open","ping_status":"closed","template":"","meta":[],"pwb-brand":[],"product_brand":[],"product_cat":[3186,3233],"product_tag":[],"class_list":{"0":"post-261961","1":"product","2":"type-product","3":"status-publish","4":"has-post-thumbnail","6":"product_cat-noze-sk","7":"product_cat-zatvaracie-noze","9":"first","10":"instock","11":"taxable","12":"shipping-taxable","13":"purchasable","14":"product-type-simple"},"brands":[],"_links":{"self":[{"href":"https:\/\/www.moskito.cz\/sk\/wp-json\/wp\/v2\/product\/261961","targetHints":{"allow":["GET"]}}],"collection":[{"href":"https:\/\/www.moskito.cz\/sk\/wp-json\/wp\/v2\/product"}],"about":[{"href":"https:\/\/www.moskito.cz\/sk\/wp-json\/wp\/v2\/types\/product"}],"replies":[{"embeddable":true,"href":"https:\/\/www.moskito.cz\/sk\/wp-json\/wp\/v2\/comments?post=261961"}],"wp:featuredmedia":[{"embeddable":true,"href":"https:\/\/www.moskito.cz\/sk\/wp-json\/wp\/v2\/media\/261950"}],"wp:attachment":[{"href":"https:\/\/www.moskito.cz\/sk\/wp-json\/wp\/v2\/media?parent=261961"}],"wp:term":[{"taxonomy":"pwb-brand","embeddable":true,"href":"https:\/\/www.moskito.cz\/sk\/wp-json\/wp\/v2\/pwb-brand?post=261961"},{"taxonomy":"product_brand","embeddable":true,"href":"https:\/\/www.moskito.cz\/sk\/wp-json\/wp\/v2\/product_brand?post=261961"},{"taxonomy":"product_cat","embeddable":true,"href":"https:\/\/www.moskito.cz\/sk\/wp-json\/wp\/v2\/product_cat?post=261961"},{"taxonomy":"product_tag","embeddable":true,"href":"https:\/\/www.moskito.cz\/sk\/wp-json\/wp\/v2\/product_tag?post=261961"}],"curies":[{"name":"wp","href":"https:\/\/api.w.org\/{rel}","templated":true}]}}