{"id":261993,"date":"2023-12-21T20:59:00","date_gmt":"2023-12-21T19:59:00","guid":{"rendered":"https:\/\/www.moskito.cz\/produkt\/zatvaraci-noz-rockstead-japanese-sai-t-zdp-dp\/"},"modified":"2025-05-07T10:54:55","modified_gmt":"2025-05-07T09:54:55","slug":"zatvaraci-noz-rockstead-japanese-sai-t-zdp-dp","status":"publish","type":"product","link":"https:\/\/www.moskito.cz\/sk\/produkt\/zatvaraci-noz-rockstead-japanese-sai-t-zdp-dp\/","title":{"rendered":"Zatv\u00e1rac\u00ed N\u00f4\u017e Rockstead Japanese SAI-T-ZDP-DP"},"content":{"rendered":"<p>Zatv\u00e1rac\u00ed N\u00f4\u017e Rockstead Japanese SAI-T-ZDP-DP<\/p>\n<p>Rockstead Knives s\u00fa pod\u013ea n\u00e1\u0161ho n\u00e1zoru jedny z najlep\u0161\u00edch no\u017eov dostupn\u00fdch na trhu. V\u010faka starostliv\u00e9mu remeseln\u00e9mu spracovaniu a jedine\u010dn\u00fdm dizajnom Rockstead stoj\u00ed t\u00e1to poloz\u00e1kazkov\u00e1 n\u00f4\u017e za pr\u00e9miov\u00fa cenu. Sklada\u010dka SAI-T-ZDP m\u00e1 ZDP-189, \u010depe\u013e so zrkadlovou \u00fapravou a tit\u00e1nov\u00e9 rukov\u00e4te potiahnut\u00e9 &#8222;DLC Prism&#8220; (DLCP). Proces po\u0165ahovania DLC Prism je rovnak\u00fd ako po\u0165ahovanie DLC s nieko\u013ek\u00fdmi mal\u00fdmi rozdielmi. R\u00fara je vyhrievan\u00e1 na 400 stup\u0148ov Celzia, \u010d\u00edm je dosiahnut\u00e1 povrchov\u00e1 tvrdos\u0165 bl\u00edzka diamantu. Hr\u00fabka povlaku je 0,3 mikr\u00f3nu a pou\u017e\u00edva sa na potiahnutie tit\u00e1nov\u00fdch rukov\u00e4t\u00ed. Tento model m\u00e1 \u010depe\u013e Tanto \u201eHonzukuri\u201c, \u010do znamen\u00e1, \u017ee obe strany \u010depele maj\u00fa konvexn\u00e9 br\u00fasenie. Toto bolo vytvoren\u00e9 s oh\u013eadom na japonsk\u00fd me\u010d, \u010do mu d\u00e1va ve\u013emi siln\u00fa \u010depe\u013e a ostrie. Otv\u00e1ranie je plynul\u00e9 s pevn\u00fdm z\u00e1mkom, ktor\u00fd \u010depe\u013e bezpe\u010dne dr\u017e\u00ed na mieste. Neuverite\u013en\u00e9ho zrkadlov\u00e9ho povrchu je dosiahnut\u00e9 tepeln\u00fdm spracovan\u00edm ostria a postupn\u00e9 ru\u010dn\u00e9 br\u00fasenie cez mokrosuch\u00fd br\u00fasny papier zrnitosti 400, 600, 800, 1 200 a 2 000. To je ve\u013emi intenz\u00edvne a zd\u013ahav\u00e9, preto\u017ee ak by po\u010das tohto procesu do\u0161lo k nejak\u00e9mu, posla\u0165 sp\u00e4\u0165 na predch\u00e1dzaj\u00faci krok pre dolakovanie. Hne\u010f ako je toto dokon\u010den\u00e9, bude \u010depe\u013e obr\u00fasen\u00e1 na fin\u00e1lnu \u00fapravu. \u013dudia z Rockstead tento proces zvl\u00e1dli, aby no\u017emi z\u00edskali kr\u00e1sny povrch a ostr\u00fa hranu ako \u017eiadny in\u00fd. SAI-T-ZDP je dod\u00e1van\u00fd s \u010diernym ko\u017een\u00fdm puzdrom na opasok s otvorom na ulo\u017eenie prilo\u017een\u00e9ho k\u013e\u00fa\u010da v \u0161t\u00fdle torx. Ka\u017ed\u00fd n\u00f4\u017e je individu\u00e1lne o\u010d\u00edslovan\u00fd a obsahuje certifik\u00e1t pravosti.<\/p>\n<p>\u0160pecifik\u00e1cia:<br \/>\nD\u013a\u017eka \u010depele: 7.81 cm<br \/>\nCelkov\u00e1 d\u013a\u017eka: 18.75 cm<br \/>\nHr\u00fabka \u010depele: 0.32 cm<br \/>\nMateri\u00e1l \u010depele: ZDP-189<br \/>\nTvrdos\u0165 \u010depele: 67 HRC (pribli\u017ene)<br \/>\n\u0160t\u00fdl \u010depele: Tanto<br \/>\nBr\u00fasenie \u010depele: &#8222;Honzukuri&#8220; konvexn\u00e9<br \/>\nPovrchov\u00e1 \u00faprava \u010depele: Zrkadlo<br \/>\nMateri\u00e1l rukov\u00e4te: Tit\u00e1n s povlakom DLC Prism (DLCP).<br \/>\nUzamykac\u00ed mechanizmus: Liner Lock<br \/>\nVreckov\u00fd klip: Bez vreckov\u00e9ho klipu<br \/>\nPo\u0161va: \u010cierne ko\u017een\u00e9 vrecko na opasok<br \/>\nHmotnos\u0165: 5,4 oz.<br \/>\nVyroben\u00e9 v Japonsku<\/p>\n","protected":false},"excerpt":{"rendered":"<p>Rockstead Knives s\u00fa pod\u013ea n\u00e1\u0161ho n\u00e1zoru jedny z najlep\u0161\u00edch no\u017eov dostupn\u00fdch na trhu. V\u010faka starostliv\u00e9mu remeseln\u00e9mu spracovaniu a jedine\u010dn\u00fdm dizajnom Rockstead stoj\u00ed t\u00e1to poloz\u00e1kazkov\u00e1 n\u00f4\u017e za pr\u00e9miov\u00fa cenu.<\/p>\n","protected":false},"featured_media":261972,"comment_status":"open","ping_status":"closed","template":"","meta":[],"pwb-brand":[],"product_brand":[],"product_cat":[3186,3233],"product_tag":[],"class_list":{"0":"post-261993","1":"product","2":"type-product","3":"status-publish","4":"has-post-thumbnail","6":"product_cat-noze-sk","7":"product_cat-zatvaracie-noze","9":"first","10":"instock","11":"taxable","12":"shipping-taxable","13":"purchasable","14":"product-type-simple"},"brands":[],"_links":{"self":[{"href":"https:\/\/www.moskito.cz\/sk\/wp-json\/wp\/v2\/product\/261993","targetHints":{"allow":["GET"]}}],"collection":[{"href":"https:\/\/www.moskito.cz\/sk\/wp-json\/wp\/v2\/product"}],"about":[{"href":"https:\/\/www.moskito.cz\/sk\/wp-json\/wp\/v2\/types\/product"}],"replies":[{"embeddable":true,"href":"https:\/\/www.moskito.cz\/sk\/wp-json\/wp\/v2\/comments?post=261993"}],"wp:featuredmedia":[{"embeddable":true,"href":"https:\/\/www.moskito.cz\/sk\/wp-json\/wp\/v2\/media\/261972"}],"wp:attachment":[{"href":"https:\/\/www.moskito.cz\/sk\/wp-json\/wp\/v2\/media?parent=261993"}],"wp:term":[{"taxonomy":"pwb-brand","embeddable":true,"href":"https:\/\/www.moskito.cz\/sk\/wp-json\/wp\/v2\/pwb-brand?post=261993"},{"taxonomy":"product_brand","embeddable":true,"href":"https:\/\/www.moskito.cz\/sk\/wp-json\/wp\/v2\/product_brand?post=261993"},{"taxonomy":"product_cat","embeddable":true,"href":"https:\/\/www.moskito.cz\/sk\/wp-json\/wp\/v2\/product_cat?post=261993"},{"taxonomy":"product_tag","embeddable":true,"href":"https:\/\/www.moskito.cz\/sk\/wp-json\/wp\/v2\/product_tag?post=261993"}],"curies":[{"name":"wp","href":"https:\/\/api.w.org\/{rel}","templated":true}]}}