{"id":262093,"date":"2024-01-01T15:53:26","date_gmt":"2024-01-01T14:53:26","guid":{"rendered":"https:\/\/www.moskito.cz\/produkt\/zatvaraci-noz-spyderco-squeak-non-locking-c154ppn\/"},"modified":"2025-05-07T10:54:56","modified_gmt":"2025-05-07T09:54:56","slug":"zatvaraci-noz-spyderco-squeak-non-locking-c154ppn","status":"publish","type":"product","link":"https:\/\/www.moskito.cz\/sk\/produkt\/zatvaraci-noz-spyderco-squeak-non-locking-c154ppn\/","title":{"rendered":"Zatv\u00e1rac\u00ed N\u00f4\u017e Spyderco Squeak (non-locking) C154PPN"},"content":{"rendered":"<p>Zatv\u00e1rac\u00ed N\u00f4\u017e <strong>Spyderco<\/strong> Squeak (non-locking) C154PPN<\/p>\n<p>Squeak SLIPIT, vyr\u00e1ban\u00fd v Maniagu, je <strong>Spyderco<\/strong> n\u00f4\u017e bez poistky, ktor\u00fd sa otv\u00e1ra jednou rukou a naz\u00fdva sa SLIPIT. Je navrhnut\u00fd pre leg\u00e1lne obmedzen\u00e9 pren\u00e1\u0161anie v lokalit\u00e1ch, kde je zamykanie no\u017eov zak\u00e1zan\u00e9.<\/p>\n<p>\u010cepe\u013e je celoplo\u0161ne br\u00fasen\u00e1 a vyroben\u00e1 z rak\u00faskej ocele Bohler-Uddeholm N690Co. N690C0 je oce\u013e s vysok\u00fdm obsahom uhl\u00edka s pridan\u00fdm kobaltom pre rovnomernos\u0165 \u0161trukt\u00fary, \u010do m\u00e1 za n\u00e1sledok lep\u0161iu retenciu ostria a schopnos\u0165 ostrenia. Texturovan\u00e9 p\u00e1skovanie je obroben\u00e9 z chrbta \u010depele a \u010depele pre zv\u00fd\u0161en\u00fa odolnos\u0165 proti sklzu.<\/p>\n<p>\u010cepe\u013e Squeaku je pri rezan\u00ed dr\u017ean\u00e1 v otvorenej polohe pomocou vrubov\u00e9ho k\u013abu na \u010dape no\u017ea. Pri zatv\u00e1ran\u00ed \u010depele z\u00e1rez generuje odpor funk\u010dne podobn\u00fd tradi\u010dn\u00e9mu klzn\u00e9mu vreckov\u00e9mu no\u017eu a pln\u00ed \u010fal\u0161iu funkciu vyhladzovania pohybu otv\u00e1rania \u010depele. Zv\u00fd\u0161enie kontroly a pohodlia N\u00e1vrh\u00e1ri Spyderco prid\u00e1vaj\u00fa hlbok\u00e9 chvenie prstov, prirodzene pos\u00favaj\u00fa ukazov\u00e1k do polohy na spodnej strane \u010depele priamo pod palcom. Umiestnenie ukazov\u00e1ka v tomto choil blokuje \u010depe\u013e pred n\u00e1hodn\u00fdm zatvoren\u00edm pri rezan\u00ed a poskytuje polohu uchopenia, ktor\u00e1 u\u017e\u00edvate\u013eovi umo\u017e\u0148uje \u0161krtenie bli\u017e\u0161ie k ostrie pre v\u00e4\u010d\u0161iu obratnos\u0165.<\/p>\n<p>Rukov\u00e4\u0165 je FRN (nylon vystu\u017een\u00fd sklen\u00fdmi vl\u00e1knami) a navrhnut\u00e1 pre pohodlie u\u017e\u00edvate\u013ea, \u010di u\u017e v ruke, s ergonomickou text\u00farou rukov\u00e4te, alebo vo vrecku s obojstrannou v\u00fdklopnou dr\u00f4tenou sponou do hlbok\u00e9ho vrecka.<\/p>\n<p><strong>Spyderco<\/strong> je ve\u013emi hrd\u00e9 na to, \u017ee podporuje Guardians of the Ribbon\/Pink Heals Tour a programy Cares Enough to Wear Pink darovan\u00edm \u010dasti predaja na\u0161ich no\u017eov s ru\u017eovou rukov\u00e4\u0165ou. T\u00e1to \u00fa\u017easn\u00e1 charitat\u00edvna organiz\u00e1cia zalo\u017een\u00e1 v roku 2007 b\u00fdval\u00fdm hasi\u010dom Davom Graybillom sa zameriava na poskytovanie priamej starostlivosti \u017een\u00e1m, ktor\u00e9 bojuj\u00fa so v\u0161etk\u00fdmi formami rakoviny. Hnutie Pink Heals, najlep\u0161ie zn\u00e1me pre svoju flotilu ru\u017eov\u00fdch hasi\u010dsk\u00fdch vozidiel a policajn\u00fdch vozidiel, cestuje po USA a nav\u0161tevuje \u017eeny a detsk\u00fdch pacientov s rakovinou, ur\u010duje ich najkritickej\u0161ie potreby a koordinuje miestne zdroje, aby tieto potreby naplnili. Pink Heals tie\u017e z\u00edskava podporu slu\u017eieb zalo\u017een\u00fdch na daniach a komunitn\u00fdch vodcov, aby zaistili trval\u00fa podporu \u017eien bojuj\u00facich s rakovinou t\u00fdm, \u017ee dary zost\u00e1vaj\u00fa miestnej komunite, v ktorej vznikla. A \u010do je najd\u00f4le\u017eitej\u0161ie, Pink Heals pou\u017eije 100% v\u0161etk\u00fdch darov, ktor\u00e9 dostane. priamu starostlivos\u0165 o \u017eeny, ktor\u00fdm sl\u00fa\u017eia, a poskytuje okam\u017eit\u00fa a hmatate\u013en\u00fa podporu t\u00fdm, ktor\u00e9 to najviac potrebuj\u00fa. V\u0161etky prev\u00e1dzkov\u00e9 n\u00e1klady charity s\u00fa hraden\u00e9 predajom ru\u017eov\u00fdch ko\u0161ie\u013e s logom ich organiz\u00e1cie. Tieto ko\u0161ele s\u00fa tie\u017e z\u00e1kladom kampane \u201eCares Enough to Wear Pink\u201c \u2013 n\u00e1rodnej kampane, ktorej cie\u013eom je zv\u00fd\u0161i\u0165 zameranie na \u017eeny ako na jeden z najcennej\u0161\u00edch zdrojov na svete.<\/p>\n<p>Spyderco je pocten\u00e9, \u017ee m\u00f4\u017ee podpori\u0165 Guardians of the Ribbon\/Pink Heals Tour a \u017eeny, ktor\u00fdm sl\u00fa\u017eia. \u010cas\u0165 v\u00fd\u0165a\u017eku z ka\u017ed\u00e9ho predaja bude venovan\u00e1 na v\u00fdskum rakoviny prsn\u00edka na turn\u00e9 Guardians of the Ribbon\/Pink Heals Tour. Ak sa chcete dozvedie\u0165 viac o jeho mimoriadnych programoch a ako m\u00f4\u017eete pom\u00f4c\u0165 podpori\u0165 ich \u00fasilie, nav\u0161t\u00edvte pros\u00edm www.pinkfiretrucks.org.<\/p>\n<p>\u0160pecifik\u00e1cia:<br \/>\nD\u013a\u017eka \u010depele: 5.1 cm<br \/>\nHr\u00fabka \u010depele: 0.3 cm<br \/>\nCelkov\u00e1 d\u013a\u017eka: 12.8 cm<br \/>\nD\u013a\u017eka v zatvorenom stave: 7.9 cm<br \/>\nOce\u013e \u010depele: N690Co<br \/>\nHmotnos\u0165: 1,6 oz. (46 g)<br \/>\nMateri\u00e1l rukov\u00e4te: ru\u017eov\u00e1 FRN<br \/>\nVyroben\u00e9 v Taliansku<\/p>\n","protected":false},"excerpt":{"rendered":"<p><strong>Squeak SLIPIT, vyr\u00e1ban\u00fd v Maniagu, n\u00f4\u017e bez poistky, ktor\u00fd sa otv\u00e1ra jednou rukou a naz\u00fdva sa SLIPIT.<\/strong><\/p>\n","protected":false},"featured_media":262082,"comment_status":"open","ping_status":"closed","template":"","meta":[],"pwb-brand":[3261],"product_brand":[],"product_cat":[3186,3233],"product_tag":[3668],"class_list":{"0":"post-262093","1":"product","2":"type-product","3":"status-publish","4":"has-post-thumbnail","6":"pwb-brand-zatvaraci-noz-spyderco-endura-flat-ground-gray-frn-c10fpgy","7":"product_cat-noze-sk","8":"product_cat-zatvaracie-noze","9":"product_tag-b2b-sk","11":"first","12":"outofstock","13":"taxable","14":"shipping-taxable","15":"purchasable","16":"product-type-simple"},"brands":[{"id":3261,"name":"Zatv\u00e1rac\u00ed N\u00f4\u017e Spyderco Endura Flat Ground Gray FRN C10FPGY","slug":"zatvaraci-noz-spyderco-endura-flat-ground-gray-frn-c10fpgy"}],"_links":{"self":[{"href":"https:\/\/www.moskito.cz\/sk\/wp-json\/wp\/v2\/product\/262093","targetHints":{"allow":["GET"]}}],"collection":[{"href":"https:\/\/www.moskito.cz\/sk\/wp-json\/wp\/v2\/product"}],"about":[{"href":"https:\/\/www.moskito.cz\/sk\/wp-json\/wp\/v2\/types\/product"}],"replies":[{"embeddable":true,"href":"https:\/\/www.moskito.cz\/sk\/wp-json\/wp\/v2\/comments?post=262093"}],"wp:featuredmedia":[{"embeddable":true,"href":"https:\/\/www.moskito.cz\/sk\/wp-json\/wp\/v2\/media\/262082"}],"wp:attachment":[{"href":"https:\/\/www.moskito.cz\/sk\/wp-json\/wp\/v2\/media?parent=262093"}],"wp:term":[{"taxonomy":"pwb-brand","embeddable":true,"href":"https:\/\/www.moskito.cz\/sk\/wp-json\/wp\/v2\/pwb-brand?post=262093"},{"taxonomy":"product_brand","embeddable":true,"href":"https:\/\/www.moskito.cz\/sk\/wp-json\/wp\/v2\/product_brand?post=262093"},{"taxonomy":"product_cat","embeddable":true,"href":"https:\/\/www.moskito.cz\/sk\/wp-json\/wp\/v2\/product_cat?post=262093"},{"taxonomy":"product_tag","embeddable":true,"href":"https:\/\/www.moskito.cz\/sk\/wp-json\/wp\/v2\/product_tag?post=262093"}],"curies":[{"name":"wp","href":"https:\/\/api.w.org\/{rel}","templated":true}]}}