{"id":262147,"date":"2024-01-01T16:55:36","date_gmt":"2024-01-01T15:55:36","guid":{"rendered":"https:\/\/www.moskito.cz\/produkt\/zatvaraci-noz-spyderco-ambitious-c148gp\/"},"modified":"2025-05-07T10:55:01","modified_gmt":"2025-05-07T09:55:01","slug":"zatvaraci-noz-spyderco-ambitious-c148gp","status":"publish","type":"product","link":"https:\/\/www.moskito.cz\/sk\/produkt\/zatvaraci-noz-spyderco-ambitious-c148gp\/","title":{"rendered":"Zatv\u00e1rac\u00ed N\u00f4\u017e Spyderco Ambitious C148GP"},"content":{"rendered":"<p>Zatv\u00e1rac\u00ed N\u00f4\u017e Spyderco Ambitious C148GP<\/p>\n<p>H\u00fa\u017eevnatos\u0165, vytrvalos\u0165, odolnos\u0165 a ambici\u00f3znos\u0165 s\u00fa vlastnosti, o ktor\u00e9 sa usilujeme, ke\u010f \u010del\u00edme v\u00fdzvam. Tieto vlastnosti s\u00fa v Spydercu cten\u00e9 a preto sme po nich pomenovali n\u00e1\u0161 rad hodnotov\u00fdch no\u017eov. Na\u0161im cie\u013eom je pon\u00faka\u0165 cenovo dostupn\u00e9 zlo\u017eky s p\u00e4\u0165hviezdi\u010dkov\u00fdmi funkciami: rukov\u00e4te G-10, z\u00e1mky Walker LinerLocks, lemovanie, lemovan\u00e9 otvory pre \u0161n\u00farky a skeletonizovan\u00e9 vn\u00fatorn\u00e9 vlo\u017eky po celej d\u013a\u017eke. Vlastnosti-for-feature, dol\u00e1r-za-dol\u00e1r, v\u00fdkon-za-v\u00fdkon, Spyderco Value Folders predstavuj\u00fa najlep\u0161\u00ed n\u00e1kup v odvetv\u00ed no\u017eov.<\/p>\n<p>C148 Ambici\u00f3zny<br \/>\nAmbitious je mal\u00fd \u0165ah\u00fa\u0148 o ve\u013ekosti dlane, ktor\u00fd pon\u00faka ve\u013ek\u00fd v\u00fdkon v kompaktnom balen\u00ed.<\/p>\n<p>Vlastnosti:<br \/>\n\u0160tvorcestn\u00e1 spona pres\u00fdpac\u00edch hod\u00edn: Tip hore\/dole, \u013eav\u00e1\/prav\u00e1 ruka<br \/>\nSkrutkov\u00e1 kon\u0161trukcia<br \/>\nPodlo\u017eky z fosforov\u00e9ho bronzu<br \/>\nSkeletizovan\u00e9 oce\u013eov\u00e9 vlo\u017eky<br \/>\nZv\u00e4\u010d\u0161en\u00fd otv\u00e1rac\u00ed otvor<br \/>\nPo\u0161kodzovanie chrbtice a vlo\u017eky<br \/>\nPloch\u00e1 \u010depe\u013e<\/p>\n<p>\u0160pecifik\u00e1cia:<br \/>\nD\u013a\u017eka \u010depele: 5.7 cm<br \/>\nD\u013a\u017eka v zatvorenom stave: 9.1 cm<br \/>\nCelkov\u00e1 d\u013a\u017eka: 14.8 cm<br \/>\nOce\u013e: Nerezov\u00e1 oce\u013e 8cr13MoV<br \/>\nHmotnos\u0165: 3,3 oz. (93 g)<br \/>\nTyp okraja: Hladk\u00fd<\/p>\n","protected":false},"excerpt":{"rendered":"<p>H\u00fa\u017eevnatos\u0165, vytrvalos\u0165, odolnos\u0165 a ambici\u00f3znos\u0165 s\u00fa vlastnosti, o ktor\u00e9 sa usilujeme, ke\u010f \u010del\u00edme v\u00fdzvam. Tieto vlastnosti s\u00fa v Spydercu cten\u00e9 a preto sme po nich pomenovali n\u00e1\u0161 rad hodnotov\u00fdch no\u017eov.<\/p>\n","protected":false},"featured_media":262133,"comment_status":"open","ping_status":"closed","template":"","meta":[],"pwb-brand":[3261],"product_brand":[],"product_cat":[3186,3233],"product_tag":[3668],"class_list":{"0":"post-262147","1":"product","2":"type-product","3":"status-publish","4":"has-post-thumbnail","6":"pwb-brand-zatvaraci-noz-spyderco-endura-flat-ground-gray-frn-c10fpgy","7":"product_cat-noze-sk","8":"product_cat-zatvaracie-noze","9":"product_tag-b2b-sk","11":"first","12":"outofstock","13":"taxable","14":"shipping-taxable","15":"purchasable","16":"product-type-simple"},"brands":[{"id":3261,"name":"Zatv\u00e1rac\u00ed N\u00f4\u017e Spyderco Endura Flat Ground Gray FRN C10FPGY","slug":"zatvaraci-noz-spyderco-endura-flat-ground-gray-frn-c10fpgy"}],"_links":{"self":[{"href":"https:\/\/www.moskito.cz\/sk\/wp-json\/wp\/v2\/product\/262147","targetHints":{"allow":["GET"]}}],"collection":[{"href":"https:\/\/www.moskito.cz\/sk\/wp-json\/wp\/v2\/product"}],"about":[{"href":"https:\/\/www.moskito.cz\/sk\/wp-json\/wp\/v2\/types\/product"}],"replies":[{"embeddable":true,"href":"https:\/\/www.moskito.cz\/sk\/wp-json\/wp\/v2\/comments?post=262147"}],"wp:featuredmedia":[{"embeddable":true,"href":"https:\/\/www.moskito.cz\/sk\/wp-json\/wp\/v2\/media\/262133"}],"wp:attachment":[{"href":"https:\/\/www.moskito.cz\/sk\/wp-json\/wp\/v2\/media?parent=262147"}],"wp:term":[{"taxonomy":"pwb-brand","embeddable":true,"href":"https:\/\/www.moskito.cz\/sk\/wp-json\/wp\/v2\/pwb-brand?post=262147"},{"taxonomy":"product_brand","embeddable":true,"href":"https:\/\/www.moskito.cz\/sk\/wp-json\/wp\/v2\/product_brand?post=262147"},{"taxonomy":"product_cat","embeddable":true,"href":"https:\/\/www.moskito.cz\/sk\/wp-json\/wp\/v2\/product_cat?post=262147"},{"taxonomy":"product_tag","embeddable":true,"href":"https:\/\/www.moskito.cz\/sk\/wp-json\/wp\/v2\/product_tag?post=262147"}],"curies":[{"name":"wp","href":"https:\/\/api.w.org\/{rel}","templated":true}]}}