{"id":262228,"date":"2024-01-03T23:28:23","date_gmt":"2024-01-03T22:28:23","guid":{"rendered":"https:\/\/www.moskito.cz\/produkt\/bruska-spyderco-ceramic-bench-stone-medium-302m\/"},"modified":"2025-05-07T10:55:02","modified_gmt":"2025-05-07T09:55:02","slug":"bruska-spyderco-ceramic-bench-stone-medium-302m","status":"publish","type":"product","link":"https:\/\/www.moskito.cz\/sk\/produkt\/bruska-spyderco-ceramic-bench-stone-medium-302m\/","title":{"rendered":"Br\u00faska Spyderco Ceramic Bench Stone Medium 302M"},"content":{"rendered":"<p>Br\u00faska Spyderco Ceramic Bench Stone Medium 302M<\/p>\n<p>Preto\u017ee s\u00fa stolov\u00e9 kamene Spyderco ploch\u00e9 a \u0161irok\u00e9, s\u00fa vysoko \u00fa\u010dinn\u00e9 na br\u00fasenie \u0161irok\u00fdch n\u00e1strojov, ako s\u00fa hobl\u00edky, dl\u00e1ta, ve\u013ek\u00e9 \u010depele, drevoobr\u00e1bacie zariadenia, dokonca aj hrany ly\u017e\u00ed.<\/p>\n<p>K dispoz\u00edcii v preveden\u00ed Medium (na obr\u00e1zku), Fine alebo Ultrafine, ka\u017ed\u00fd kame\u0148 je balen\u00fd v pevnom polym\u00e9rovom \u00falo\u017enom puzdre s proti\u0161mykov\u00fdmi gumov\u00fdmi no\u017ei\u010dkami pre pou\u017eitie na stole. Rovnako ako u v\u0161etk\u00fdch keramick\u00fdch kame\u0148ov Spyderco, pou\u017e\u00edvajte na\u0161e lavi\u010dky nasucho bez maz\u00edv a olejov.<\/p>\n<p>\u010cistenie: umyte \u010distou vodou a vydrhnite kovov\u00e9 \u010dastice z kame\u0148ov pomocou plastovej dr\u00f4tenky a abraz\u00edvneho \u010distiaceho prostriedku.<\/p>\n<p>Rozmer: 20,4 x 5,1 cm<\/p>\n","protected":false},"excerpt":{"rendered":"<p>Preto\u017ee s\u00fa stolov\u00e9 kamene Spyderco ploch\u00e9 a \u0161irok\u00e9, s\u00fa vysoko \u00fa\u010dinn\u00e9 na br\u00fasenie \u0161irok\u00fdch n\u00e1strojov, ako s\u00fa hobl\u00edky, dl\u00e1ta, ve\u013ek\u00e9 \u010depele, drevoobr\u00e1bacie zariadenia, dokonca aj hrany ly\u017e\u00ed.<\/p>\n","protected":false},"featured_media":262226,"comment_status":"open","ping_status":"closed","template":"","meta":[],"pwb-brand":[3261],"product_brand":[],"product_cat":[3205],"product_tag":[3668],"class_list":{"0":"post-262228","1":"product","2":"type-product","3":"status-publish","4":"has-post-thumbnail","6":"pwb-brand-zatvaraci-noz-spyderco-endura-flat-ground-gray-frn-c10fpgy","7":"product_cat-brusky-a-ocielky","8":"product_tag-b2b-sk","10":"first","11":"outofstock","12":"taxable","13":"shipping-taxable","14":"purchasable","15":"product-type-simple"},"brands":[{"id":3261,"name":"Zatv\u00e1rac\u00ed N\u00f4\u017e Spyderco Endura Flat Ground Gray FRN C10FPGY","slug":"zatvaraci-noz-spyderco-endura-flat-ground-gray-frn-c10fpgy"}],"_links":{"self":[{"href":"https:\/\/www.moskito.cz\/sk\/wp-json\/wp\/v2\/product\/262228","targetHints":{"allow":["GET"]}}],"collection":[{"href":"https:\/\/www.moskito.cz\/sk\/wp-json\/wp\/v2\/product"}],"about":[{"href":"https:\/\/www.moskito.cz\/sk\/wp-json\/wp\/v2\/types\/product"}],"replies":[{"embeddable":true,"href":"https:\/\/www.moskito.cz\/sk\/wp-json\/wp\/v2\/comments?post=262228"}],"wp:featuredmedia":[{"embeddable":true,"href":"https:\/\/www.moskito.cz\/sk\/wp-json\/wp\/v2\/media\/262226"}],"wp:attachment":[{"href":"https:\/\/www.moskito.cz\/sk\/wp-json\/wp\/v2\/media?parent=262228"}],"wp:term":[{"taxonomy":"pwb-brand","embeddable":true,"href":"https:\/\/www.moskito.cz\/sk\/wp-json\/wp\/v2\/pwb-brand?post=262228"},{"taxonomy":"product_brand","embeddable":true,"href":"https:\/\/www.moskito.cz\/sk\/wp-json\/wp\/v2\/product_brand?post=262228"},{"taxonomy":"product_cat","embeddable":true,"href":"https:\/\/www.moskito.cz\/sk\/wp-json\/wp\/v2\/product_cat?post=262228"},{"taxonomy":"product_tag","embeddable":true,"href":"https:\/\/www.moskito.cz\/sk\/wp-json\/wp\/v2\/product_tag?post=262228"}],"curies":[{"name":"wp","href":"https:\/\/api.w.org\/{rel}","templated":true}]}}