{"id":262237,"date":"2024-01-03T23:43:03","date_gmt":"2024-01-03T22:43:03","guid":{"rendered":"https:\/\/www.moskito.cz\/produkt\/bruska-spyderco-cbn-cubic-boron-nitride-306cbn\/"},"modified":"2025-05-07T10:55:03","modified_gmt":"2025-05-07T09:55:03","slug":"bruska-spyderco-cbn-cubic-boron-nitride-306cbn","status":"publish","type":"product","link":"https:\/\/www.moskito.cz\/sk\/produkt\/bruska-spyderco-cbn-cubic-boron-nitride-306cbn\/","title":{"rendered":"Br\u00faska Spyderco CBN Cubic Boron Nitride 306CBN"},"content":{"rendered":"<p>Br\u00faska Spyderco CBN Cubic Boron Nitride 306CBN<\/p>\n<p>Kubick\u00fd nitrid b\u00f3ru (CBN) je high-tech super abrazivo, ktor\u00e9 je v tvrdosti druh\u00e9 za diamantom. CBN pon\u00faka vy\u0161\u0161iu odolnos\u0165 proti oderu a tepeln\u00fa vodivos\u0165 ako konven\u010dn\u00e9 br\u00fasiv\u00e1, ako je karbid krem\u00edka a oxid hlinit\u00fd, a odstra\u0148uje oce\u013e r\u00fdchlo a efekt\u00edvne. Benchstone 3&#215;8 spolo\u010dnosti Spyderco kombinuje mnoho v\u00fdhod CBN s klasick\u00fdm form\u00e1tom ploch\u00e9ho kame\u0148a, ktor\u00fd prep\u013a\u0148a tradi\u010dn\u00e9 techniky ostrenia. \u0160irok\u00fd, dokonale ploch\u00fd z\u00e1rodok z uhl\u00edkovej ocele tohto kame\u0148a je potiahnut\u00fd r\u00fdchlo rezn\u00fdm 400 mesh CBN na jednej strane a jemnej\u0161\u00edm 800 mesh CBN na strane druhej. Tento kame\u0148 je ide\u00e1lny na nasadzovanie ostria na no\u017ee a je tie\u017e perfektnou vo\u013ebou na br\u00fasenie dreven\u00fdch dr\u00f4tov, hobl\u00edkov a podobn\u00fdch n\u00e1strojov a je dod\u00e1van\u00fd s vysoko kvalitn\u00fdm semi\u0161ov\u00fdm ochrann\u00fdm puzdrom.<\/p>\n<p>Rozmer: 7.5 x 20 cm<\/p>\n","protected":false},"excerpt":{"rendered":"<p>Kubick\u00fd nitrid b\u00f3ru (CBN) je high-tech super abrazivo, ktor\u00e9 je v tvrdosti druh\u00e9 za diamantom.<\/p>\n","protected":false},"featured_media":262232,"comment_status":"open","ping_status":"closed","template":"","meta":[],"pwb-brand":[3261],"product_brand":[],"product_cat":[3205],"product_tag":[3668],"class_list":{"0":"post-262237","1":"product","2":"type-product","3":"status-publish","4":"has-post-thumbnail","6":"pwb-brand-zatvaraci-noz-spyderco-endura-flat-ground-gray-frn-c10fpgy","7":"product_cat-brusky-a-ocielky","8":"product_tag-b2b-sk","10":"first","11":"instock","12":"taxable","13":"shipping-taxable","14":"purchasable","15":"product-type-simple"},"brands":[{"id":3261,"name":"Zatv\u00e1rac\u00ed N\u00f4\u017e Spyderco Endura Flat Ground Gray FRN C10FPGY","slug":"zatvaraci-noz-spyderco-endura-flat-ground-gray-frn-c10fpgy"}],"_links":{"self":[{"href":"https:\/\/www.moskito.cz\/sk\/wp-json\/wp\/v2\/product\/262237","targetHints":{"allow":["GET"]}}],"collection":[{"href":"https:\/\/www.moskito.cz\/sk\/wp-json\/wp\/v2\/product"}],"about":[{"href":"https:\/\/www.moskito.cz\/sk\/wp-json\/wp\/v2\/types\/product"}],"replies":[{"embeddable":true,"href":"https:\/\/www.moskito.cz\/sk\/wp-json\/wp\/v2\/comments?post=262237"}],"wp:featuredmedia":[{"embeddable":true,"href":"https:\/\/www.moskito.cz\/sk\/wp-json\/wp\/v2\/media\/262232"}],"wp:attachment":[{"href":"https:\/\/www.moskito.cz\/sk\/wp-json\/wp\/v2\/media?parent=262237"}],"wp:term":[{"taxonomy":"pwb-brand","embeddable":true,"href":"https:\/\/www.moskito.cz\/sk\/wp-json\/wp\/v2\/pwb-brand?post=262237"},{"taxonomy":"product_brand","embeddable":true,"href":"https:\/\/www.moskito.cz\/sk\/wp-json\/wp\/v2\/product_brand?post=262237"},{"taxonomy":"product_cat","embeddable":true,"href":"https:\/\/www.moskito.cz\/sk\/wp-json\/wp\/v2\/product_cat?post=262237"},{"taxonomy":"product_tag","embeddable":true,"href":"https:\/\/www.moskito.cz\/sk\/wp-json\/wp\/v2\/product_tag?post=262237"}],"curies":[{"name":"wp","href":"https:\/\/api.w.org\/{rel}","templated":true}]}}